{"id":4150,"date":"2026-02-09T12:42:17","date_gmt":"2026-02-09T12:42:17","guid":{"rendered":"https:\/\/kimyasalevi.com\/?post_type=product&#038;p=4150"},"modified":"2026-04-01T06:05:24","modified_gmt":"2026-04-01T06:05:24","slug":"026-behentrimonyum-klorur-behentrimonium-chloride-btac","status":"publish","type":"product","link":"https:\/\/kimyasalevi.com\/ar\/product\/026-behentrimonyum-klorur-behentrimonium-chloride-btac\/","title":{"rendered":"026 BEHENTRIMONYUM KLOR\u00dcR &#8211; BEHENTRIMONIUM CHLORIDE BTAC"},"content":{"rendered":"<p>Behentrimonium Chloride (BTAC), sa\u00e7 kremi, sa\u00e7 maskesi ve sa\u00e7 bak\u0131m \u00fcr\u00fcnlerinde kullan\u0131lan g\u00fc\u00e7l\u00fc bir sa\u00e7 yumu\u015fat\u0131c\u0131 ve antistatik ajand\u0131r. Sa\u00e7taki elektriklenmeyi ve dola\u015fmay\u0131 azalt\u0131r, sa\u00e7\u0131 yumu\u015fak, parlak ve kolay taran\u0131r hale getirir, \u00fcr\u00fcn\u00fcn dokusunu ve sa\u00e7 \u00fczerindeki yay\u0131l\u0131m\u0131n\u0131 iyile\u015ftirir ve a\u011f\u0131rl\u0131k hissi b\u0131rakmadan esneklik kazand\u0131r\u0131r. Genellikle %0,5 \u2013 %2 oran\u0131nda kullan\u0131l\u0131r; sa\u00e7 kremleri ve maskelerde ideal oran %1 \u2013 %1,5\u2019tir. Form\u00fclasyonda ya\u011f faz\u0131na eklenir ve tamamen \u00e7\u00f6z\u00fcnmesi i\u00e7in 70\u201375\u00b0C\u2019ye kadar \u0131s\u0131t\u0131l\u0131r, ard\u0131ndan s\u0131cak su faz\u0131 ile em\u00fclsiyon olu\u015fturulur. So\u011fuk eklemeye uygun de\u011fildir ve en iyi sonucu cetearyl alcohol gibi ya\u011f alkolleri ile birlikte verir.<\/p>\n","protected":false},"excerpt":{"rendered":"<p>&#8230;<\/p>\n","protected":false},"featured_media":4220,"comment_status":"closed","ping_status":"closed","template":"","meta":[],"etheme_brands":[],"product_brand":[],"product_cat":[259],"product_tag":[],"class_list":{"0":"post-4150","1":"product","2":"type-product","3":"status-publish","4":"has-post-thumbnail","6":"product_cat-ham-maddeler","8":"first","9":"instock","10":"taxable","11":"shipping-taxable","12":"purchasable","13":"product-type-variable"},"_links":{"self":[{"href":"https:\/\/kimyasalevi.com\/ar\/wp-json\/wp\/v2\/product\/4150","targetHints":{"allow":["GET"]}}],"collection":[{"href":"https:\/\/kimyasalevi.com\/ar\/wp-json\/wp\/v2\/product"}],"about":[{"href":"https:\/\/kimyasalevi.com\/ar\/wp-json\/wp\/v2\/types\/product"}],"replies":[{"embeddable":true,"href":"https:\/\/kimyasalevi.com\/ar\/wp-json\/wp\/v2\/comments?post=4150"}],"version-history":[{"count":3,"href":"https:\/\/kimyasalevi.com\/ar\/wp-json\/wp\/v2\/product\/4150\/revisions"}],"predecessor-version":[{"id":6933,"href":"https:\/\/kimyasalevi.com\/ar\/wp-json\/wp\/v2\/product\/4150\/revisions\/6933"}],"wp:featuredmedia":[{"embeddable":true,"href":"https:\/\/kimyasalevi.com\/ar\/wp-json\/wp\/v2\/media\/4220"}],"wp:attachment":[{"href":"https:\/\/kimyasalevi.com\/ar\/wp-json\/wp\/v2\/media?parent=4150"}],"wp:term":[{"taxonomy":"brand","embeddable":true,"href":"https:\/\/kimyasalevi.com\/ar\/wp-json\/wp\/v2\/etheme_brands?post=4150"},{"taxonomy":"product_brand","embeddable":true,"href":"https:\/\/kimyasalevi.com\/ar\/wp-json\/wp\/v2\/product_brand?post=4150"},{"taxonomy":"product_cat","embeddable":true,"href":"https:\/\/kimyasalevi.com\/ar\/wp-json\/wp\/v2\/product_cat?post=4150"},{"taxonomy":"product_tag","embeddable":true,"href":"https:\/\/kimyasalevi.com\/ar\/wp-json\/wp\/v2\/product_tag?post=4150"}],"curies":[{"name":"wp","href":"https:\/\/api.w.org\/{rel}","templated":true}]}}