{"id":4289,"date":"2026-02-10T05:35:17","date_gmt":"2026-02-10T05:35:17","guid":{"rendered":"https:\/\/kimyasalevi.com\/?post_type=product&#038;p=4289"},"modified":"2026-04-01T05:14:14","modified_gmt":"2026-04-01T05:14:14","slug":"028-parafin-yagi-likit-parafin-oil","status":"publish","type":"product","link":"https:\/\/kimyasalevi.com\/ar\/product\/028-parafin-yagi-likit-parafin-oil\/","title":{"rendered":"028 Parafin Ya\u011f\u0131 &#8211; Likit Parafin oil"},"content":{"rendered":"<p>S\u0131v\u0131 Parafin (Liquid Paraffin \u2013 Mineral Oil) kozmetikte nemlendirici ve yumu\u015fat\u0131c\u0131 (emollient) olarak krem, losyon ve v\u00fccut ya\u011flar\u0131nda kullan\u0131l\u0131r. Cildi nemlendirir, su kayb\u0131n\u0131 \u00f6nler, uygulama sonras\u0131 yumu\u015fak ve ipeksi bir his b\u0131rak\u0131r, \u00fcr\u00fcn\u00fcn dokusunu ve yay\u0131lmas\u0131n\u0131 iyile\u015ftirir. Tavsiye edilen oranlarda t\u00fcm cilt tipleri i\u00e7in g\u00fcvenlidir. Kullan\u0131m oran\u0131, \u00fcr\u00fcn tipine ve istenen nemlendirme seviyesine ba\u011fl\u0131 olarak genellikle %1 \u2013 %20 aras\u0131ndad\u0131r. Form\u00fclasyonda ya\u011f faz\u0131na eklenir, di\u011fer ya\u011flar ve esansiyel ya\u011flarla homojen hale getirildikten sonra su faz\u0131 ile birle\u015ftirilir. G\u00fcnl\u00fck kullan\u0131m i\u00e7in uygundur, cilt tahri\u015fine neden olmaz, \u00e7ocuk ve yeti\u015fkin \u00fcr\u00fcnlerinde kullan\u0131labilir ve \u00e7o\u011fu ya\u011f bazl\u0131 \u00fcr\u00fcn ile em\u00fclsiyonlarla uyumludur.<\/p>\n","protected":false},"excerpt":{"rendered":"<p>&#8230;<\/p>\n","protected":false},"featured_media":4344,"comment_status":"closed","ping_status":"closed","template":"","meta":[],"etheme_brands":[],"product_brand":[],"product_cat":[259],"product_tag":[],"class_list":{"0":"post-4289","1":"product","2":"type-product","3":"status-publish","4":"has-post-thumbnail","6":"product_cat-ham-maddeler","8":"first","9":"instock","10":"taxable","11":"shipping-taxable","12":"purchasable","13":"product-type-variable"},"_links":{"self":[{"href":"https:\/\/kimyasalevi.com\/ar\/wp-json\/wp\/v2\/product\/4289","targetHints":{"allow":["GET"]}}],"collection":[{"href":"https:\/\/kimyasalevi.com\/ar\/wp-json\/wp\/v2\/product"}],"about":[{"href":"https:\/\/kimyasalevi.com\/ar\/wp-json\/wp\/v2\/types\/product"}],"replies":[{"embeddable":true,"href":"https:\/\/kimyasalevi.com\/ar\/wp-json\/wp\/v2\/comments?post=4289"}],"version-history":[{"count":3,"href":"https:\/\/kimyasalevi.com\/ar\/wp-json\/wp\/v2\/product\/4289\/revisions"}],"predecessor-version":[{"id":7071,"href":"https:\/\/kimyasalevi.com\/ar\/wp-json\/wp\/v2\/product\/4289\/revisions\/7071"}],"wp:featuredmedia":[{"embeddable":true,"href":"https:\/\/kimyasalevi.com\/ar\/wp-json\/wp\/v2\/media\/4344"}],"wp:attachment":[{"href":"https:\/\/kimyasalevi.com\/ar\/wp-json\/wp\/v2\/media?parent=4289"}],"wp:term":[{"taxonomy":"brand","embeddable":true,"href":"https:\/\/kimyasalevi.com\/ar\/wp-json\/wp\/v2\/etheme_brands?post=4289"},{"taxonomy":"product_brand","embeddable":true,"href":"https:\/\/kimyasalevi.com\/ar\/wp-json\/wp\/v2\/product_brand?post=4289"},{"taxonomy":"product_cat","embeddable":true,"href":"https:\/\/kimyasalevi.com\/ar\/wp-json\/wp\/v2\/product_cat?post=4289"},{"taxonomy":"product_tag","embeddable":true,"href":"https:\/\/kimyasalevi.com\/ar\/wp-json\/wp\/v2\/product_tag?post=4289"}],"curies":[{"name":"wp","href":"https:\/\/api.w.org\/{rel}","templated":true}]}}