{"id":4317,"date":"2026-02-10T05:39:34","date_gmt":"2026-02-10T05:39:34","guid":{"rendered":"https:\/\/kimyasalevi.com\/?post_type=product&#038;p=4317"},"modified":"2026-04-03T05:19:54","modified_gmt":"2026-04-03T05:19:54","slug":"006-c12-15-alkil-benzoat-c12-15-alkyl-benzoate","status":"publish","type":"product","link":"https:\/\/kimyasalevi.com\/ar\/product\/006-c12-15-alkil-benzoat-c12-15-alkyl-benzoate\/","title":{"rendered":"006 C12-15 Alkil Benzoat &#8211; C12-15 Alkyl Benzoate"},"content":{"rendered":"<p>C12-15 Alkil Benzoat, kremler, losyonlar ve cilt bak\u0131m ya\u011flar\u2026<br \/>\nC12-15 Alkil Benzoat (C12-15 Alkyl Benzoate) kozmetikte kremler, losyonlar ve cilt bak\u0131m ya\u011flar\u0131nda kullan\u0131lan hafif bir emollient ve ya\u011f bazl\u0131 maddedir. \u00dcr\u00fcne p\u00fcr\u00fczs\u00fcz ve ya\u011fs\u0131z bir his kazand\u0131r\u0131r, cilt taraf\u0131ndan h\u0131zl\u0131 emilir, ya\u011f bazl\u0131 \u00fcr\u00fcnlerde a\u011f\u0131r ve yap\u0131\u015fkan his olu\u015fmas\u0131n\u0131 azalt\u0131r, \u00fcr\u00fcnlerin stabilitesini art\u0131r\u0131r ve ya\u011f faz\u0131 bile\u015fenlerini homojen hale getirir. Kullan\u0131m oran\u0131 genellikle %1 \u2013 %10 aras\u0131d\u0131r. Form\u00fclasyonda ya\u011f faz\u0131na eklenir, sert \u0131s\u0131 gerekmez ve di\u011fer ya\u011flarla kolayca \u00e7\u00f6z\u00fcl\u00fcr. T\u00fcm cilt tipleri i\u00e7in g\u00fcvenlidir ve \u00e7o\u011fu ya\u011f ile em\u00fclgat\u00f6rle uyumludur.<\/p>\n<p>&#8212;&#8212;&#8212;&#8212;&#8212;&#8212;&#8212;&#8212;&#8212;&#8212;&#8212;&#8212;&#8212;&#8212;&#8212;&#8212;&#8212;&#8212;&#8212;&#8212;&#8212;&#8212;&#8212;&#8212;&#8212;&#8212;&#8212;&#8212;&#8212;&#8212;&#8212;&#8212;&#8212;&#8212;&#8212;&#8212;&#8212;&#8212;&#8212;&#8212;&#8212;&#8212;&#8212;&#8212;&#8212;&#8212;&#8212;&#8212;&#8212;&#8212;&#8212;&#8212;&#8212;&#8212;&#8212;&#8212;&#8212;&#8212;&#8212;&#8212;&#8212;&#8212;&#8212;&#8212;&#8212;&#8212;&#8212;&#8212;&#8212;&#8212;&#8212;&#8212;&#8212;&#8212;&#8212;&#8212;&#8212;&#8212;&#8212;&#8212;&#8212;&#8212;&#8211;<\/p>\n<p>C12-15 Alkyl Benzoate is a light emollient used in creams, lotions, and skincare oils. It gives a smooth, non-greasy feel, absorbs quickly, reduces stickiness in oil-based products, and improves stability by blending oil-phase ingredients. Typical usage is 1% \u2013 10%. Added to the oil phase, it dissolves easily without strong heating. Safe for all skin types and compatible with most oils and emulsifiers.<\/p>\n","protected":false},"excerpt":{"rendered":"<p>&#8230;<\/p>\n","protected":false},"featured_media":4356,"comment_status":"closed","ping_status":"closed","template":"","meta":[],"etheme_brands":[],"product_brand":[],"product_cat":[259],"product_tag":[],"class_list":{"0":"post-4317","1":"product","2":"type-product","3":"status-publish","4":"has-post-thumbnail","6":"product_cat-ham-maddeler","8":"first","9":"instock","10":"taxable","11":"shipping-taxable","12":"purchasable","13":"product-type-variable"},"_links":{"self":[{"href":"https:\/\/kimyasalevi.com\/ar\/wp-json\/wp\/v2\/product\/4317","targetHints":{"allow":["GET"]}}],"collection":[{"href":"https:\/\/kimyasalevi.com\/ar\/wp-json\/wp\/v2\/product"}],"about":[{"href":"https:\/\/kimyasalevi.com\/ar\/wp-json\/wp\/v2\/types\/product"}],"replies":[{"embeddable":true,"href":"https:\/\/kimyasalevi.com\/ar\/wp-json\/wp\/v2\/comments?post=4317"}],"version-history":[{"count":6,"href":"https:\/\/kimyasalevi.com\/ar\/wp-json\/wp\/v2\/product\/4317\/revisions"}],"predecessor-version":[{"id":7918,"href":"https:\/\/kimyasalevi.com\/ar\/wp-json\/wp\/v2\/product\/4317\/revisions\/7918"}],"wp:featuredmedia":[{"embeddable":true,"href":"https:\/\/kimyasalevi.com\/ar\/wp-json\/wp\/v2\/media\/4356"}],"wp:attachment":[{"href":"https:\/\/kimyasalevi.com\/ar\/wp-json\/wp\/v2\/media?parent=4317"}],"wp:term":[{"taxonomy":"brand","embeddable":true,"href":"https:\/\/kimyasalevi.com\/ar\/wp-json\/wp\/v2\/etheme_brands?post=4317"},{"taxonomy":"product_brand","embeddable":true,"href":"https:\/\/kimyasalevi.com\/ar\/wp-json\/wp\/v2\/product_brand?post=4317"},{"taxonomy":"product_cat","embeddable":true,"href":"https:\/\/kimyasalevi.com\/ar\/wp-json\/wp\/v2\/product_cat?post=4317"},{"taxonomy":"product_tag","embeddable":true,"href":"https:\/\/kimyasalevi.com\/ar\/wp-json\/wp\/v2\/product_tag?post=4317"}],"curies":[{"name":"wp","href":"https:\/\/api.w.org\/{rel}","templated":true}]}}