{"id":4372,"date":"2026-02-10T05:47:11","date_gmt":"2026-02-10T05:47:11","guid":{"rendered":"https:\/\/kimyasalevi.com\/?post_type=product&#038;p=4372"},"modified":"2026-03-31T12:41:43","modified_gmt":"2026-03-31T12:41:43","slug":"008-karite-yagi-shea-butter-rafine-refined","status":"publish","type":"product","link":"https:\/\/kimyasalevi.com\/ar\/product\/008-karite-yagi-shea-butter-rafine-refined\/","title":{"rendered":"008 Karite Ya\u011f\u0131 &#8211; Shea Butter ( Rafine  ) Refined"},"content":{"rendered":"<p>Shea butter (Shea ya\u011f\u0131), kozmetik \u00fcr\u00fcnlerde yayg\u0131n olarak kullan\u0131lan do\u011fal bir ya\u011fd\u0131r ve kremler, losyonlar ile sa\u00e7 bak\u0131m \u00fcr\u00fcnlerinde tercih edilir. Ba\u015fl\u0131ca faydalar\u0131: g\u00fc\u00e7l\u00fc nemlendirici olarak ciltteki nemi korur ve kurulu\u011fu \u00f6nler; cildi yumu\u015fak ve esnek hale getirir; hafif tahri\u015f ve inflamasyonu yat\u0131\u015ft\u0131r\u0131r; sa\u00e7ta k\u0131r\u0131lmay\u0131 azalt\u0131r ve elastikiyeti art\u0131r\u0131r; do\u011fal antioksidanlar i\u00e7ererek cildi korur. Kullan\u0131m oran\u0131 genellikle %3 \u2013 %20 aras\u0131ndad\u0131r, \u00fcr\u00fcne g\u00f6re de\u011fi\u015fir. Form\u00fclasyona ekleni\u015fi: orta \u0131s\u0131da eritilip krem veya losyon kar\u0131\u015f\u0131m\u0131na eklenir; ayr\u0131ca di\u011fer bitkisel ya\u011flarla kar\u0131\u015ft\u0131r\u0131labilir. T\u00fcm cilt tipleri i\u00e7in g\u00fcvenlidir ve \u00fcr\u00fcne zengin, besleyici bir doku kazand\u0131r\u0131r.<\/p>\n<p>&#8212;&#8212;&#8212;&#8212;&#8212;&#8212;&#8212;&#8212;&#8212;&#8212;&#8212;&#8212;&#8212;&#8212;&#8212;&#8212;&#8212;&#8212;&#8212;&#8212;&#8212;&#8212;&#8212;&#8212;&#8212;&#8212;&#8212;&#8212;&#8212;&#8212;&#8212;&#8212;&#8212;&#8212;&#8212;&#8212;&#8212;&#8212;&#8212;&#8212;&#8212;&#8212;&#8212;&#8212;&#8212;&#8212;&#8212;&#8212;&#8212;&#8212;&#8212;&#8212;&#8212;&#8212;&#8212;&#8212;&#8212;&#8212;&#8212;&#8212;&#8212;&#8212;&#8212;&#8212;&#8212;&#8212;&#8212;&#8212;&#8212;&#8212;&#8212;&#8212;&#8212;&#8212;&#8212;&#8212;&#8212;&#8212;&#8212;&#8212;&#8212;&#8212;&#8212;<\/p>\n<p>Shea butter is a natural cosmetic ingredient widely used in creams, lotions, and hair care formulations. Main benefits: it is a strong moisturizer that retains skin hydration and prevents dryness; it makes the skin soft and elastic; it soothes minor irritations and sensitivities; it reduces hair breakage and improves elasticity; it contains natural antioxidants that protect the skin. Typical usage rate is 3% \u2013 20%, depending on the product. How to add: melt under moderate heat before incorporating into creams or lotions; can be blended with other vegetable oils to improve texture. It is safe for all skin types, including sensitive skin, and provides a rich, nourishing feel to the final cosmetic product.<\/p>\n","protected":false},"excerpt":{"rendered":"<p>&#8230;<\/p>\n","protected":false},"featured_media":4428,"comment_status":"closed","ping_status":"closed","template":"","meta":[],"etheme_brands":[],"product_brand":[],"product_cat":[259],"product_tag":[],"class_list":{"0":"post-4372","1":"product","2":"type-product","3":"status-publish","4":"has-post-thumbnail","6":"product_cat-ham-maddeler","8":"first","9":"instock","10":"taxable","11":"shipping-taxable","12":"purchasable","13":"product-type-variable"},"_links":{"self":[{"href":"https:\/\/kimyasalevi.com\/ar\/wp-json\/wp\/v2\/product\/4372","targetHints":{"allow":["GET"]}}],"collection":[{"href":"https:\/\/kimyasalevi.com\/ar\/wp-json\/wp\/v2\/product"}],"about":[{"href":"https:\/\/kimyasalevi.com\/ar\/wp-json\/wp\/v2\/types\/product"}],"replies":[{"embeddable":true,"href":"https:\/\/kimyasalevi.com\/ar\/wp-json\/wp\/v2\/comments?post=4372"}],"version-history":[{"count":6,"href":"https:\/\/kimyasalevi.com\/ar\/wp-json\/wp\/v2\/product\/4372\/revisions"}],"predecessor-version":[{"id":7050,"href":"https:\/\/kimyasalevi.com\/ar\/wp-json\/wp\/v2\/product\/4372\/revisions\/7050"}],"wp:featuredmedia":[{"embeddable":true,"href":"https:\/\/kimyasalevi.com\/ar\/wp-json\/wp\/v2\/media\/4428"}],"wp:attachment":[{"href":"https:\/\/kimyasalevi.com\/ar\/wp-json\/wp\/v2\/media?parent=4372"}],"wp:term":[{"taxonomy":"brand","embeddable":true,"href":"https:\/\/kimyasalevi.com\/ar\/wp-json\/wp\/v2\/etheme_brands?post=4372"},{"taxonomy":"product_brand","embeddable":true,"href":"https:\/\/kimyasalevi.com\/ar\/wp-json\/wp\/v2\/product_brand?post=4372"},{"taxonomy":"product_cat","embeddable":true,"href":"https:\/\/kimyasalevi.com\/ar\/wp-json\/wp\/v2\/product_cat?post=4372"},{"taxonomy":"product_tag","embeddable":true,"href":"https:\/\/kimyasalevi.com\/ar\/wp-json\/wp\/v2\/product_tag?post=4372"}],"curies":[{"name":"wp","href":"https:\/\/api.w.org\/{rel}","templated":true}]}}