{"id":4397,"date":"2026-02-10T05:53:42","date_gmt":"2026-02-10T05:53:42","guid":{"rendered":"https:\/\/kimyasalevi.com\/?post_type=product&#038;p=4397"},"modified":"2026-04-01T05:15:22","modified_gmt":"2026-04-01T05:15:22","slug":"029-kaprilik-kaprik-trigliserit-caprylic-capric-triglyceride","status":"publish","type":"product","link":"https:\/\/kimyasalevi.com\/ar\/product\/029-kaprilik-kaprik-trigliserit-caprylic-capric-triglyceride\/","title":{"rendered":"029 KAPR\u0130L\u0130K\/KAPR\u0130K TR\u0130GL\u0130SER\u0130T &#8211; CAPRYLIC CAPRIC TRIGLYCERIDE"},"content":{"rendered":"<p>Kaprilik\/Kaprik Trigliseritler (Caprylic\/Capric Triglycerides) kozmetikte hindistan cevizi ve gliserinden elde edilen hafif bir ya\u011f olarak krem, losyon, serum ve v\u00fccut ya\u011flar\u0131nda nemlendirici ve yumu\u015fat\u0131c\u0131 (emollient) \u015feklinde kullan\u0131l\u0131r. Cildi nemlendirir, ipeksi ve yumu\u015fak bir his verir, aktif bile\u015fenlerin cilde daha iyi emilmesine yard\u0131mc\u0131 olur ve ya\u011fl\u0131 bir his b\u0131rakmadan \u00fcr\u00fcn\u00fcn kolay yay\u0131lmas\u0131n\u0131 sa\u011flar. Ayn\u0131 zamanda form\u00fclasyondaki ya\u011flar\u0131n stabilitesini art\u0131r\u0131r. Kullan\u0131m oran\u0131 \u00fcr\u00fcn t\u00fcr\u00fcne ba\u011fl\u0131 olarak genellikle %2 \u2013 %20 aras\u0131ndad\u0131r. Form\u00fclasyonda ya\u011f faz\u0131na di\u011fer ya\u011flarla birlikte eklenir ve em\u00fclsiyonlarda su faz\u0131 ile birle\u015ftirilmeden \u00f6nce homojen \u015fekilde kar\u0131\u015ft\u0131r\u0131l\u0131r. Hassas ciltler dahil t\u00fcm cilt tipleri i\u00e7in g\u00fcvenlidir, \u00e7o\u011fu ya\u011f ve em\u00fclsiyon ile uyumludur ve krem ile losyonlar\u0131n dokusunu iyile\u015ftirerek p\u00fcr\u00fczs\u00fczl\u00fck kazand\u0131r\u0131r.<\/p>\n","protected":false},"excerpt":{"rendered":"<p>&#8230;<\/p>\n","protected":false},"featured_media":4413,"comment_status":"closed","ping_status":"closed","template":"","meta":[],"etheme_brands":[],"product_brand":[],"product_cat":[259],"product_tag":[],"class_list":{"0":"post-4397","1":"product","2":"type-product","3":"status-publish","4":"has-post-thumbnail","6":"product_cat-ham-maddeler","8":"first","9":"instock","10":"taxable","11":"shipping-taxable","12":"purchasable","13":"product-type-variable"},"_links":{"self":[{"href":"https:\/\/kimyasalevi.com\/ar\/wp-json\/wp\/v2\/product\/4397","targetHints":{"allow":["GET"]}}],"collection":[{"href":"https:\/\/kimyasalevi.com\/ar\/wp-json\/wp\/v2\/product"}],"about":[{"href":"https:\/\/kimyasalevi.com\/ar\/wp-json\/wp\/v2\/types\/product"}],"replies":[{"embeddable":true,"href":"https:\/\/kimyasalevi.com\/ar\/wp-json\/wp\/v2\/comments?post=4397"}],"version-history":[{"count":3,"href":"https:\/\/kimyasalevi.com\/ar\/wp-json\/wp\/v2\/product\/4397\/revisions"}],"predecessor-version":[{"id":7070,"href":"https:\/\/kimyasalevi.com\/ar\/wp-json\/wp\/v2\/product\/4397\/revisions\/7070"}],"wp:featuredmedia":[{"embeddable":true,"href":"https:\/\/kimyasalevi.com\/ar\/wp-json\/wp\/v2\/media\/4413"}],"wp:attachment":[{"href":"https:\/\/kimyasalevi.com\/ar\/wp-json\/wp\/v2\/media?parent=4397"}],"wp:term":[{"taxonomy":"brand","embeddable":true,"href":"https:\/\/kimyasalevi.com\/ar\/wp-json\/wp\/v2\/etheme_brands?post=4397"},{"taxonomy":"product_brand","embeddable":true,"href":"https:\/\/kimyasalevi.com\/ar\/wp-json\/wp\/v2\/product_brand?post=4397"},{"taxonomy":"product_cat","embeddable":true,"href":"https:\/\/kimyasalevi.com\/ar\/wp-json\/wp\/v2\/product_cat?post=4397"},{"taxonomy":"product_tag","embeddable":true,"href":"https:\/\/kimyasalevi.com\/ar\/wp-json\/wp\/v2\/product_tag?post=4397"}],"curies":[{"name":"wp","href":"https:\/\/api.w.org\/{rel}","templated":true}]}}