{"id":4575,"date":"2026-02-10T07:52:45","date_gmt":"2026-02-10T07:52:45","guid":{"rendered":"https:\/\/kimyasalevi.com\/?post_type=product&#038;p=4575"},"modified":"2026-04-01T06:08:12","modified_gmt":"2026-04-01T06:08:12","slug":"034-polikuaterniyum-7-polyquaternium-7","status":"publish","type":"product","link":"https:\/\/kimyasalevi.com\/ar\/product\/034-polikuaterniyum-7-polyquaternium-7\/","title":{"rendered":"034 POL\u0130KUATERN\u0130YUM 7 &#8211; POLYQUATERNIUM 7"},"content":{"rendered":"<p data-start=\"627\" data-end=\"641\">Polyquaternium-7 kozmetikte sa\u00e7 ve cilt i\u00e7in nemlendirici ve yumu\u015fat\u0131c\u0131 (conditioning agent) olarak kullan\u0131l\u0131r. \u015eampuan, sa\u00e7 kremi, du\u015f jeli ve cilt bak\u0131m \u00fcr\u00fcnlerinde yayg\u0131nd\u0131r. Sa\u00e7\u0131n dola\u015fmas\u0131n\u0131 azalt\u0131r, yumu\u015fak ve parlak bir g\u00f6r\u00fcn\u00fcm sa\u011flar, statik elektri\u011fi \u00f6nlemeye yard\u0131mc\u0131 olur ve \u00fcr\u00fcn\u00fcn hissini iyile\u015ftirir. \u00d6nerilen oranlarda kullan\u0131ld\u0131\u011f\u0131nda g\u00fcvenlidir. Kullan\u0131m oran\u0131 \u00fcr\u00fcn tipine ba\u011fl\u0131 olarak genellikle %0.2 \u2013 %2 aras\u0131ndad\u0131r. Form\u00fclasyonda su faz\u0131na eklenebilir veya \u0131s\u0131tma i\u015flemi tamamland\u0131ktan sonra \u00fcr\u00fcn so\u011furken ilave edilir ve homojen da\u011f\u0131l\u0131m sa\u011flanana kadar iyice kar\u0131\u015ft\u0131r\u0131l\u0131r. \u00c7o\u011fu ya\u011f, su ve em\u00fclsiyon sistemi ile uyumludur ve tavsiye edilen konsantrasyonlarda tahri\u015fe neden olmaz.<\/p>\n","protected":false},"excerpt":{"rendered":"<p>&#8230;<\/p>\n","protected":false},"featured_media":4592,"comment_status":"closed","ping_status":"closed","template":"","meta":[],"etheme_brands":[],"product_brand":[],"product_cat":[259],"product_tag":[],"class_list":{"0":"post-4575","1":"product","2":"type-product","3":"status-publish","4":"has-post-thumbnail","6":"product_cat-ham-maddeler","8":"first","9":"instock","10":"taxable","11":"shipping-taxable","12":"purchasable","13":"product-type-variable"},"_links":{"self":[{"href":"https:\/\/kimyasalevi.com\/ar\/wp-json\/wp\/v2\/product\/4575","targetHints":{"allow":["GET"]}}],"collection":[{"href":"https:\/\/kimyasalevi.com\/ar\/wp-json\/wp\/v2\/product"}],"about":[{"href":"https:\/\/kimyasalevi.com\/ar\/wp-json\/wp\/v2\/types\/product"}],"replies":[{"embeddable":true,"href":"https:\/\/kimyasalevi.com\/ar\/wp-json\/wp\/v2\/comments?post=4575"}],"version-history":[{"count":4,"href":"https:\/\/kimyasalevi.com\/ar\/wp-json\/wp\/v2\/product\/4575\/revisions"}],"predecessor-version":[{"id":7062,"href":"https:\/\/kimyasalevi.com\/ar\/wp-json\/wp\/v2\/product\/4575\/revisions\/7062"}],"wp:featuredmedia":[{"embeddable":true,"href":"https:\/\/kimyasalevi.com\/ar\/wp-json\/wp\/v2\/media\/4592"}],"wp:attachment":[{"href":"https:\/\/kimyasalevi.com\/ar\/wp-json\/wp\/v2\/media?parent=4575"}],"wp:term":[{"taxonomy":"brand","embeddable":true,"href":"https:\/\/kimyasalevi.com\/ar\/wp-json\/wp\/v2\/etheme_brands?post=4575"},{"taxonomy":"product_brand","embeddable":true,"href":"https:\/\/kimyasalevi.com\/ar\/wp-json\/wp\/v2\/product_brand?post=4575"},{"taxonomy":"product_cat","embeddable":true,"href":"https:\/\/kimyasalevi.com\/ar\/wp-json\/wp\/v2\/product_cat?post=4575"},{"taxonomy":"product_tag","embeddable":true,"href":"https:\/\/kimyasalevi.com\/ar\/wp-json\/wp\/v2\/product_tag?post=4575"}],"curies":[{"name":"wp","href":"https:\/\/api.w.org\/{rel}","templated":true}]}}