{"id":4608,"date":"2026-02-10T08:15:33","date_gmt":"2026-02-10T08:15:33","guid":{"rendered":"https:\/\/kimyasalevi.com\/?post_type=product&#038;p=4608"},"modified":"2026-04-01T06:09:17","modified_gmt":"2026-04-01T06:09:17","slug":"035-e-vitamini-acetate-vitamin-e-acetate","status":"publish","type":"product","link":"https:\/\/kimyasalevi.com\/ar\/product\/035-e-vitamini-acetate-vitamin-e-acetate\/","title":{"rendered":"035 E V\u0130TAM\u0130N\u0130 ACETATE &#8211; VITAMIN E ACETATE"},"content":{"rendered":"<p data-start=\"627\" data-end=\"641\">Vitamin E Acetate (Tocopheryl Acetate) kozmetikte g\u00fc\u00e7l\u00fc bir antioksidan olarak kullan\u0131l\u0131r ve hem cildi hem de form\u00fcl i\u00e7indeki ya\u011flar\u0131 oksidasyona kar\u015f\u0131 korur. Krem, losyon, ya\u011f ve sa\u00e7 bak\u0131m \u00fcr\u00fcnlerinde yayg\u0131nd\u0131r. Cildi nemlendirmeye yard\u0131mc\u0131 olur, hafif tahri\u015fleri azalt\u0131r, cilt dokusunu iyile\u015ftirir ve yumu\u015fakl\u0131k kazand\u0131r\u0131r. Ayn\u0131 zamanda \u00fcr\u00fcn i\u00e7erisindeki ya\u011flar\u0131n stabilitesini art\u0131rarak form\u00fcl\u00fcn raf \u00f6mr\u00fcn\u00fc destekler. Kullan\u0131m oran\u0131 \u00fcr\u00fcn tipine ba\u011fl\u0131 olarak genellikle %0.5 \u2013 %1 aras\u0131ndad\u0131r. Form\u00fclasyonda ya\u011f faz\u0131na eklenir ve homojen da\u011f\u0131l\u0131m sa\u011flanana kadar iyice kar\u0131\u015ft\u0131r\u0131l\u0131r. \u00c7o\u011fu ya\u011f ve em\u00fclsiyon sistemi ile uyumludur ve \u00f6nerilen oranlarda cilt i\u00e7in g\u00fcvenlidir.<\/p>\n","protected":false},"excerpt":{"rendered":"<p>&#8230;<\/p>\n","protected":false},"featured_media":4625,"comment_status":"closed","ping_status":"closed","template":"","meta":[],"etheme_brands":[],"product_brand":[],"product_cat":[259],"product_tag":[],"class_list":{"0":"post-4608","1":"product","2":"type-product","3":"status-publish","4":"has-post-thumbnail","6":"product_cat-ham-maddeler","8":"first","9":"instock","10":"taxable","11":"shipping-taxable","12":"purchasable","13":"product-type-variable"},"_links":{"self":[{"href":"https:\/\/kimyasalevi.com\/ar\/wp-json\/wp\/v2\/product\/4608","targetHints":{"allow":["GET"]}}],"collection":[{"href":"https:\/\/kimyasalevi.com\/ar\/wp-json\/wp\/v2\/product"}],"about":[{"href":"https:\/\/kimyasalevi.com\/ar\/wp-json\/wp\/v2\/types\/product"}],"replies":[{"embeddable":true,"href":"https:\/\/kimyasalevi.com\/ar\/wp-json\/wp\/v2\/comments?post=4608"}],"version-history":[{"count":4,"href":"https:\/\/kimyasalevi.com\/ar\/wp-json\/wp\/v2\/product\/4608\/revisions"}],"predecessor-version":[{"id":7060,"href":"https:\/\/kimyasalevi.com\/ar\/wp-json\/wp\/v2\/product\/4608\/revisions\/7060"}],"wp:featuredmedia":[{"embeddable":true,"href":"https:\/\/kimyasalevi.com\/ar\/wp-json\/wp\/v2\/media\/4625"}],"wp:attachment":[{"href":"https:\/\/kimyasalevi.com\/ar\/wp-json\/wp\/v2\/media?parent=4608"}],"wp:term":[{"taxonomy":"brand","embeddable":true,"href":"https:\/\/kimyasalevi.com\/ar\/wp-json\/wp\/v2\/etheme_brands?post=4608"},{"taxonomy":"product_brand","embeddable":true,"href":"https:\/\/kimyasalevi.com\/ar\/wp-json\/wp\/v2\/product_brand?post=4608"},{"taxonomy":"product_cat","embeddable":true,"href":"https:\/\/kimyasalevi.com\/ar\/wp-json\/wp\/v2\/product_cat?post=4608"},{"taxonomy":"product_tag","embeddable":true,"href":"https:\/\/kimyasalevi.com\/ar\/wp-json\/wp\/v2\/product_tag?post=4608"}],"curies":[{"name":"wp","href":"https:\/\/api.w.org\/{rel}","templated":true}]}}