{"id":4706,"date":"2026-02-10T09:51:43","date_gmt":"2026-02-10T09:51:43","guid":{"rendered":"https:\/\/kimyasalevi.com\/?post_type=product&#038;p=4706"},"modified":"2026-04-01T06:11:27","modified_gmt":"2026-04-01T06:11:27","slug":"037-peg-40-hidrojene-hint-yagi-peg-40-hydrogenated-castor-oil","status":"publish","type":"product","link":"https:\/\/kimyasalevi.com\/ar\/product\/037-peg-40-hidrojene-hint-yagi-peg-40-hydrogenated-castor-oil\/","title":{"rendered":"037 PEG 40 H\u0130DROJENE H\u0130NT YA\u011eI &#8211; PEG 40 HYDROGENATED CASTOR OIL"},"content":{"rendered":"<p>PEG-40 Hydrogenated Castor Oil, kozmetikte em\u00fclgat\u00f6r ve ya\u011flar\u0131n suda \u00e7\u00f6z\u00fcnmesini sa\u011flayan solubilizer olarak kullan\u0131l\u0131r. Serumlar, parf\u00fcmler, u\u00e7ucu ya\u011flar, \u015fampuanlar ve su bazl\u0131 \u00fcr\u00fcnlerde yayg\u0131nd\u0131r. Bitkisel ve u\u00e7ucu ya\u011flar\u0131n su bazl\u0131 form\u00fcllerde homojen \u015fekilde da\u011f\u0131lmas\u0131na yard\u0131mc\u0131 olur. \u00dcr\u00fcn\u00fcn stabilitesini art\u0131r\u0131r, ya\u011f ve suyun ayr\u0131lmas\u0131n\u0131 \u00f6nler ve uygulama s\u0131ras\u0131nda ciltte veya sa\u00e7ta daha kolay yay\u0131lmas\u0131n\u0131 sa\u011flar. \u00d6nerilen oranlarda kullan\u0131ld\u0131\u011f\u0131nda cilt i\u00e7in g\u00fcvenlidir. Kullan\u0131m oran\u0131 genellikle %1\u2013%5 aras\u0131ndad\u0131r ve \u00fcr\u00fcn tipine g\u00f6re ayarlan\u0131r. Form\u00fclasyonda su faz\u0131na eklenebilir veya \u00f6nce ya\u011flarla kar\u0131\u015ft\u0131r\u0131larak kullan\u0131labilir, homojen bir yap\u0131 elde edilene kadar iyi kar\u0131\u015ft\u0131r\u0131lmas\u0131 gerekir. \u00c7o\u011fu ya\u011f, em\u00fclsiyon ve su bazl\u0131 sistemle uyumludur ve \u00f6nerilen konsantrasyonlarda tahri\u015fe neden olmaz.<\/p>\n","protected":false},"excerpt":{"rendered":"<p>&#8230;<\/p>\n","protected":false},"featured_media":4754,"comment_status":"closed","ping_status":"closed","template":"","meta":[],"etheme_brands":[],"product_brand":[],"product_cat":[259],"product_tag":[],"class_list":{"0":"post-4706","1":"product","2":"type-product","3":"status-publish","4":"has-post-thumbnail","6":"product_cat-ham-maddeler","8":"first","9":"instock","10":"taxable","11":"shipping-taxable","12":"purchasable","13":"product-type-variable"},"_links":{"self":[{"href":"https:\/\/kimyasalevi.com\/ar\/wp-json\/wp\/v2\/product\/4706","targetHints":{"allow":["GET"]}}],"collection":[{"href":"https:\/\/kimyasalevi.com\/ar\/wp-json\/wp\/v2\/product"}],"about":[{"href":"https:\/\/kimyasalevi.com\/ar\/wp-json\/wp\/v2\/types\/product"}],"replies":[{"embeddable":true,"href":"https:\/\/kimyasalevi.com\/ar\/wp-json\/wp\/v2\/comments?post=4706"}],"version-history":[{"count":4,"href":"https:\/\/kimyasalevi.com\/ar\/wp-json\/wp\/v2\/product\/4706\/revisions"}],"predecessor-version":[{"id":7056,"href":"https:\/\/kimyasalevi.com\/ar\/wp-json\/wp\/v2\/product\/4706\/revisions\/7056"}],"wp:featuredmedia":[{"embeddable":true,"href":"https:\/\/kimyasalevi.com\/ar\/wp-json\/wp\/v2\/media\/4754"}],"wp:attachment":[{"href":"https:\/\/kimyasalevi.com\/ar\/wp-json\/wp\/v2\/media?parent=4706"}],"wp:term":[{"taxonomy":"brand","embeddable":true,"href":"https:\/\/kimyasalevi.com\/ar\/wp-json\/wp\/v2\/etheme_brands?post=4706"},{"taxonomy":"product_brand","embeddable":true,"href":"https:\/\/kimyasalevi.com\/ar\/wp-json\/wp\/v2\/product_brand?post=4706"},{"taxonomy":"product_cat","embeddable":true,"href":"https:\/\/kimyasalevi.com\/ar\/wp-json\/wp\/v2\/product_cat?post=4706"},{"taxonomy":"product_tag","embeddable":true,"href":"https:\/\/kimyasalevi.com\/ar\/wp-json\/wp\/v2\/product_tag?post=4706"}],"curies":[{"name":"wp","href":"https:\/\/api.w.org\/{rel}","templated":true}]}}