{"id":4772,"date":"2026-02-10T10:00:29","date_gmt":"2026-02-10T10:00:29","guid":{"rendered":"https:\/\/kimyasalevi.com\/?post_type=product&#038;p=4772"},"modified":"2026-04-01T06:15:48","modified_gmt":"2026-04-01T06:15:48","slug":"038-ceteareth-25-cs-25","status":"publish","type":"product","link":"https:\/\/kimyasalevi.com\/ar\/product\/038-ceteareth-25-cs-25\/","title":{"rendered":"038 CETEARETH 25 CS 25"},"content":{"rendered":"<p>Ceteareth-25, kozmetikte em\u00fclsiyon olu\u015fturucu (emulsifier) ve nemlendirici yard\u0131mc\u0131 bile\u015fen olarak kullan\u0131l\u0131r. Krem, losyon ve ya\u011f-su bazl\u0131 nemlendiricilerde yayg\u0131nd\u0131r. Ya\u011f ve su fazlar\u0131n\u0131n homojen \u015fekilde kar\u0131\u015fmas\u0131n\u0131 sa\u011flar ve \u00fcr\u00fcne yumu\u015fak, kremimsi bir doku kazand\u0131r\u0131r. Em\u00fclsiyonu stabilize eder, ya\u011f ve suyun ayr\u0131lmas\u0131n\u0131 \u00f6nler ve \u00fcr\u00fcn\u00fcn cilde kolay yay\u0131lmas\u0131na yard\u0131mc\u0131 olur. \u00d6nerilen oranlarda kullan\u0131ld\u0131\u011f\u0131nda g\u00fcvenlidir. Kullan\u0131m oran\u0131 genellikle %2\u2013%10 aras\u0131ndad\u0131r ve \u00fcr\u00fcn tipine g\u00f6re ayarlan\u0131r. Form\u00fclasyonda ya\u011f faz\u0131na eklenir veya ya\u011f ve su fazlar\u0131 birle\u015ftirilirken kullan\u0131l\u0131r, homojen bir em\u00fclsiyon elde edilene kadar iyi kar\u0131\u015ft\u0131r\u0131lmas\u0131 gerekir. \u00c7o\u011fu ya\u011f, em\u00fclsiyon sistemi ve su bazl\u0131 form\u00fclle uyumludur ve \u00f6nerilen konsantrasyonlarda tahri\u015fe neden olmaz.<\/p>\n","protected":false},"excerpt":{"rendered":"<p>&#8230;<\/p>\n","protected":false},"featured_media":4795,"comment_status":"closed","ping_status":"closed","template":"","meta":[],"etheme_brands":[],"product_brand":[],"product_cat":[259],"product_tag":[],"class_list":{"0":"post-4772","1":"product","2":"type-product","3":"status-publish","4":"has-post-thumbnail","6":"product_cat-ham-maddeler","8":"first","9":"instock","10":"taxable","11":"shipping-taxable","12":"purchasable","13":"product-type-variable"},"_links":{"self":[{"href":"https:\/\/kimyasalevi.com\/ar\/wp-json\/wp\/v2\/product\/4772","targetHints":{"allow":["GET"]}}],"collection":[{"href":"https:\/\/kimyasalevi.com\/ar\/wp-json\/wp\/v2\/product"}],"about":[{"href":"https:\/\/kimyasalevi.com\/ar\/wp-json\/wp\/v2\/types\/product"}],"replies":[{"embeddable":true,"href":"https:\/\/kimyasalevi.com\/ar\/wp-json\/wp\/v2\/comments?post=4772"}],"version-history":[{"count":4,"href":"https:\/\/kimyasalevi.com\/ar\/wp-json\/wp\/v2\/product\/4772\/revisions"}],"predecessor-version":[{"id":7054,"href":"https:\/\/kimyasalevi.com\/ar\/wp-json\/wp\/v2\/product\/4772\/revisions\/7054"}],"wp:featuredmedia":[{"embeddable":true,"href":"https:\/\/kimyasalevi.com\/ar\/wp-json\/wp\/v2\/media\/4795"}],"wp:attachment":[{"href":"https:\/\/kimyasalevi.com\/ar\/wp-json\/wp\/v2\/media?parent=4772"}],"wp:term":[{"taxonomy":"brand","embeddable":true,"href":"https:\/\/kimyasalevi.com\/ar\/wp-json\/wp\/v2\/etheme_brands?post=4772"},{"taxonomy":"product_brand","embeddable":true,"href":"https:\/\/kimyasalevi.com\/ar\/wp-json\/wp\/v2\/product_brand?post=4772"},{"taxonomy":"product_cat","embeddable":true,"href":"https:\/\/kimyasalevi.com\/ar\/wp-json\/wp\/v2\/product_cat?post=4772"},{"taxonomy":"product_tag","embeddable":true,"href":"https:\/\/kimyasalevi.com\/ar\/wp-json\/wp\/v2\/product_tag?post=4772"}],"curies":[{"name":"wp","href":"https:\/\/api.w.org\/{rel}","templated":true}]}}