{"id":4815,"date":"2026-02-11T04:41:43","date_gmt":"2026-02-11T04:41:43","guid":{"rendered":"https:\/\/kimyasalevi.com\/?post_type=product&#038;p=4815"},"modified":"2026-04-01T06:17:04","modified_gmt":"2026-04-01T06:17:04","slug":"039-sodyum-benzoat-sodium-benzoate","status":"publish","type":"product","link":"https:\/\/kimyasalevi.com\/ar\/product\/039-sodyum-benzoat-sodium-benzoate\/","title":{"rendered":"039 SODYUM BENZOAT &#8211; SODIUM BENZOATE"},"content":{"rendered":"<p>Sodium Benzoate (Sodyum Benzoat) kozmetikte koruyucu (preservative) olarak kullan\u0131l\u0131r ve bakteri ile mantar geli\u015fimini engeller. Krem, losyon, serum ve su bazl\u0131 \u00fcr\u00fcnlerde yayg\u0131nd\u0131r. \u00dcr\u00fcn\u00fcn bozulmas\u0131n\u0131 \u00f6nleyerek raf \u00f6mr\u00fcn\u00fc uzat\u0131r, \u00f6nerilen oranlarda cilt i\u00e7in g\u00fcvenlidir ve \u00e7o\u011fu su bazl\u0131 form\u00fcl ile uyumludur. Kullan\u0131m oran\u0131 genellikle %0.1 \u2013 %0.5 aras\u0131ndad\u0131r. Su faz\u0131nda \u00e7\u00f6z\u00fclerek, di\u011fer bile\u015fenler eklenmeden \u00f6nce form\u00fclasyona dahil edilir ve homojen da\u011f\u0131l\u0131m sa\u011flanacak \u015fekilde kar\u0131\u015ft\u0131r\u0131l\u0131r. \u00d6nerilen konsantrasyonlarda tahri\u015fe neden olmaz.<\/p>\n","protected":false},"excerpt":{"rendered":"<p>&#8230;<\/p>\n","protected":false},"featured_media":4831,"comment_status":"closed","ping_status":"closed","template":"","meta":[],"etheme_brands":[],"product_brand":[],"product_cat":[259],"product_tag":[],"class_list":{"0":"post-4815","1":"product","2":"type-product","3":"status-publish","4":"has-post-thumbnail","6":"product_cat-ham-maddeler","8":"first","9":"instock","10":"taxable","11":"shipping-taxable","12":"purchasable","13":"product-type-variable"},"_links":{"self":[{"href":"https:\/\/kimyasalevi.com\/ar\/wp-json\/wp\/v2\/product\/4815","targetHints":{"allow":["GET"]}}],"collection":[{"href":"https:\/\/kimyasalevi.com\/ar\/wp-json\/wp\/v2\/product"}],"about":[{"href":"https:\/\/kimyasalevi.com\/ar\/wp-json\/wp\/v2\/types\/product"}],"replies":[{"embeddable":true,"href":"https:\/\/kimyasalevi.com\/ar\/wp-json\/wp\/v2\/comments?post=4815"}],"version-history":[{"count":4,"href":"https:\/\/kimyasalevi.com\/ar\/wp-json\/wp\/v2\/product\/4815\/revisions"}],"predecessor-version":[{"id":7045,"href":"https:\/\/kimyasalevi.com\/ar\/wp-json\/wp\/v2\/product\/4815\/revisions\/7045"}],"wp:featuredmedia":[{"embeddable":true,"href":"https:\/\/kimyasalevi.com\/ar\/wp-json\/wp\/v2\/media\/4831"}],"wp:attachment":[{"href":"https:\/\/kimyasalevi.com\/ar\/wp-json\/wp\/v2\/media?parent=4815"}],"wp:term":[{"taxonomy":"brand","embeddable":true,"href":"https:\/\/kimyasalevi.com\/ar\/wp-json\/wp\/v2\/etheme_brands?post=4815"},{"taxonomy":"product_brand","embeddable":true,"href":"https:\/\/kimyasalevi.com\/ar\/wp-json\/wp\/v2\/product_brand?post=4815"},{"taxonomy":"product_cat","embeddable":true,"href":"https:\/\/kimyasalevi.com\/ar\/wp-json\/wp\/v2\/product_cat?post=4815"},{"taxonomy":"product_tag","embeddable":true,"href":"https:\/\/kimyasalevi.com\/ar\/wp-json\/wp\/v2\/product_tag?post=4815"}],"curies":[{"name":"wp","href":"https:\/\/api.w.org\/{rel}","templated":true}]}}