{"id":4883,"date":"2026-02-11T05:14:41","date_gmt":"2026-02-11T05:14:41","guid":{"rendered":"https:\/\/kimyasalevi.com\/?post_type=product&#038;p=4883"},"modified":"2026-04-01T06:19:18","modified_gmt":"2026-04-01T06:19:18","slug":"041-comperlan-dea-cocamide-dea","status":"publish","type":"product","link":"https:\/\/kimyasalevi.com\/ar\/product\/041-comperlan-dea-cocamide-dea\/","title":{"rendered":"041 COMPERLAN DEA &#8211; COCAMIDE DEA"},"content":{"rendered":"<p>Cocamide DEA kozmetikte k\u00f6p\u00fcrt\u00fcc\u00fc (Foaming Agent) ve em\u00fclsiyon olu\u015fturucu olarak kullan\u0131l\u0131r. \u015eampuan, du\u015f jeli, t\u0131ra\u015f k\u00f6p\u00fc\u011f\u00fc ve cilt temizleyici \u00fcr\u00fcnlerde yayg\u0131nd\u0131r. Zengin ve kal\u0131c\u0131 k\u00f6p\u00fck olu\u015fumunu destekler ve \u00fcr\u00fcn\u00fcn dokusunu iyile\u015ftirir. K\u00f6p\u00fck miktar\u0131n\u0131 art\u0131rarak kullan\u0131m kolayl\u0131\u011f\u0131 sa\u011flar ve form\u00fcl\u00fcn daha yumu\u015fak bir his vermesine yard\u0131mc\u0131 olur. \u00d6nerilen oranlarda cilt i\u00e7in g\u00fcvenlidir ancak y\u00fcksek konsantrasyonlarda hafif kuruluk olu\u015fturabilir. Kullan\u0131m oran\u0131 genellikle %1 \u2013 %10 aras\u0131ndad\u0131r. Su faz\u0131na eklenerek s\u00fcrekli kar\u0131\u015ft\u0131r\u0131l\u0131r ve di\u011fer bile\u015fenlerle homojen hale gelmesi sa\u011flan\u0131r. Olas\u0131 kurulu\u011fu azaltmak i\u00e7in nemlendirici bile\u015fenlerle birlikte kullan\u0131lmas\u0131 tavsiye edilir.<\/p>\n","protected":false},"excerpt":{"rendered":"<p>&#8230;<\/p>\n","protected":false},"featured_media":4899,"comment_status":"closed","ping_status":"closed","template":"","meta":[],"etheme_brands":[],"product_brand":[],"product_cat":[259],"product_tag":[],"class_list":{"0":"post-4883","1":"product","2":"type-product","3":"status-publish","4":"has-post-thumbnail","6":"product_cat-ham-maddeler","8":"first","9":"instock","10":"taxable","11":"shipping-taxable","12":"purchasable","13":"product-type-variable"},"_links":{"self":[{"href":"https:\/\/kimyasalevi.com\/ar\/wp-json\/wp\/v2\/product\/4883","targetHints":{"allow":["GET"]}}],"collection":[{"href":"https:\/\/kimyasalevi.com\/ar\/wp-json\/wp\/v2\/product"}],"about":[{"href":"https:\/\/kimyasalevi.com\/ar\/wp-json\/wp\/v2\/types\/product"}],"replies":[{"embeddable":true,"href":"https:\/\/kimyasalevi.com\/ar\/wp-json\/wp\/v2\/comments?post=4883"}],"version-history":[{"count":3,"href":"https:\/\/kimyasalevi.com\/ar\/wp-json\/wp\/v2\/product\/4883\/revisions"}],"predecessor-version":[{"id":7041,"href":"https:\/\/kimyasalevi.com\/ar\/wp-json\/wp\/v2\/product\/4883\/revisions\/7041"}],"wp:featuredmedia":[{"embeddable":true,"href":"https:\/\/kimyasalevi.com\/ar\/wp-json\/wp\/v2\/media\/4899"}],"wp:attachment":[{"href":"https:\/\/kimyasalevi.com\/ar\/wp-json\/wp\/v2\/media?parent=4883"}],"wp:term":[{"taxonomy":"brand","embeddable":true,"href":"https:\/\/kimyasalevi.com\/ar\/wp-json\/wp\/v2\/etheme_brands?post=4883"},{"taxonomy":"product_brand","embeddable":true,"href":"https:\/\/kimyasalevi.com\/ar\/wp-json\/wp\/v2\/product_brand?post=4883"},{"taxonomy":"product_cat","embeddable":true,"href":"https:\/\/kimyasalevi.com\/ar\/wp-json\/wp\/v2\/product_cat?post=4883"},{"taxonomy":"product_tag","embeddable":true,"href":"https:\/\/kimyasalevi.com\/ar\/wp-json\/wp\/v2\/product_tag?post=4883"}],"curies":[{"name":"wp","href":"https:\/\/api.w.org\/{rel}","templated":true}]}}