{"id":4919,"date":"2026-02-11T05:20:37","date_gmt":"2026-02-11T05:20:37","guid":{"rendered":"https:\/\/kimyasalevi.com\/?post_type=product&#038;p=4919"},"modified":"2026-04-01T06:30:42","modified_gmt":"2026-04-01T06:30:42","slug":"042-betaine-35-cocoamidopropyl-betaine","status":"publish","type":"product","link":"https:\/\/kimyasalevi.com\/ar\/product\/042-betaine-35-cocoamidopropyl-betaine\/","title":{"rendered":"042 BETA\u0130NE 35 &#8211; COCOAMIDOPROPYL BETAINE"},"content":{"rendered":"<p>Cocamidopropyl Betaine 45% kozmetikte Hindistan cevizi ya\u011f\u0131ndan t\u00fcretilmi\u015f amfoterik y\u00fczey aktif madde olarak kullan\u0131l\u0131r. \u015eampuan, du\u015f jeli, y\u00fcz temizleyiciler ve bebek \u00fcr\u00fcnlerinde yayg\u0131nd\u0131r. Hafif temizleyici \u00f6zelli\u011fe sahiptir, k\u00f6p\u00fc\u011f\u00fc art\u0131r\u0131r ve SLS\/SLES gibi anyonik y\u00fczey aktiflerin cilt \u00fczerindeki tahri\u015fini azalt\u0131r. Zengin ve yumu\u015fak k\u00f6p\u00fck sa\u011flar, g\u00fc\u00e7l\u00fc temizleyicilerin neden olabilece\u011fi kuruluk ve tahri\u015fi d\u00fc\u015f\u00fcr\u00fcr, hassas ciltler ve bebek \u00fcr\u00fcnleri i\u00e7in uygundur. Kullan\u0131m oran\u0131 genellikle %4 \u2013 %15 aktif madde \u015feklindedir; ticari formu %45\u2019lik \u00e7\u00f6zelti oldu\u011fundan istenen orana ula\u015fmak i\u00e7in su ile seyreltilir. Su faz\u0131na eklenir ve haz\u0131rl\u0131k s\u0131ras\u0131nda a\u015f\u0131r\u0131 k\u00f6p\u00fck olu\u015fmamas\u0131 i\u00e7in yava\u015f ve nazik \u015fekilde kar\u0131\u015ft\u0131r\u0131l\u0131r. Anyonik (SLES gibi) ve katyonik (sa\u00e7 kremi bile\u015fenleri gibi) y\u00fczey aktiflerle uyumludur ve \u00f6nerilen oranlarda cilt ve sa\u00e7 i\u00e7in g\u00fcvenlidir.<\/p>\n","protected":false},"excerpt":{"rendered":"<p>&#8230;<\/p>\n","protected":false},"featured_media":4960,"comment_status":"closed","ping_status":"closed","template":"","meta":[],"etheme_brands":[],"product_brand":[],"product_cat":[259],"product_tag":[],"class_list":{"0":"post-4919","1":"product","2":"type-product","3":"status-publish","4":"has-post-thumbnail","6":"product_cat-ham-maddeler","8":"first","9":"instock","10":"taxable","11":"shipping-taxable","12":"purchasable","13":"product-type-variable"},"_links":{"self":[{"href":"https:\/\/kimyasalevi.com\/ar\/wp-json\/wp\/v2\/product\/4919","targetHints":{"allow":["GET"]}}],"collection":[{"href":"https:\/\/kimyasalevi.com\/ar\/wp-json\/wp\/v2\/product"}],"about":[{"href":"https:\/\/kimyasalevi.com\/ar\/wp-json\/wp\/v2\/types\/product"}],"replies":[{"embeddable":true,"href":"https:\/\/kimyasalevi.com\/ar\/wp-json\/wp\/v2\/comments?post=4919"}],"version-history":[{"count":4,"href":"https:\/\/kimyasalevi.com\/ar\/wp-json\/wp\/v2\/product\/4919\/revisions"}],"predecessor-version":[{"id":7040,"href":"https:\/\/kimyasalevi.com\/ar\/wp-json\/wp\/v2\/product\/4919\/revisions\/7040"}],"wp:featuredmedia":[{"embeddable":true,"href":"https:\/\/kimyasalevi.com\/ar\/wp-json\/wp\/v2\/media\/4960"}],"wp:attachment":[{"href":"https:\/\/kimyasalevi.com\/ar\/wp-json\/wp\/v2\/media?parent=4919"}],"wp:term":[{"taxonomy":"brand","embeddable":true,"href":"https:\/\/kimyasalevi.com\/ar\/wp-json\/wp\/v2\/etheme_brands?post=4919"},{"taxonomy":"product_brand","embeddable":true,"href":"https:\/\/kimyasalevi.com\/ar\/wp-json\/wp\/v2\/product_brand?post=4919"},{"taxonomy":"product_cat","embeddable":true,"href":"https:\/\/kimyasalevi.com\/ar\/wp-json\/wp\/v2\/product_cat?post=4919"},{"taxonomy":"product_tag","embeddable":true,"href":"https:\/\/kimyasalevi.com\/ar\/wp-json\/wp\/v2\/product_tag?post=4919"}],"curies":[{"name":"wp","href":"https:\/\/api.w.org\/{rel}","templated":true}]}}