{"id":4981,"date":"2026-02-11T05:31:36","date_gmt":"2026-02-11T05:31:36","guid":{"rendered":"https:\/\/kimyasalevi.com\/?post_type=product&#038;p=4981"},"modified":"2026-04-01T06:32:01","modified_gmt":"2026-04-01T06:32:01","slug":"043-hidrolize-keratin-hydrolyzed-keratin","status":"publish","type":"product","link":"https:\/\/kimyasalevi.com\/ar\/product\/043-hidrolize-keratin-hydrolyzed-keratin\/","title":{"rendered":"043 HIDROL\u0130ZE KERAT\u0130N &#8211; HYDROLYZED KERATIN"},"content":{"rendered":"<p>Hydrolyzed Keratin (Hidrolize Keratin) kozmetikte daha k\u00fc\u00e7\u00fck molek\u00fcllere ayr\u0131lm\u0131\u015f bir protein olarak kullan\u0131l\u0131r ve sa\u00e7 ile cilt taraf\u0131ndan kolayca emilir. \u015eampuan, sa\u00e7 kremi, sa\u00e7 maskesi, serum ve cilt bak\u0131m kremlerinde yayg\u0131nd\u0131r. Sa\u00e7a g\u00fc\u00e7, parlakl\u0131k ve esneklik kazand\u0131r\u0131r, y\u0131pranmay\u0131 onarmaya yard\u0131mc\u0131 olur ve k\u0131r\u0131lma ile \u00e7atalla\u015fmay\u0131 azalt\u0131r. Sa\u00e7 ve cildi nemlendirir, nem kayb\u0131n\u0131 \u00f6nleyen koruyucu bir film tabakas\u0131 olu\u015fturur. Ciltte dokuyu iyile\u015ftirir, daha yumu\u015fak ve esnek bir his sa\u011flar. Kullan\u0131m oran\u0131 sa\u00e7 \u00fcr\u00fcnlerinde genellikle %0.5 \u2013 %5, cilt \u00fcr\u00fcnlerinde ise %0.5 \u2013 %2 aras\u0131ndad\u0131r. Etkinli\u011fini korumak i\u00e7in 40\u00b0C\u2019nin alt\u0131ndaki so\u011futma a\u015famas\u0131nda form\u00fclasyona eklenir ve suda \u00e7\u00f6z\u00fcn\u00fcr. \u00c7o\u011fu su bazl\u0131 form\u00fcl ile uyumludur ve topikal kullan\u0131m i\u00e7in g\u00fcvenlidir.<\/p>\n","protected":false},"excerpt":{"rendered":"<p>&#8230;<\/p>\n","protected":false},"featured_media":5035,"comment_status":"closed","ping_status":"closed","template":"","meta":[],"etheme_brands":[],"product_brand":[],"product_cat":[259],"product_tag":[],"class_list":{"0":"post-4981","1":"product","2":"type-product","3":"status-publish","4":"has-post-thumbnail","6":"product_cat-ham-maddeler","8":"first","9":"instock","10":"taxable","11":"shipping-taxable","12":"purchasable","13":"product-type-variable"},"_links":{"self":[{"href":"https:\/\/kimyasalevi.com\/ar\/wp-json\/wp\/v2\/product\/4981","targetHints":{"allow":["GET"]}}],"collection":[{"href":"https:\/\/kimyasalevi.com\/ar\/wp-json\/wp\/v2\/product"}],"about":[{"href":"https:\/\/kimyasalevi.com\/ar\/wp-json\/wp\/v2\/types\/product"}],"replies":[{"embeddable":true,"href":"https:\/\/kimyasalevi.com\/ar\/wp-json\/wp\/v2\/comments?post=4981"}],"version-history":[{"count":4,"href":"https:\/\/kimyasalevi.com\/ar\/wp-json\/wp\/v2\/product\/4981\/revisions"}],"predecessor-version":[{"id":7038,"href":"https:\/\/kimyasalevi.com\/ar\/wp-json\/wp\/v2\/product\/4981\/revisions\/7038"}],"wp:featuredmedia":[{"embeddable":true,"href":"https:\/\/kimyasalevi.com\/ar\/wp-json\/wp\/v2\/media\/5035"}],"wp:attachment":[{"href":"https:\/\/kimyasalevi.com\/ar\/wp-json\/wp\/v2\/media?parent=4981"}],"wp:term":[{"taxonomy":"brand","embeddable":true,"href":"https:\/\/kimyasalevi.com\/ar\/wp-json\/wp\/v2\/etheme_brands?post=4981"},{"taxonomy":"product_brand","embeddable":true,"href":"https:\/\/kimyasalevi.com\/ar\/wp-json\/wp\/v2\/product_brand?post=4981"},{"taxonomy":"product_cat","embeddable":true,"href":"https:\/\/kimyasalevi.com\/ar\/wp-json\/wp\/v2\/product_cat?post=4981"},{"taxonomy":"product_tag","embeddable":true,"href":"https:\/\/kimyasalevi.com\/ar\/wp-json\/wp\/v2\/product_tag?post=4981"}],"curies":[{"name":"wp","href":"https:\/\/api.w.org\/{rel}","templated":true}]}}