{"id":5008,"date":"2026-02-11T05:45:07","date_gmt":"2026-02-11T05:45:07","guid":{"rendered":"https:\/\/kimyasalevi.com\/?post_type=product&#038;p=5008"},"modified":"2026-03-31T13:13:38","modified_gmt":"2026-03-31T13:13:38","slug":"013-sodyum-askorbil-fosfat-sodium-ascorbyl-phosphate","status":"publish","type":"product","link":"https:\/\/kimyasalevi.com\/ar\/product\/013-sodyum-askorbil-fosfat-sodium-ascorbyl-phosphate\/","title":{"rendered":"013 Sodyum Askorbil Fosfat &#8211; sodium Ascorbyl Phosphate"},"content":{"rendered":"<p>Sodyum Askorbil Fosfat (Sodium Ascorbyl Phosphate)<br \/>\nKozmetikte kullan\u0131m\u0131: Sodyum askorbil fosfat, stabil bir C vitamini t\u00fcrevidir ve cilt a\u00e7\u0131c\u0131, anti-aging serum ve kremlerde kullan\u0131l\u0131r.<br \/>\nBa\u015fl\u0131ca faydalar\u0131: \u2022 Koyu lekeleri ve hiperpigmentasyonu azalt\u0131r. \u2022 Kolajen \u00fcretimini art\u0131rarak cildin elastikiyetini geli\u015ftirir. \u2022 Antioksidan \u00f6zellik g\u00f6sterir; cildi serbest radikaller ve \u00e7evresel zararlardan korur. \u2022 Askorbik asite g\u00f6re daha stabildir.<br \/>\nKullan\u0131m oran\u0131: \u2022 Su bazl\u0131 \u00fcr\u00fcnlerde ve kremlerde genellikle %1\u20135 aras\u0131.<br \/>\nForm\u00fclasyona ekleni\u015fi: \u2022 Suda \u00e7\u00f6z\u00fcl\u00fcr. \u2022 Etkinli\u011fini korumak i\u00e7in su faz\u0131na 40\u00b0C\u2019nin alt\u0131nda eklenir.<br \/>\nNotlar: \u2022 T\u00fcm cilt tipleri i\u00e7in uygundur. \u2022 \u00c7o\u011fu aktif madde ile uyumludur, ancak \u00e7ok g\u00fc\u00e7l\u00fc asidik maddelerle ayn\u0131 fazda kar\u0131\u015ft\u0131r\u0131lmas\u0131 \u00f6nerilmez<\/p>\n","protected":false},"excerpt":{"rendered":"<p>&#8230;<\/p>\n","protected":false},"featured_media":5059,"comment_status":"closed","ping_status":"closed","template":"","meta":[],"etheme_brands":[],"product_brand":[],"product_cat":[259],"product_tag":[],"class_list":{"0":"post-5008","1":"product","2":"type-product","3":"status-publish","4":"has-post-thumbnail","6":"product_cat-ham-maddeler","8":"first","9":"instock","10":"taxable","11":"shipping-taxable","12":"purchasable","13":"product-type-variable"},"_links":{"self":[{"href":"https:\/\/kimyasalevi.com\/ar\/wp-json\/wp\/v2\/product\/5008","targetHints":{"allow":["GET"]}}],"collection":[{"href":"https:\/\/kimyasalevi.com\/ar\/wp-json\/wp\/v2\/product"}],"about":[{"href":"https:\/\/kimyasalevi.com\/ar\/wp-json\/wp\/v2\/types\/product"}],"replies":[{"embeddable":true,"href":"https:\/\/kimyasalevi.com\/ar\/wp-json\/wp\/v2\/comments?post=5008"}],"version-history":[{"count":4,"href":"https:\/\/kimyasalevi.com\/ar\/wp-json\/wp\/v2\/product\/5008\/revisions"}],"predecessor-version":[{"id":7025,"href":"https:\/\/kimyasalevi.com\/ar\/wp-json\/wp\/v2\/product\/5008\/revisions\/7025"}],"wp:featuredmedia":[{"embeddable":true,"href":"https:\/\/kimyasalevi.com\/ar\/wp-json\/wp\/v2\/media\/5059"}],"wp:attachment":[{"href":"https:\/\/kimyasalevi.com\/ar\/wp-json\/wp\/v2\/media?parent=5008"}],"wp:term":[{"taxonomy":"brand","embeddable":true,"href":"https:\/\/kimyasalevi.com\/ar\/wp-json\/wp\/v2\/etheme_brands?post=5008"},{"taxonomy":"product_brand","embeddable":true,"href":"https:\/\/kimyasalevi.com\/ar\/wp-json\/wp\/v2\/product_brand?post=5008"},{"taxonomy":"product_cat","embeddable":true,"href":"https:\/\/kimyasalevi.com\/ar\/wp-json\/wp\/v2\/product_cat?post=5008"},{"taxonomy":"product_tag","embeddable":true,"href":"https:\/\/kimyasalevi.com\/ar\/wp-json\/wp\/v2\/product_tag?post=5008"}],"curies":[{"name":"wp","href":"https:\/\/api.w.org\/{rel}","templated":true}]}}