{"id":5216,"date":"2026-02-11T06:39:56","date_gmt":"2026-02-11T06:39:56","guid":{"rendered":"https:\/\/kimyasalevi.com\/?post_type=product&#038;p=5216"},"modified":"2026-03-31T13:15:00","modified_gmt":"2026-03-31T13:15:00","slug":"014-cyclopentasiloxane-and-dimethiconol-cd15","status":"publish","type":"product","link":"https:\/\/kimyasalevi.com\/ar\/product\/014-cyclopentasiloxane-and-dimethiconol-cd15\/","title":{"rendered":"014 Cyclopentasiloxane (And) Dimethiconol-CD15"},"content":{"rendered":"<p>CD15 Cyclopentasiloxane &amp; Dimethiconol Mix<br \/>\nKozmetikte kullan\u0131m\u0131: CD15 Cyclopentasiloxane &amp; Dimethiconol Mix, hafif ve yo\u011fun silikonlardan olu\u015fan bir kar\u0131\u015f\u0131md\u0131r. Kremler, serumlar ve sa\u00e7 bak\u0131m \u00fcr\u00fcnlerinde cildi ve sa\u00e7\u0131 yumu\u015fatmak, \u00fcr\u00fcn\u00fcn dokusunu iyile\u015ftirmek i\u00e7in kullan\u0131l\u0131r. Ba\u015fl\u0131ca faydalar\u0131: \u2022 Cilt ve sa\u00e7a ipeksi ve p\u00fcr\u00fczs\u00fcz bir his verir. \u2022 Sa\u00e7taki dola\u015fmay\u0131 azalt\u0131r ve taramay\u0131 kolayla\u015ft\u0131r\u0131r. \u2022 Cilt \u00fczerinde hafif bir koruyucu tabaka olu\u015fturarak nem kayb\u0131n\u0131 azalt\u0131r. \u2022 \u00dcr\u00fcn\u00fcn yay\u0131labilirli\u011fini ve stabilitesini art\u0131r\u0131r. Kullan\u0131m oran\u0131: \u2022 Genellikle \u00fcr\u00fcn tipine ba\u011fl\u0131 olarak %1 \u2013 %5 aras\u0131. Form\u00fclasyona ekleni\u015fi: \u2022 Ya\u011f faz\u0131na veya form\u00fclasyonun son a\u015famas\u0131nda eklenir. \u2022 Y\u00fcksek \u0131s\u0131 gerektirmez, di\u011fer ya\u011flarla iyice kar\u0131\u015ft\u0131r\u0131l\u0131r. Notlar: \u2022 T\u00fcm cilt tipleri i\u00e7in uygundur. \u2022 Ya\u011fl\u0131 bir his b\u0131rakmaz. \u2022 \u00c7o\u011fu ya\u011f ve em\u00fclgat\u00f6rle uyumludur.<\/p>\n","protected":false},"excerpt":{"rendered":"<p>&#8230;<\/p>\n","protected":false},"featured_media":5232,"comment_status":"closed","ping_status":"closed","template":"","meta":[],"etheme_brands":[],"product_brand":[],"product_cat":[259],"product_tag":[],"class_list":{"0":"post-5216","1":"product","2":"type-product","3":"status-publish","4":"has-post-thumbnail","6":"product_cat-ham-maddeler","8":"first","9":"instock","10":"taxable","11":"shipping-taxable","12":"purchasable","13":"product-type-variable"},"_links":{"self":[{"href":"https:\/\/kimyasalevi.com\/ar\/wp-json\/wp\/v2\/product\/5216","targetHints":{"allow":["GET"]}}],"collection":[{"href":"https:\/\/kimyasalevi.com\/ar\/wp-json\/wp\/v2\/product"}],"about":[{"href":"https:\/\/kimyasalevi.com\/ar\/wp-json\/wp\/v2\/types\/product"}],"replies":[{"embeddable":true,"href":"https:\/\/kimyasalevi.com\/ar\/wp-json\/wp\/v2\/comments?post=5216"}],"version-history":[{"count":3,"href":"https:\/\/kimyasalevi.com\/ar\/wp-json\/wp\/v2\/product\/5216\/revisions"}],"predecessor-version":[{"id":7022,"href":"https:\/\/kimyasalevi.com\/ar\/wp-json\/wp\/v2\/product\/5216\/revisions\/7022"}],"wp:featuredmedia":[{"embeddable":true,"href":"https:\/\/kimyasalevi.com\/ar\/wp-json\/wp\/v2\/media\/5232"}],"wp:attachment":[{"href":"https:\/\/kimyasalevi.com\/ar\/wp-json\/wp\/v2\/media?parent=5216"}],"wp:term":[{"taxonomy":"brand","embeddable":true,"href":"https:\/\/kimyasalevi.com\/ar\/wp-json\/wp\/v2\/etheme_brands?post=5216"},{"taxonomy":"product_brand","embeddable":true,"href":"https:\/\/kimyasalevi.com\/ar\/wp-json\/wp\/v2\/product_brand?post=5216"},{"taxonomy":"product_cat","embeddable":true,"href":"https:\/\/kimyasalevi.com\/ar\/wp-json\/wp\/v2\/product_cat?post=5216"},{"taxonomy":"product_tag","embeddable":true,"href":"https:\/\/kimyasalevi.com\/ar\/wp-json\/wp\/v2\/product_tag?post=5216"}],"curies":[{"name":"wp","href":"https:\/\/api.w.org\/{rel}","templated":true}]}}