{"id":5330,"date":"2026-02-11T07:09:52","date_gmt":"2026-02-11T07:09:52","guid":{"rendered":"https:\/\/kimyasalevi.com\/?post_type=product&#038;p=5330"},"modified":"2026-04-01T06:39:24","modified_gmt":"2026-04-01T06:39:24","slug":"049-disodium-lauryl-sulfosuccinate","status":"publish","type":"product","link":"https:\/\/kimyasalevi.com\/ar\/product\/049-disodium-lauryl-sulfosuccinate\/","title":{"rendered":"049 DISODIUM LAURYL SULFOSUCCINATE"},"content":{"rendered":"<p>Disodium Laureth Sulfosuccinate (Disodyum Laureth Sulfosuksinat)<br \/>\nKozmetikte kullan\u0131m\u0131: Hafif bir y\u00fczey aktif madde (mild surfactant) olup sa\u00e7 ve cildi nazik\u00e7e temizlemek i\u00e7in kullan\u0131l\u0131r. \u015eampuanlar, du\u015f jelleri, y\u00fcz temizleyicileri ve bebek \u00fcr\u00fcnlerinde yayg\u0131nd\u0131r. Kir ve ya\u011f\u0131 etkili \u015fekilde uzakla\u015ft\u0131r\u0131rken cildi kurutmadan ve tahri\u015f etmeden temizler.<br \/>\nBa\u015fl\u0131ca faydalar\u0131: Cilt i\u00e7in naziktir ve d\u00fc\u015f\u00fck tahri\u015f riski ta\u015f\u0131r. Zengin ve stabil k\u00f6p\u00fck olu\u015fturur. SLS\/SLES gibi g\u00fc\u00e7l\u00fc y\u00fczey aktif maddelere k\u0131yasla \u00e7ok daha az tahri\u015f edicidir.<br \/>\nKullan\u0131m oran\u0131: Genellikle \u00fcr\u00fcn tipine ba\u011fl\u0131 olarak %5 \u2013 %15 aral\u0131\u011f\u0131nda kullan\u0131l\u0131r.<br \/>\nForm\u00fclasyona ekleni\u015fi: Su faz\u0131na ilave edilir ve homojen bir yap\u0131 elde edilene kadar kar\u0131\u015ft\u0131r\u0131l\u0131r.<br \/>\nUyumluluk: \u00c7o\u011fu y\u00fczey aktif madde, ya\u011f ve nemlendirici bile\u015fenle uyumludur. Hassas ciltler ve \u00e7ocuklar i\u00e7in uygundur.<\/p>\n","protected":false},"excerpt":{"rendered":"<p>&#8230;<\/p>\n","protected":false},"featured_media":5347,"comment_status":"closed","ping_status":"closed","template":"","meta":[],"etheme_brands":[],"product_brand":[],"product_cat":[259],"product_tag":[],"class_list":{"0":"post-5330","1":"product","2":"type-product","3":"status-publish","4":"has-post-thumbnail","6":"product_cat-ham-maddeler","8":"first","9":"instock","10":"taxable","11":"shipping-taxable","12":"purchasable","13":"product-type-variable"},"_links":{"self":[{"href":"https:\/\/kimyasalevi.com\/ar\/wp-json\/wp\/v2\/product\/5330","targetHints":{"allow":["GET"]}}],"collection":[{"href":"https:\/\/kimyasalevi.com\/ar\/wp-json\/wp\/v2\/product"}],"about":[{"href":"https:\/\/kimyasalevi.com\/ar\/wp-json\/wp\/v2\/types\/product"}],"replies":[{"embeddable":true,"href":"https:\/\/kimyasalevi.com\/ar\/wp-json\/wp\/v2\/comments?post=5330"}],"version-history":[{"count":4,"href":"https:\/\/kimyasalevi.com\/ar\/wp-json\/wp\/v2\/product\/5330\/revisions"}],"predecessor-version":[{"id":7018,"href":"https:\/\/kimyasalevi.com\/ar\/wp-json\/wp\/v2\/product\/5330\/revisions\/7018"}],"wp:featuredmedia":[{"embeddable":true,"href":"https:\/\/kimyasalevi.com\/ar\/wp-json\/wp\/v2\/media\/5347"}],"wp:attachment":[{"href":"https:\/\/kimyasalevi.com\/ar\/wp-json\/wp\/v2\/media?parent=5330"}],"wp:term":[{"taxonomy":"brand","embeddable":true,"href":"https:\/\/kimyasalevi.com\/ar\/wp-json\/wp\/v2\/etheme_brands?post=5330"},{"taxonomy":"product_brand","embeddable":true,"href":"https:\/\/kimyasalevi.com\/ar\/wp-json\/wp\/v2\/product_brand?post=5330"},{"taxonomy":"product_cat","embeddable":true,"href":"https:\/\/kimyasalevi.com\/ar\/wp-json\/wp\/v2\/product_cat?post=5330"},{"taxonomy":"product_tag","embeddable":true,"href":"https:\/\/kimyasalevi.com\/ar\/wp-json\/wp\/v2\/product_tag?post=5330"}],"curies":[{"name":"wp","href":"https:\/\/api.w.org\/{rel}","templated":true}]}}