{"id":5426,"date":"2026-02-11T12:49:32","date_gmt":"2026-02-11T12:49:32","guid":{"rendered":"https:\/\/kimyasalevi.com\/?post_type=product&#038;p=5426"},"modified":"2026-04-01T06:45:29","modified_gmt":"2026-04-01T06:45:29","slug":"055-saf-su-purified-water","status":"publish","type":"product","link":"https:\/\/kimyasalevi.com\/ar\/product\/055-saf-su-purified-water\/","title":{"rendered":"055 SAF SU &#8211; PURIFIED WATER"},"content":{"rendered":"<div>Kozmetikte kullan\u0131m\u0131:<\/div>\n<div>\u2022\u00c7o\u011fu krem, losyon, serum, tonik ve su bazl\u0131 \u00fcr\u00fcnlerde temel su faz\u0131 olarak kullan\u0131l\u0131r.<\/div>\n<div>\u2022Su i\u00e7inde \u00e7\u00f6z\u00fcnebilen gliserin, asitler ve bitki \u00f6zleri gibi maddeleri \u00e7\u00f6zer.<\/div>\n<div>\u2022\u00dcr\u00fcnde bile\u015fenlerin da\u011f\u0131l\u0131m\u0131n\u0131 kolayla\u015ft\u0131r\u0131r ve seyreltilmesine yard\u0131mc\u0131 olur.<\/div>\n<div><\/div>\n<div>Ba\u015fl\u0131ca faydalar\u0131:<\/div>\n<div>\u2022\u00dcr\u00fcnler i\u00e7in saf ve kirden ar\u0131nd\u0131r\u0131lm\u0131\u015f bir ortam sa\u011flar.<\/div>\n<div>\u2022Koruyucu maddelerle birle\u015ftirildi\u011finde \u00fcr\u00fcn\u00fcn stabilitesini art\u0131r\u0131r ve mikrobiyal b\u00fcy\u00fcmeyi \u00f6nler.<\/div>\n<div>\u2022Aktif maddelerin homojen da\u011f\u0131l\u0131m\u0131na katk\u0131 sa\u011flar.<\/div>\n<div><\/div>\n<div>Kullan\u0131m oran\u0131:<\/div>\n<div>\u2022\u00dcr\u00fcn\u00fcn toplam a\u011f\u0131rl\u0131\u011f\u0131n\u0131n genellikle %50 \u2013 %90\u2019\u0131 aras\u0131nda.<\/div>\n<div><\/div>\n<div>Form\u00fclasyona ekleni\u015fi:<\/div>\n<div>\u2022Form\u00fclasyona ba\u015flang\u0131\u00e7ta eklenir.<\/div>\n<div>\u2022\u00dcr\u00fcn ihtiyac\u0131na g\u00f6re \u0131s\u0131t\u0131l\u0131r veya kar\u0131\u015ft\u0131r\u0131l\u0131r.<\/div>\n<div><\/div>\n<div>Uyumluluk:<\/div>\n<div>\u2022Su ile uyumlu t\u00fcm bile\u015fenlerle uyumludur.<\/div>\n<div>\u2022Topikal kullan\u0131m i\u00e7in tamamen g\u00fcvenlidir.<\/div>\n","protected":false},"excerpt":{"rendered":"<p>&#8230;<\/p>\n","protected":false},"featured_media":5437,"comment_status":"closed","ping_status":"closed","template":"","meta":[],"etheme_brands":[],"product_brand":[],"product_cat":[259],"product_tag":[],"class_list":{"0":"post-5426","1":"product","2":"type-product","3":"status-publish","4":"has-post-thumbnail","6":"product_cat-ham-maddeler","8":"first","9":"instock","10":"taxable","11":"shipping-taxable","12":"purchasable","13":"product-type-variable"},"_links":{"self":[{"href":"https:\/\/kimyasalevi.com\/ar\/wp-json\/wp\/v2\/product\/5426","targetHints":{"allow":["GET"]}}],"collection":[{"href":"https:\/\/kimyasalevi.com\/ar\/wp-json\/wp\/v2\/product"}],"about":[{"href":"https:\/\/kimyasalevi.com\/ar\/wp-json\/wp\/v2\/types\/product"}],"replies":[{"embeddable":true,"href":"https:\/\/kimyasalevi.com\/ar\/wp-json\/wp\/v2\/comments?post=5426"}],"version-history":[{"count":4,"href":"https:\/\/kimyasalevi.com\/ar\/wp-json\/wp\/v2\/product\/5426\/revisions"}],"predecessor-version":[{"id":7012,"href":"https:\/\/kimyasalevi.com\/ar\/wp-json\/wp\/v2\/product\/5426\/revisions\/7012"}],"wp:featuredmedia":[{"embeddable":true,"href":"https:\/\/kimyasalevi.com\/ar\/wp-json\/wp\/v2\/media\/5437"}],"wp:attachment":[{"href":"https:\/\/kimyasalevi.com\/ar\/wp-json\/wp\/v2\/media?parent=5426"}],"wp:term":[{"taxonomy":"brand","embeddable":true,"href":"https:\/\/kimyasalevi.com\/ar\/wp-json\/wp\/v2\/etheme_brands?post=5426"},{"taxonomy":"product_brand","embeddable":true,"href":"https:\/\/kimyasalevi.com\/ar\/wp-json\/wp\/v2\/product_brand?post=5426"},{"taxonomy":"product_cat","embeddable":true,"href":"https:\/\/kimyasalevi.com\/ar\/wp-json\/wp\/v2\/product_cat?post=5426"},{"taxonomy":"product_tag","embeddable":true,"href":"https:\/\/kimyasalevi.com\/ar\/wp-json\/wp\/v2\/product_tag?post=5426"}],"curies":[{"name":"wp","href":"https:\/\/api.w.org\/{rel}","templated":true}]}}