{"id":5452,"date":"2026-02-16T05:24:41","date_gmt":"2026-02-16T05:24:41","guid":{"rendered":"https:\/\/kimyasalevi.com\/?post_type=product&#038;p=5452"},"modified":"2026-04-01T06:46:32","modified_gmt":"2026-04-01T06:46:32","slug":"057-silika-hidrat-hydrated-silica-precipitated-silicon-dioxide-167","status":"publish","type":"product","link":"https:\/\/kimyasalevi.com\/ar\/product\/057-silika-hidrat-hydrated-silica-precipitated-silicon-dioxide-167\/","title":{"rendered":"057 S\u0130L\u0130KA H\u0130DRAT &#8211; HYDRATED S\u0130L\u0130CA\/PREC\u0130P\u0130TATED S\u0130L\u0130CON D\u0130OX\u0130DE 167"},"content":{"rendered":"<p>Zeodent 167, emici ve yumu\u015fak yap\u0131l\u0131 bir silika t\u00fcr\u00fcd\u00fcr (Hydrated Silica \/ Absorbent Powder). Ba\u015fl\u0131ca di\u015f macunlar\u0131nda kullan\u0131l\u0131r; di\u015f minesini \u00e7izmeden temizlemeye ve y\u00fczey lekelerini gidermeye yard\u0131mc\u0131 olur. \u00dcr\u00fcne p\u00fcr\u00fczs\u00fcz bir doku ve dengeli bir k\u0131vam kazand\u0131r\u0131r, form\u00fcl\u00fcn stabil kalmas\u0131n\u0131 sa\u011flar. Ya\u011flar\u0131 ve y\u00fczey kal\u0131nt\u0131lar\u0131n\u0131 emer, di\u015f macununa uygun yo\u011funluk ve yumu\u015fakl\u0131k verir, kullan\u0131m deneyimini iyile\u015ftirir ve topaklanmay\u0131 \u00f6nler. Kullan\u0131m oran\u0131 genellikle \u00fcr\u00fcn tipine ba\u011fl\u0131 olarak %5 \u2013 %30 aras\u0131ndad\u0131r. Form\u00fclasyona kuru fazda ya da su faz\u0131 ile kar\u0131\u015ft\u0131r\u0131larak eklenir ve homojen bir kar\u0131\u015f\u0131m elde edilene kadar iyi da\u011f\u0131t\u0131lmas\u0131 gerekir. \u00c7o\u011fu di\u015f macunu bile\u015feni ile uyumludur ve \u00f6nerilen konsantrasyonlarda topikal kullan\u0131m i\u00e7in g\u00fcvenlidir.<\/p>\n","protected":false},"excerpt":{"rendered":"<p>&#8230;<\/p>\n","protected":false},"featured_media":5465,"comment_status":"closed","ping_status":"closed","template":"","meta":[],"etheme_brands":[],"product_brand":[],"product_cat":[259],"product_tag":[],"class_list":{"0":"post-5452","1":"product","2":"type-product","3":"status-publish","4":"has-post-thumbnail","6":"product_cat-ham-maddeler","8":"first","9":"instock","10":"taxable","11":"shipping-taxable","12":"purchasable","13":"product-type-variable"},"_links":{"self":[{"href":"https:\/\/kimyasalevi.com\/ar\/wp-json\/wp\/v2\/product\/5452","targetHints":{"allow":["GET"]}}],"collection":[{"href":"https:\/\/kimyasalevi.com\/ar\/wp-json\/wp\/v2\/product"}],"about":[{"href":"https:\/\/kimyasalevi.com\/ar\/wp-json\/wp\/v2\/types\/product"}],"replies":[{"embeddable":true,"href":"https:\/\/kimyasalevi.com\/ar\/wp-json\/wp\/v2\/comments?post=5452"}],"version-history":[{"count":4,"href":"https:\/\/kimyasalevi.com\/ar\/wp-json\/wp\/v2\/product\/5452\/revisions"}],"predecessor-version":[{"id":7010,"href":"https:\/\/kimyasalevi.com\/ar\/wp-json\/wp\/v2\/product\/5452\/revisions\/7010"}],"wp:featuredmedia":[{"embeddable":true,"href":"https:\/\/kimyasalevi.com\/ar\/wp-json\/wp\/v2\/media\/5465"}],"wp:attachment":[{"href":"https:\/\/kimyasalevi.com\/ar\/wp-json\/wp\/v2\/media?parent=5452"}],"wp:term":[{"taxonomy":"brand","embeddable":true,"href":"https:\/\/kimyasalevi.com\/ar\/wp-json\/wp\/v2\/etheme_brands?post=5452"},{"taxonomy":"product_brand","embeddable":true,"href":"https:\/\/kimyasalevi.com\/ar\/wp-json\/wp\/v2\/product_brand?post=5452"},{"taxonomy":"product_cat","embeddable":true,"href":"https:\/\/kimyasalevi.com\/ar\/wp-json\/wp\/v2\/product_cat?post=5452"},{"taxonomy":"product_tag","embeddable":true,"href":"https:\/\/kimyasalevi.com\/ar\/wp-json\/wp\/v2\/product_tag?post=5452"}],"curies":[{"name":"wp","href":"https:\/\/api.w.org\/{rel}","templated":true}]}}