{"id":5747,"date":"2026-02-16T06:34:02","date_gmt":"2026-02-16T06:34:02","guid":{"rendered":"https:\/\/kimyasalevi.com\/?post_type=product&#038;p=5747"},"modified":"2026-04-01T06:55:19","modified_gmt":"2026-04-01T06:55:19","slug":"066-stearik-asit-1845-stearic-acid","status":"publish","type":"product","link":"https:\/\/kimyasalevi.com\/ar\/product\/066-stearik-asit-1845-stearic-acid\/","title":{"rendered":"066 STEAR\u0130K AS\u0130T 1845 &#8211; Stearic acid"},"content":{"rendered":"<p>Stearic Acid kozmetik form\u00fclasyonlarda em\u00fclsifiye edici ve k\u0131vam art\u0131r\u0131c\u0131\/stabilizat\u00f6r olarak yayg\u0131n \u015fekilde kullan\u0131l\u0131r. Su ve ya\u011f faz\u0131n\u0131n bir araya gelmesine yard\u0131mc\u0131 olur ve kremler, losyonlar, merhemler ile sabunlarda \u00fcr\u00fcn\u00fcn daha stabil ve homojen olmas\u0131n\u0131 sa\u011flar. Sabun \u00fcretiminde ya\u011flarla alkali reaksiyona girerek sabunla\u015fmay\u0131 sa\u011flayan \u00f6nemli bir bile\u015fendir. \u00dcr\u00fcne yumu\u015fak, kremsi ve dolgun bir doku kazand\u0131r\u0131r. Em\u00fclsiyonlar\u0131 stabilize eder, ya\u011f ve suyun ayr\u0131lmas\u0131n\u0131 \u00f6nler, \u00fcr\u00fcn\u00fcn k\u0131vam\u0131n\u0131 ve p\u00fcr\u00fczs\u00fczl\u00fc\u011f\u00fcn\u00fc art\u0131r\u0131r. Dolayl\u0131 olarak cildin nemlenmesine katk\u0131 sa\u011flar ve sabunlarda sertlik ile d\u00fczg\u00fcn bir yap\u0131 olu\u015fturur. Kullan\u0131m oran\u0131 genellikle \u00fcr\u00fcn tipine ba\u011fl\u0131 olarak %2 \u2013 %8 aras\u0131ndad\u0131r, sabun form\u00fcllerinde ise %20\u2019ye kadar \u00e7\u0131kabilir. Ya\u011f faz\u0131nda \u0131s\u0131t\u0131larak eritilir ve em\u00fclsiyon a\u015famas\u0131nda su faz\u0131 ile kar\u0131\u015ft\u0131r\u0131l\u0131r. \u00c7o\u011fu ya\u011f ve em\u00fclgat\u00f6rle uyumludur ve \u00f6nerilen konsantrasyonlarda topikal kullan\u0131m i\u00e7in g\u00fcvenlidir.<\/p>\n","protected":false},"excerpt":{"rendered":"<p>&#8230;<\/p>\n","protected":false},"featured_media":5762,"comment_status":"closed","ping_status":"closed","template":"","meta":[],"etheme_brands":[],"product_brand":[],"product_cat":[259],"product_tag":[],"class_list":{"0":"post-5747","1":"product","2":"type-product","3":"status-publish","4":"has-post-thumbnail","6":"product_cat-ham-maddeler","8":"first","9":"instock","10":"taxable","11":"shipping-taxable","12":"purchasable","13":"product-type-variable"},"_links":{"self":[{"href":"https:\/\/kimyasalevi.com\/ar\/wp-json\/wp\/v2\/product\/5747","targetHints":{"allow":["GET"]}}],"collection":[{"href":"https:\/\/kimyasalevi.com\/ar\/wp-json\/wp\/v2\/product"}],"about":[{"href":"https:\/\/kimyasalevi.com\/ar\/wp-json\/wp\/v2\/types\/product"}],"replies":[{"embeddable":true,"href":"https:\/\/kimyasalevi.com\/ar\/wp-json\/wp\/v2\/comments?post=5747"}],"version-history":[{"count":4,"href":"https:\/\/kimyasalevi.com\/ar\/wp-json\/wp\/v2\/product\/5747\/revisions"}],"predecessor-version":[{"id":6993,"href":"https:\/\/kimyasalevi.com\/ar\/wp-json\/wp\/v2\/product\/5747\/revisions\/6993"}],"wp:featuredmedia":[{"embeddable":true,"href":"https:\/\/kimyasalevi.com\/ar\/wp-json\/wp\/v2\/media\/5762"}],"wp:attachment":[{"href":"https:\/\/kimyasalevi.com\/ar\/wp-json\/wp\/v2\/media?parent=5747"}],"wp:term":[{"taxonomy":"brand","embeddable":true,"href":"https:\/\/kimyasalevi.com\/ar\/wp-json\/wp\/v2\/etheme_brands?post=5747"},{"taxonomy":"product_brand","embeddable":true,"href":"https:\/\/kimyasalevi.com\/ar\/wp-json\/wp\/v2\/product_brand?post=5747"},{"taxonomy":"product_cat","embeddable":true,"href":"https:\/\/kimyasalevi.com\/ar\/wp-json\/wp\/v2\/product_cat?post=5747"},{"taxonomy":"product_tag","embeddable":true,"href":"https:\/\/kimyasalevi.com\/ar\/wp-json\/wp\/v2\/product_tag?post=5747"}],"curies":[{"name":"wp","href":"https:\/\/api.w.org\/{rel}","templated":true}]}}