{"id":5941,"date":"2026-02-16T08:27:44","date_gmt":"2026-02-16T08:27:44","guid":{"rendered":"https:\/\/kimyasalevi.com\/?post_type=product&#038;p=5941"},"modified":"2026-04-01T07:03:49","modified_gmt":"2026-04-01T07:03:49","slug":"072-glikolik-asit-70-glycolic-acid-70","status":"publish","type":"product","link":"https:\/\/kimyasalevi.com\/ar\/product\/072-glikolik-asit-70-glycolic-acid-70\/","title":{"rendered":"072 GL\u0130KOL\u0130K AS\u0130T 70% &#8211; GLYCOLIC ACID 70%"},"content":{"rendered":"<p>Glycolic Acid %70 kozmetikte AHA (Alfa Hidroksi Asit) grubunda yer alan g\u00fc\u00e7l\u00fc bir kimyasal peeling ajan\u0131d\u0131r. Y\u00fcz ve v\u00fccut peelingleri, profesyonel cilt bak\u0131m ve kozmetik tedavilerinde kullan\u0131l\u0131r. \u00d6l\u00fc h\u00fccrelerin uzakla\u015ft\u0131r\u0131lmas\u0131na yard\u0131mc\u0131 olur ve cilt yenilenmesini destekler. \u0130nce \u00e7izgi ve k\u0131r\u0131\u015f\u0131kl\u0131k g\u00f6r\u00fcn\u00fcm\u00fcn\u00fc azalt\u0131r, cilt dokusunu iyile\u015ftirir, daha p\u00fcr\u00fczs\u00fcz ve parlak bir g\u00f6r\u00fcn\u00fcm kazand\u0131r\u0131r. Cilt tonunu e\u015fitlemeye ve leke g\u00f6r\u00fcn\u00fcm\u00fcn\u00fc azaltmaya yard\u0131mc\u0131 olurken, do\u011fal kolajen \u00fcretimini de destekler. %70 konsantrasyon \u00e7ok g\u00fc\u00e7l\u00fcd\u00fcr ve genellikle klinik veya uzman g\u00f6zetiminde kullan\u0131l\u0131r. Ev kullan\u0131m\u0131na y\u00f6nelik \u00fcr\u00fcnlerde genellikle %5 \u2013 %15 seviyelerine seyreltilir. Form\u00fclasyona eklenirken pH kontrol\u00fc b\u00fcy\u00fck \u00f6nem ta\u015f\u0131r ve kullan\u0131m \u00f6ncesi mutlaka uygun \u015fekilde seyreltilmelidir. Yanl\u0131\u015f kullan\u0131mda ciltte yan\u0131k ve tahri\u015fe neden olabilece\u011finden dikkatli kullan\u0131lmal\u0131, uygulama sonras\u0131 mutlaka g\u00fcne\u015f koruyucu kullan\u0131lmal\u0131d\u0131r ve g\u00fc\u00e7l\u00fc alkalilerle veya aside hassas bile\u015fenlerle birlikte kullan\u0131lmamal\u0131d\u0131r.<\/p>\n","protected":false},"excerpt":{"rendered":"<p>&#8230;<\/p>\n","protected":false},"featured_media":5957,"comment_status":"closed","ping_status":"closed","template":"","meta":[],"etheme_brands":[],"product_brand":[],"product_cat":[259],"product_tag":[],"class_list":{"0":"post-5941","1":"product","2":"type-product","3":"status-publish","4":"has-post-thumbnail","6":"product_cat-ham-maddeler","8":"first","9":"instock","10":"taxable","11":"shipping-taxable","12":"purchasable","13":"product-type-variable"},"_links":{"self":[{"href":"https:\/\/kimyasalevi.com\/ar\/wp-json\/wp\/v2\/product\/5941","targetHints":{"allow":["GET"]}}],"collection":[{"href":"https:\/\/kimyasalevi.com\/ar\/wp-json\/wp\/v2\/product"}],"about":[{"href":"https:\/\/kimyasalevi.com\/ar\/wp-json\/wp\/v2\/types\/product"}],"replies":[{"embeddable":true,"href":"https:\/\/kimyasalevi.com\/ar\/wp-json\/wp\/v2\/comments?post=5941"}],"version-history":[{"count":4,"href":"https:\/\/kimyasalevi.com\/ar\/wp-json\/wp\/v2\/product\/5941\/revisions"}],"predecessor-version":[{"id":6982,"href":"https:\/\/kimyasalevi.com\/ar\/wp-json\/wp\/v2\/product\/5941\/revisions\/6982"}],"wp:featuredmedia":[{"embeddable":true,"href":"https:\/\/kimyasalevi.com\/ar\/wp-json\/wp\/v2\/media\/5957"}],"wp:attachment":[{"href":"https:\/\/kimyasalevi.com\/ar\/wp-json\/wp\/v2\/media?parent=5941"}],"wp:term":[{"taxonomy":"brand","embeddable":true,"href":"https:\/\/kimyasalevi.com\/ar\/wp-json\/wp\/v2\/etheme_brands?post=5941"},{"taxonomy":"product_brand","embeddable":true,"href":"https:\/\/kimyasalevi.com\/ar\/wp-json\/wp\/v2\/product_brand?post=5941"},{"taxonomy":"product_cat","embeddable":true,"href":"https:\/\/kimyasalevi.com\/ar\/wp-json\/wp\/v2\/product_cat?post=5941"},{"taxonomy":"product_tag","embeddable":true,"href":"https:\/\/kimyasalevi.com\/ar\/wp-json\/wp\/v2\/product_tag?post=5941"}],"curies":[{"name":"wp","href":"https:\/\/api.w.org\/{rel}","templated":true}]}}