{"id":6011,"date":"2026-02-16T08:42:35","date_gmt":"2026-02-16T08:42:35","guid":{"rendered":"https:\/\/kimyasalevi.com\/?post_type=product&#038;p=6011"},"modified":"2026-04-01T07:06:27","modified_gmt":"2026-04-01T07:06:27","slug":"074-oksalik-asit-teknik-kalite-oxalic-acid","status":"publish","type":"product","link":"https:\/\/kimyasalevi.com\/ar\/product\/074-oksalik-asit-teknik-kalite-oxalic-acid\/","title":{"rendered":"074 OKSAL\u0130K AS\u0130T (TEKN\u0130K KAL\u0130TE) &#8211; OXALIC ACID"},"content":{"rendered":"<p>Oxalic Acid end\u00fcstriyel uygulamalarda g\u00fc\u00e7l\u00fc bir temizlik ve pas s\u00f6k\u00fcc\u00fc (rust remover \/ cleaning agent) olarak kullan\u0131l\u0131r. Metal y\u00fczeylerdeki pas\u0131 ve mineral lekelerini \u00e7\u00f6zmede etkilidir. Ayr\u0131ca baz\u0131 end\u00fcstriyel ve kimyasal form\u00fclasyonlarda pH d\u00fczenleyici veya metal \u015felatlay\u0131c\u0131 (chelating agent) olarak yer al\u0131r ve a\u011f\u0131r metal iyonlar\u0131n\u0131 ba\u011flayarak \u00fcr\u00fcn stabilitesini art\u0131r\u0131r. Kozmetik \u00fcr\u00fcnlerde, \u00f6zellikle ciltle do\u011frudan temas eden form\u00fcllerde yayg\u0131n olarak kullan\u0131lmaz. Kullan\u0131m oran\u0131 uygulamaya ba\u011fl\u0131 olarak genellikle %1 \u2013 %10 aras\u0131ndad\u0131r. Su i\u00e7inde \u00e7\u00f6z\u00fclerek kullan\u0131l\u0131r ve g\u00fc\u00e7l\u00fc asidik yap\u0131s\u0131 nedeniyle y\u00fcksek konsantrasyonlarda dikkatli \u00e7al\u0131\u015f\u0131lmal\u0131d\u0131r. Cilt ve g\u00f6zler i\u00e7in ciddi tahri\u015f edici oldu\u011fundan koruyucu ekipman kullan\u0131lmas\u0131 \u015fartt\u0131r.<\/p>\n","protected":false},"excerpt":{"rendered":"<p>&#8230;<\/p>\n","protected":false},"featured_media":6026,"comment_status":"closed","ping_status":"closed","template":"","meta":[],"etheme_brands":[],"product_brand":[],"product_cat":[259],"product_tag":[],"class_list":{"0":"post-6011","1":"product","2":"type-product","3":"status-publish","4":"has-post-thumbnail","6":"product_cat-ham-maddeler","8":"first","9":"instock","10":"taxable","11":"shipping-taxable","12":"purchasable","13":"product-type-variable"},"_links":{"self":[{"href":"https:\/\/kimyasalevi.com\/ar\/wp-json\/wp\/v2\/product\/6011","targetHints":{"allow":["GET"]}}],"collection":[{"href":"https:\/\/kimyasalevi.com\/ar\/wp-json\/wp\/v2\/product"}],"about":[{"href":"https:\/\/kimyasalevi.com\/ar\/wp-json\/wp\/v2\/types\/product"}],"replies":[{"embeddable":true,"href":"https:\/\/kimyasalevi.com\/ar\/wp-json\/wp\/v2\/comments?post=6011"}],"version-history":[{"count":3,"href":"https:\/\/kimyasalevi.com\/ar\/wp-json\/wp\/v2\/product\/6011\/revisions"}],"predecessor-version":[{"id":6978,"href":"https:\/\/kimyasalevi.com\/ar\/wp-json\/wp\/v2\/product\/6011\/revisions\/6978"}],"wp:featuredmedia":[{"embeddable":true,"href":"https:\/\/kimyasalevi.com\/ar\/wp-json\/wp\/v2\/media\/6026"}],"wp:attachment":[{"href":"https:\/\/kimyasalevi.com\/ar\/wp-json\/wp\/v2\/media?parent=6011"}],"wp:term":[{"taxonomy":"brand","embeddable":true,"href":"https:\/\/kimyasalevi.com\/ar\/wp-json\/wp\/v2\/etheme_brands?post=6011"},{"taxonomy":"product_brand","embeddable":true,"href":"https:\/\/kimyasalevi.com\/ar\/wp-json\/wp\/v2\/product_brand?post=6011"},{"taxonomy":"product_cat","embeddable":true,"href":"https:\/\/kimyasalevi.com\/ar\/wp-json\/wp\/v2\/product_cat?post=6011"},{"taxonomy":"product_tag","embeddable":true,"href":"https:\/\/kimyasalevi.com\/ar\/wp-json\/wp\/v2\/product_tag?post=6011"}],"curies":[{"name":"wp","href":"https:\/\/api.w.org\/{rel}","templated":true}]}}