{"id":6044,"date":"2026-02-16T09:33:58","date_gmt":"2026-02-16T09:33:58","guid":{"rendered":"https:\/\/kimyasalevi.com\/?post_type=product&#038;p=6044"},"modified":"2026-04-01T07:07:14","modified_gmt":"2026-04-01T07:07:14","slug":"076-folik-asit-folic-acid-vitamin-b9","status":"publish","type":"product","link":"https:\/\/kimyasalevi.com\/ar\/product\/076-folik-asit-folic-acid-vitamin-b9\/","title":{"rendered":"076 FOL\u0130K AS\u0130T &#8211; FOLIC ACID VITAMIN B9"},"content":{"rendered":"<p>Folik Asit, B9 vitamini olarak bilinir ve k\u0131rm\u0131z\u0131 kan h\u00fccrelerinin \u00fcretimi ile sinir sistemi sa\u011fl\u0131\u011f\u0131 i\u00e7in hayati \u00f6neme sahiptir. \u00d6zellikle hamilelik d\u00f6neminde, fetusun beyin ve omurga geli\u015fimini desteklemek ve n\u00f6ral t\u00fcp kusurlar\u0131n\u0131 \u00f6nlemek amac\u0131yla yayg\u0131n olarak kullan\u0131l\u0131r. Ayr\u0131ca B9 vitamini eksikli\u011fi olan ki\u015filerde ve genel sa\u011fl\u0131k deste\u011fi amac\u0131yla da tercih edilir. Kan yap\u0131m\u0131n\u0131 destekler, sinir sistemini korur ve ba\u011f\u0131\u015f\u0131kl\u0131k sisteminin g\u00fc\u00e7lenmesine katk\u0131 sa\u011flar. Kullan\u0131m dozu genellikle g\u00fcnde 400\u2013800 mikrogram olup doktor tavsiyesine g\u00f6re de\u011fi\u015febilir. Yemekle birlikte veya a\u00e7 karn\u0131na al\u0131nabilir. \u00d6nerilen doz a\u015f\u0131lmamal\u0131, kronik hastal\u0131k veya ba\u015fka ila\u00e7 kullan\u0131m\u0131 varsa mutlaka doktora dan\u0131\u015f\u0131lmal\u0131d\u0131r.<\/p>\n","protected":false},"excerpt":{"rendered":"<p>&#8230;<\/p>\n","protected":false},"featured_media":6056,"comment_status":"closed","ping_status":"closed","template":"","meta":[],"etheme_brands":[],"product_brand":[],"product_cat":[259],"product_tag":[],"class_list":{"0":"post-6044","1":"product","2":"type-product","3":"status-publish","4":"has-post-thumbnail","6":"product_cat-ham-maddeler","8":"first","9":"instock","10":"taxable","11":"shipping-taxable","12":"purchasable","13":"product-type-variable"},"_links":{"self":[{"href":"https:\/\/kimyasalevi.com\/ar\/wp-json\/wp\/v2\/product\/6044","targetHints":{"allow":["GET"]}}],"collection":[{"href":"https:\/\/kimyasalevi.com\/ar\/wp-json\/wp\/v2\/product"}],"about":[{"href":"https:\/\/kimyasalevi.com\/ar\/wp-json\/wp\/v2\/types\/product"}],"replies":[{"embeddable":true,"href":"https:\/\/kimyasalevi.com\/ar\/wp-json\/wp\/v2\/comments?post=6044"}],"version-history":[{"count":4,"href":"https:\/\/kimyasalevi.com\/ar\/wp-json\/wp\/v2\/product\/6044\/revisions"}],"predecessor-version":[{"id":6976,"href":"https:\/\/kimyasalevi.com\/ar\/wp-json\/wp\/v2\/product\/6044\/revisions\/6976"}],"wp:featuredmedia":[{"embeddable":true,"href":"https:\/\/kimyasalevi.com\/ar\/wp-json\/wp\/v2\/media\/6056"}],"wp:attachment":[{"href":"https:\/\/kimyasalevi.com\/ar\/wp-json\/wp\/v2\/media?parent=6044"}],"wp:term":[{"taxonomy":"brand","embeddable":true,"href":"https:\/\/kimyasalevi.com\/ar\/wp-json\/wp\/v2\/etheme_brands?post=6044"},{"taxonomy":"product_brand","embeddable":true,"href":"https:\/\/kimyasalevi.com\/ar\/wp-json\/wp\/v2\/product_brand?post=6044"},{"taxonomy":"product_cat","embeddable":true,"href":"https:\/\/kimyasalevi.com\/ar\/wp-json\/wp\/v2\/product_cat?post=6044"},{"taxonomy":"product_tag","embeddable":true,"href":"https:\/\/kimyasalevi.com\/ar\/wp-json\/wp\/v2\/product_tag?post=6044"}],"curies":[{"name":"wp","href":"https:\/\/api.w.org\/{rel}","templated":true}]}}