{"id":6133,"date":"2026-02-16T09:58:59","date_gmt":"2026-02-16T09:58:59","guid":{"rendered":"https:\/\/kimyasalevi.com\/?post_type=product&#038;p=6133"},"modified":"2026-04-01T07:12:01","modified_gmt":"2026-04-01T07:12:01","slug":"080-koko-glukozit-coco-glucoside","status":"publish","type":"product","link":"https:\/\/kimyasalevi.com\/ar\/product\/080-koko-glukozit-coco-glucoside\/","title":{"rendered":"080 KOKO GLUKOZ\u0130T &#8211; COCO GLUCOSIDE"},"content":{"rendered":"<p>Coco Glucoside, \u015feker ve hindistancevizi ya\u011f\u0131ndan elde edilen, son derece nazik ve do\u011fal bir y\u00fczey aktif maddedir. \u015eampuanlar, du\u015f jelleri, y\u00fcz temizleyiciler ve bebek bak\u0131m \u00fcr\u00fcnlerinde yayg\u0131n olarak kullan\u0131l\u0131r. Sa\u00e7 ve cildi do\u011fal ya\u011flar\u0131n\u0131 bozmadan nazik\u00e7e temizler, hafif ve yumu\u015fak bir k\u00f6p\u00fck olu\u015fturur ve kolay durulan\u0131r. Hassas ciltler, \u00e7ocuklar ve do\u011fal i\u00e7erik tercih eden form\u00fclasyonlar i\u00e7in idealdir. Ayn\u0131 zamanda s\u0131v\u0131 ve krem bazl\u0131 \u00fcr\u00fcnlerin dokusunu iyile\u015ftirir. Kullan\u0131m oran\u0131 genellikle s\u0131v\u0131 temizleyici \u00fcr\u00fcnlerde %5 \u2013 %15 aras\u0131ndad\u0131r. Topikal kullan\u0131mda genel olarak g\u00fcvenlidir, ancak g\u00f6zle do\u011frudan temas\u0131ndan ka\u00e7\u0131n\u0131lmal\u0131d\u0131r \u00e7\u00fcnk\u00fc hafif tahri\u015fe neden olabilir.<\/p>\n","protected":false},"excerpt":{"rendered":"<p>&#8230;<\/p>\n","protected":false},"featured_media":6161,"comment_status":"closed","ping_status":"closed","template":"","meta":[],"etheme_brands":[],"product_brand":[],"product_cat":[259],"product_tag":[],"class_list":{"0":"post-6133","1":"product","2":"type-product","3":"status-publish","4":"has-post-thumbnail","6":"product_cat-ham-maddeler","8":"first","9":"instock","10":"taxable","11":"shipping-taxable","12":"purchasable","13":"product-type-variable"},"_links":{"self":[{"href":"https:\/\/kimyasalevi.com\/ar\/wp-json\/wp\/v2\/product\/6133","targetHints":{"allow":["GET"]}}],"collection":[{"href":"https:\/\/kimyasalevi.com\/ar\/wp-json\/wp\/v2\/product"}],"about":[{"href":"https:\/\/kimyasalevi.com\/ar\/wp-json\/wp\/v2\/types\/product"}],"replies":[{"embeddable":true,"href":"https:\/\/kimyasalevi.com\/ar\/wp-json\/wp\/v2\/comments?post=6133"}],"version-history":[{"count":4,"href":"https:\/\/kimyasalevi.com\/ar\/wp-json\/wp\/v2\/product\/6133\/revisions"}],"predecessor-version":[{"id":6971,"href":"https:\/\/kimyasalevi.com\/ar\/wp-json\/wp\/v2\/product\/6133\/revisions\/6971"}],"wp:featuredmedia":[{"embeddable":true,"href":"https:\/\/kimyasalevi.com\/ar\/wp-json\/wp\/v2\/media\/6161"}],"wp:attachment":[{"href":"https:\/\/kimyasalevi.com\/ar\/wp-json\/wp\/v2\/media?parent=6133"}],"wp:term":[{"taxonomy":"brand","embeddable":true,"href":"https:\/\/kimyasalevi.com\/ar\/wp-json\/wp\/v2\/etheme_brands?post=6133"},{"taxonomy":"product_brand","embeddable":true,"href":"https:\/\/kimyasalevi.com\/ar\/wp-json\/wp\/v2\/product_brand?post=6133"},{"taxonomy":"product_cat","embeddable":true,"href":"https:\/\/kimyasalevi.com\/ar\/wp-json\/wp\/v2\/product_cat?post=6133"},{"taxonomy":"product_tag","embeddable":true,"href":"https:\/\/kimyasalevi.com\/ar\/wp-json\/wp\/v2\/product_tag?post=6133"}],"curies":[{"name":"wp","href":"https:\/\/api.w.org\/{rel}","templated":true}]}}