{"id":6172,"date":"2026-02-16T10:16:43","date_gmt":"2026-02-16T10:16:43","guid":{"rendered":"https:\/\/kimyasalevi.com\/?post_type=product&#038;p=6172"},"modified":"2026-04-01T07:11:05","modified_gmt":"2026-04-01T07:11:05","slug":"079-ure-urea","status":"publish","type":"product","link":"https:\/\/kimyasalevi.com\/ar\/product\/079-ure-urea\/","title":{"rendered":"079 \u00dcRE &#8211; UREA"},"content":{"rendered":"<p>Urea, v\u00fccutta ve ciltte do\u011fal olarak bulunan g\u00fc\u00e7l\u00fc bir nemlendiricidir ve kozmetik form\u00fclasyonlarda yayg\u0131n \u015fekilde kullan\u0131l\u0131r. Kremler, losyonlar, nemlendiriciler ve \u00f6zellikle kuru, \u00e7atlam\u0131\u015f ya da kal\u0131nla\u015fm\u0131\u015f ciltler i\u00e7in geli\u015ftirilen \u00fcr\u00fcnlerde yer al\u0131r. Cildi derinlemesine nemlendirir, elastikiyetini ve yumu\u015fakl\u0131\u011f\u0131n\u0131 art\u0131r\u0131r. Ayn\u0131 zamanda hafif keratolitik etkisi sayesinde \u00f6l\u00fc deri h\u00fccrelerinin nazik\u00e7e uzakla\u015ft\u0131r\u0131lmas\u0131na yard\u0131mc\u0131 olur. Topuk \u00e7atlaklar\u0131 ve kuru egzama gibi durumlarda da tercih edilebilir. G\u00fcnl\u00fck nemlendirme \u00fcr\u00fcnlerinde kullan\u0131m oran\u0131 genellikle %5 \u2013 %10 aras\u0131ndad\u0131r; kal\u0131n, pullanan veya \u00e7ok kuru ciltler i\u00e7in geli\u015ftirilen \u00fcr\u00fcnlerde ise medikal \u00f6nerilere ba\u011fl\u0131 olarak %20 \u2013 %40 seviyelerine \u00e7\u0131kabilir. Topikal kullan\u0131mda genel olarak g\u00fcvenlidir, ancak a\u00e7\u0131k yara veya derin \u00e7atlaklarda hafif yanma hissi olu\u015fturabilir.<\/p>\n","protected":false},"excerpt":{"rendered":"<p>&#8230;<\/p>\n","protected":false},"featured_media":6145,"comment_status":"closed","ping_status":"closed","template":"","meta":[],"etheme_brands":[],"product_brand":[],"product_cat":[259],"product_tag":[],"class_list":{"0":"post-6172","1":"product","2":"type-product","3":"status-publish","4":"has-post-thumbnail","6":"product_cat-ham-maddeler","8":"first","9":"instock","10":"taxable","11":"shipping-taxable","12":"purchasable","13":"product-type-variable"},"_links":{"self":[{"href":"https:\/\/kimyasalevi.com\/ar\/wp-json\/wp\/v2\/product\/6172","targetHints":{"allow":["GET"]}}],"collection":[{"href":"https:\/\/kimyasalevi.com\/ar\/wp-json\/wp\/v2\/product"}],"about":[{"href":"https:\/\/kimyasalevi.com\/ar\/wp-json\/wp\/v2\/types\/product"}],"replies":[{"embeddable":true,"href":"https:\/\/kimyasalevi.com\/ar\/wp-json\/wp\/v2\/comments?post=6172"}],"version-history":[{"count":3,"href":"https:\/\/kimyasalevi.com\/ar\/wp-json\/wp\/v2\/product\/6172\/revisions"}],"predecessor-version":[{"id":6969,"href":"https:\/\/kimyasalevi.com\/ar\/wp-json\/wp\/v2\/product\/6172\/revisions\/6969"}],"wp:featuredmedia":[{"embeddable":true,"href":"https:\/\/kimyasalevi.com\/ar\/wp-json\/wp\/v2\/media\/6145"}],"wp:attachment":[{"href":"https:\/\/kimyasalevi.com\/ar\/wp-json\/wp\/v2\/media?parent=6172"}],"wp:term":[{"taxonomy":"brand","embeddable":true,"href":"https:\/\/kimyasalevi.com\/ar\/wp-json\/wp\/v2\/etheme_brands?post=6172"},{"taxonomy":"product_brand","embeddable":true,"href":"https:\/\/kimyasalevi.com\/ar\/wp-json\/wp\/v2\/product_brand?post=6172"},{"taxonomy":"product_cat","embeddable":true,"href":"https:\/\/kimyasalevi.com\/ar\/wp-json\/wp\/v2\/product_cat?post=6172"},{"taxonomy":"product_tag","embeddable":true,"href":"https:\/\/kimyasalevi.com\/ar\/wp-json\/wp\/v2\/product_tag?post=6172"}],"curies":[{"name":"wp","href":"https:\/\/api.w.org\/{rel}","templated":true}]}}