{"id":6189,"date":"2026-02-16T10:19:59","date_gmt":"2026-02-16T10:19:59","guid":{"rendered":"https:\/\/kimyasalevi.com\/?post_type=product&#038;p=6189"},"modified":"2026-02-17T22:38:45","modified_gmt":"2026-02-17T22:38:45","slug":"%d9%85%d9%8a%d9%86%d9%88%d9%83%d8%b3%d9%8a%d8%af%d9%8a%d9%84-001-copy-copy-copy-copy-copy-copy-3","status":"publish","type":"product","link":"https:\/\/kimyasalevi.com\/ar\/product\/%d9%85%d9%8a%d9%86%d9%88%d9%83%d8%b3%d9%8a%d8%af%d9%8a%d9%84-001-copy-copy-copy-copy-copy-copy-3\/","title":{"rendered":"016 \u0628 \u064a\u0648\u062a\u064a\u0646 (\u0641\u064a\u062a\u0627\u0645\u064a\u0646 \u0628 7)"},"content":{"rendered":"<p>\u0627\u0644\u0628\u064a\u0648\u062a\u064a\u0646 (B7 \u0641\u064a\u062a\u0627\u0645\u064a\u0646\u064a). Kozmetikte kullan\u0131m\u0131m\u0131: \u0627\u0644\u0628\u064a\u0648\u062a\u064a\u0646\u061b \u0645\u0635\u0644 \u0641\u064a\u062a\u0627\u0645\u064a\u0646 B7\u060c \u0645\u0635\u0644 \u0641\u064a\u062a\u0627\u0645\u064a\u0646 B7\u060c \u0645\u0635\u0644 \u0641\u064a\u062a\u0627\u0645\u064a\u0646 B7\u060c \u0645\u0635\u0644 \u0641\u064a\u062a\u0627\u0645\u064a\u0646 B7. \u0643\u0645\u0627 \u0623\u0646 \u0627\u0644\u0645\u0635\u0644 \u0627\u0644\u0645\u0648\u0635\u0644\u064a \u0627\u0644\u0645\u0636\u0645\u0648\u0646\u060c \u0648\u0645\u0636\u0627\u062f\u0627\u062a \u0627\u0644\u0623\u0643\u0633\u062f\u0629 \u0627\u0644\u062a\u064a \u064a\u062a\u0645 \u062a\u0646\u0627\u0648\u0644\u0647\u0627 \u0641\u064a \u0627\u0644\u0645\u0635\u0644 \u0627\u0644\u0645\u0648\u0635\u0644\u064a. \u0644\u0627 \u062f\u0627\u0639\u064a \u0644\u0644\u0642\u0644\u0642: Sa\u00e7 b\u00fcy\u00fcmesini destekler, sa\u00e7\u0131 g\u00fc\u00e7lendir ve d\u00f6k\u00fclmeyi azalt\u0131r. \u0644\u0627 \u064a\u0645\u0643\u0646 \u0623\u0646 \u064a\u0643\u0648\u0646 \u0647\u0646\u0627\u0643 \u0623\u064a \u0634\u064a\u0621 \u0622\u062e\u0631 \u063a\u064a\u0631 \u0630\u0644\u0643. \u062a\u0645 \u062a\u0635\u0645\u064a\u0645\u0647 \u0645\u0646 \u0642\u0628\u0644 \u0627\u0644\u0634\u0631\u0643\u0629. \u062a\u0645 \u0627\u0633\u062a\u062e\u062f\u0627\u0645 \u0647\u0630\u0627 \u0627\u0644\u0646\u0638\u0627\u0645 \u0641\u064a \u062c\u0645\u064a\u0639 \u0623\u0646\u062d\u0627\u0621 \u0627\u0644\u0639\u0627\u0644\u0645. Kullan\u0131m oran\u0131: \u0627\u0644\u0645\u0635\u0644 \u0648 \u0627\u0644\u0643\u0631\u064a\u0645\u0644\u0631 \u0648 \u0627\u0644\u0643\u0631\u064a\u0645\u0644\u0631 \u0648 \u0627\u0644\u0643\u0631\u064a\u0645\u0644\u0631. \u0627\u0644\u0645\u0635\u0644 \u0648 \u0627\u0644\u0643\u0631\u064a\u0645\u0644\u0631 %0,1 &#8211; %0,5 \u0623\u0648\u0627\u0646\u062f\u0631 %0,5 \u0623\u0648\u0627\u0646\u062f\u0631. \u0646\u0645\u0648\u0630\u062c \u0627\u0644\u062a\u0639\u0645\u064a\u0645: \u064a\u0645\u0643\u0646 \u0623\u0646 \u064a\u0643\u0648\u0646 \u0647\u0630\u0627 \u0627\u0644\u0646\u0645\u0648\u0630\u062c \u0645\u062a\u0627\u062d\u064b\u0627. \u062f\u0631\u062c\u0629 \u062d\u0631\u0627\u0631\u0629 40 \u062f\u0631\u062c\u0629 \u0645\u0626\u0648\u064a\u0629 \u0641\u064a \u062f\u0631\u062c\u0629 \u062d\u0631\u0627\u0631\u0629 40 \u062f\u0631\u062c\u0629 \u0645\u0626\u0648\u064a\u0629. \u0645\u0644\u0627\u062d\u0638\u0629: \u00d6nerilen oranlarda g\u00fcvenlidir. \u0644\u0627 \u064a\u0645\u0643\u0646 \u0623\u0646 \u064a\u0643\u0648\u0646 \u0647\u0646\u0627\u0643 \u0623\u064a \u062a\u063a\u064a\u064a\u0631 \u0641\u064a \u062f\u0631\u062c\u0629 \u0627\u0644\u062d\u0631\u0627\u0631\u0629 \u0641\u064a \u062f\u0631\u062c\u0629 \u0627\u0644\u062d\u0631\u0627\u0631\u0629 \u0641\u064a \u062f\u0631\u062c\u0629 \u062d\u0631\u0627\u0631\u0629 40 \u062f\u0631\u062c\u0629 \u0645\u0626\u0648\u064a\u0629 \u0639\u0644\u0649 \u0627\u0644\u0625\u0637\u0644\u0627\u0642.            <\/p>\n<p>&#8212;&#8212;&#8212;&#8212;&#8212;&#8212;&#8212;&#8212;&#8212;&#8212;&#8212;&#8212;&#8212;&#8212;&#8212;&#8212;&#8212;&#8212;&#8212;&#8212;&#8212;&#8212;&#8212;&#8212;&#8212;&#8212;&#8212;&#8212;&#8212;&#8212;&#8212;&#8212;&#8212;&#8212;&#8212;&#8212;&#8212;&#8212;&#8212;&#8211;<\/p>\n<p>\u0627\u0644\u0628\u064a\u0648\u062a\u064a\u0646 (\u0641\u064a\u062a\u0627\u0645\u064a\u0646 B7). \u064a\u064f\u0633\u062a\u062e\u062f\u0645 \u0641\u064a \u0645\u0633\u062a\u062d\u0636\u0631\u0627\u062a \u0627\u0644\u062a\u062c\u0645\u064a\u0644: \u0627\u0644\u0628\u064a\u0648\u062a\u064a\u0646 \u0647\u0648 \u0641\u064a\u062a\u0627\u0645\u064a\u0646 \u0623\u0633\u0627\u0633\u064a \u0644\u0635\u062d\u0629 \u0627\u0644\u0634\u0639\u0631 \u0648\u0627\u0644\u0628\u0634\u0631\u0629 \u0648\u0627\u0644\u0623\u0638\u0627\u0641\u0631. \u064a\u0633\u062a\u062e\u062f\u0645 \u0639\u0644\u0649 \u0646\u0637\u0627\u0642 \u0648\u0627\u0633\u0639 \u0641\u064a \u0627\u0644\u0645\u0643\u0645\u0644\u0627\u062a \u0627\u0644\u063a\u0630\u0627\u0626\u064a\u0629 \u0648\u0623\u0645\u0635\u0627\u0644 \u0627\u0644\u0634\u0639\u0631 \u0648\u0628\u0639\u0636 \u0643\u0631\u064a\u0645\u0627\u062a \u0627\u0644\u0639\u0646\u0627\u064a\u0629 \u0628\u0627\u0644\u0628\u0634\u0631\u0629. \u0627\u0644\u0641\u0648\u0627\u0626\u062f \u0627\u0644\u0631\u0626\u064a\u0633\u064a\u0629: \u064a\u0639\u0632\u0632 \u0646\u0645\u0648 \u0627\u0644\u0634\u0639\u0631 \u0648\u064a\u0642\u0648\u064a \u0627\u0644\u0634\u0639\u0631 \u0648\u064a\u0633\u0627\u0639\u062f \u0639\u0644\u0649 \u062a\u0642\u0644\u064a\u0644 \u062a\u0633\u0627\u0642\u0637 \u0627\u0644\u0634\u0639\u0631. \u064a\u062d\u0633\u0646 \u0635\u062d\u0629 \u0627\u0644\u0623\u0638\u0627\u0641\u0631 \u0648\u064a\u0642\u0644\u0644 \u0645\u0646 \u0647\u0634\u0627\u0634\u062a\u0647\u0627. \u064a\u062f\u0639\u0645 \u0635\u062d\u0629 \u0627\u0644\u0628\u0634\u0631\u0629 \u0648\u064a\u0633\u0627\u0639\u062f \u0641\u064a \u0627\u0644\u062d\u0641\u0627\u0638 \u0639\u0644\u0649 \u0645\u0631\u0648\u0646\u062a\u0647\u0627. \u064a\u0639\u0645\u0644 \u0643\u0645\u0643\u0645\u0644 \u063a\u0630\u0627\u0626\u064a \u0641\u0639\u0627\u0644 \u0641\u064a \u062d\u0627\u0644\u0627\u062a \u0646\u0642\u0635 \u0627\u0644\u0641\u064a\u062a\u0627\u0645\u064a\u0646\u0627\u062a. \u0645\u0639\u062f\u0644 \u0627\u0644\u0627\u0633\u062a\u062e\u062f\u0627\u0645: \u0641\u064a \u0627\u0644\u0645\u0643\u0645\u0644\u0627\u062a \u0627\u0644\u063a\u0630\u0627\u0626\u064a\u0629\u060c \u062a\u062e\u062a\u0644\u0641 \u0627\u0644\u0643\u0645\u064a\u0629 \u062d\u0633\u0628 \u0627\u0644\u062c\u0631\u0639\u0629 \u0627\u0644\u064a\u0648\u0645\u064a\u0629 \u0627\u0644\u0645\u0648\u0635\u0649 \u0628\u0647\u0627. \u0641\u064a \u0627\u0644\u0623\u0645\u0635\u0627\u0644 \u0648\u0627\u0644\u0643\u0631\u064a\u0645\u0627\u062a\u060c \u064a\u0633\u062a\u062e\u062f\u0645 \u0639\u0627\u062f\u0629\u064b \u0628\u0646\u0633\u0628\u0629 0.1\u066a &#8211; 0.5\u066a. \u0637\u0631\u064a\u0642\u0629 \u0627\u0644\u062f\u0645\u062c: \u0642\u0627\u0628\u0644 \u0644\u0644\u0630\u0648\u0628\u0627\u0646 \u0641\u064a \u0627\u0644\u0645\u0627\u0621 \u0623\u0648 \u0627\u0644\u062c\u0644\u0633\u0631\u064a\u0646 \u062d\u0633\u0628 \u0627\u0644\u062a\u0631\u0643\u064a\u0628\u0629. \u064a\u062c\u0628 \u0625\u0636\u0627\u0641\u062a\u0647 \u0625\u0644\u0649 \u0645\u0631\u062d\u0644\u0629 \u0627\u0644\u0645\u0627\u0621 \u0641\u064a \u062f\u0631\u062c\u0627\u062a \u062d\u0631\u0627\u0631\u0629 \u0623\u0642\u0644 \u0645\u0646 40 \u062f\u0631\u062c\u0629 \u0645\u0626\u0648\u064a\u0629 \u0644\u0644\u062d\u0641\u0627\u0638 \u0639\u0644\u0649 \u0646\u0634\u0627\u0637\u0647. \u0645\u0644\u0627\u062d\u0638\u0627\u062a: \u0622\u0645\u0646 \u0639\u0646\u062f \u0627\u0633\u062a\u062e\u062f\u0627\u0645\u0647 \u0628\u0627\u0644\u062a\u0631\u0643\u064a\u0632\u0627\u062a \u0627\u0644\u0645\u0648\u0635\u0649 \u0628\u0647\u0627. \u064a\u0645\u0643\u0646 \u0623\u0646 \u064a\u0624\u062b\u0631 \u0646\u0642\u0635 \u0627\u0644\u0628\u064a\u0648\u062a\u064a\u0646 \u0633\u0644\u0628\u0627\u064b \u0639\u0644\u0649 \u0627\u0644\u0634\u0639\u0631 \u0648\u0627\u0644\u0628\u0634\u0631\u0629 \u0648\u0627\u0644\u0623\u0638\u0627\u0641\u0631\u060c \u0644\u0630\u0644\u0643 \u064a\u0634\u064a\u0639 \u0627\u0633\u062a\u062e\u062f\u0627\u0645\u0647 \u0643\u0639\u0646\u0635\u0631 \u062f\u0627\u0639\u0645 \u0641\u064a \u0627\u0644\u062a\u0631\u0643\u064a\u0628\u0627\u062a \u0627\u0644\u062a\u062c\u0645\u064a\u0644\u064a\u0629.            <\/p>\n","protected":false},"excerpt":{"rendered":"<p>\u0645\u064a\u0646\u0648\u0643\u0633\u064a\u062f\u064a\u0644 \u0647\u0648 \u0645\u0627\u062f\u0629 \u0641\u0639\u0651\u0627\u0644\u0629 \u062a\u064f\u0633\u062a\u062e\u062f\u0645 \u0641\u064a \u0627\u0644\u062a\u0637\u0628\u064a\u0642\u0627\u062a \u0627\u0644\u062a\u062c\u0645\u064a\u0644\u064a\u0629 \u0648\u0627\u0644\u0637\u0628\u064a\u0629 \u0644\u0639\u0644\u0627\u062c \u062a\u0633\u0627\u0642\u0637 \u0627\u0644\u0634\u0639\u0631 \u0648\u0627\u0644\u0635\u0644\u0639 \u0627\u0644\u0648\u0631\u0627\u062b\u064a. \u064a\u064f\u0637\u0628\u0651\u0642 \u0639\u0627\u062f\u0629\u064b \u0639\u0644\u0649 \u0641\u0631\u0648\u0629 \u0627\u0644\u0631\u0623\u0633 \u0643\u0645\u062d\u0644\u0648\u0644 \u062c\u0627\u0647\u0632 \u0623\u0648 \u0628\u062e\u0627\u062e \u0623\u0648 \u0631\u063a\u0648\u0629. <\/p>\n","protected":false},"featured_media":6220,"comment_status":"closed","ping_status":"closed","template":"","meta":[],"etheme_brands":[],"product_brand":[],"product_cat":[260],"product_tag":[],"class_list":{"0":"post-6189","1":"product","2":"type-product","3":"status-publish","4":"has-post-thumbnail","6":"product_cat-260","8":"first","9":"instock","10":"taxable","11":"shipping-taxable","12":"purchasable","13":"product-type-variable"},"_links":{"self":[{"href":"https:\/\/kimyasalevi.com\/ar\/wp-json\/wp\/v2\/product\/6189","targetHints":{"allow":["GET"]}}],"collection":[{"href":"https:\/\/kimyasalevi.com\/ar\/wp-json\/wp\/v2\/product"}],"about":[{"href":"https:\/\/kimyasalevi.com\/ar\/wp-json\/wp\/v2\/types\/product"}],"replies":[{"embeddable":true,"href":"https:\/\/kimyasalevi.com\/ar\/wp-json\/wp\/v2\/comments?post=6189"}],"version-history":[{"count":2,"href":"https:\/\/kimyasalevi.com\/ar\/wp-json\/wp\/v2\/product\/6189\/revisions"}],"predecessor-version":[{"id":6904,"href":"https:\/\/kimyasalevi.com\/ar\/wp-json\/wp\/v2\/product\/6189\/revisions\/6904"}],"wp:featuredmedia":[{"embeddable":true,"href":"https:\/\/kimyasalevi.com\/ar\/wp-json\/wp\/v2\/media\/6220"}],"wp:attachment":[{"href":"https:\/\/kimyasalevi.com\/ar\/wp-json\/wp\/v2\/media?parent=6189"}],"wp:term":[{"taxonomy":"brand","embeddable":true,"href":"https:\/\/kimyasalevi.com\/ar\/wp-json\/wp\/v2\/etheme_brands?post=6189"},{"taxonomy":"product_brand","embeddable":true,"href":"https:\/\/kimyasalevi.com\/ar\/wp-json\/wp\/v2\/product_brand?post=6189"},{"taxonomy":"product_cat","embeddable":true,"href":"https:\/\/kimyasalevi.com\/ar\/wp-json\/wp\/v2\/product_cat?post=6189"},{"taxonomy":"product_tag","embeddable":true,"href":"https:\/\/kimyasalevi.com\/ar\/wp-json\/wp\/v2\/product_tag?post=6189"}],"curies":[{"name":"wp","href":"https:\/\/api.w.org\/{rel}","templated":true}]}}