{"id":6192,"date":"2026-02-16T10:19:59","date_gmt":"2026-02-16T10:19:59","guid":{"rendered":"https:\/\/kimyasalevi.com\/?post_type=product&#038;p=6192"},"modified":"2026-03-31T13:19:33","modified_gmt":"2026-03-31T13:19:33","slug":"016-biotin-vitamin-b7","status":"publish","type":"product","link":"https:\/\/kimyasalevi.com\/ar\/product\/016-biotin-vitamin-b7\/","title":{"rendered":"016 B\u0130OTIN (Vitamin B7)"},"content":{"rendered":"<p>Biotin (B7 Vitamini). Kozmetikte kullan\u0131m\u0131: Biotin; sa\u00e7, cilt ve t\u0131rnak sa\u011fl\u0131\u011f\u0131 i\u00e7in \u00f6nemli bir vitamindir. Besin takviyelerinde, sa\u00e7 serumlar\u0131nda ve baz\u0131 cilt bak\u0131m kremlerinde yayg\u0131n olarak kullan\u0131l\u0131r. Ba\u015fl\u0131ca faydalar\u0131: Sa\u00e7 b\u00fcy\u00fcmesini destekler, sa\u00e7\u0131 g\u00fc\u00e7lendirir ve d\u00f6k\u00fclmeyi azalt\u0131r. T\u0131rnak sa\u011fl\u0131\u011f\u0131n\u0131 iyile\u015ftirir ve k\u0131r\u0131lmay\u0131 azalt\u0131r. Cilt sa\u011fl\u0131\u011f\u0131n\u0131 destekler ve elastikiyetini korur. V\u00fccutta eksiklik durumunda etkili bir takviye sa\u011flar. Kullan\u0131m oran\u0131: Besin takviyelerinde g\u00fcnl\u00fck doza g\u00f6re de\u011fi\u015fir. Serum ve kremlerde genellikle %0,1 \u2013 %0,5 oran\u0131nda kullan\u0131l\u0131r. Form\u00fclasyona ekleni\u015fi: Su veya gliserin i\u00e7inde \u00e7\u00f6z\u00fcl\u00fcr. Etkinli\u011fini korumak i\u00e7in su faz\u0131na 40\u00b0C\u2019nin alt\u0131nda eklenmelidir. Notlar: \u00d6nerilen oranlarda g\u00fcvenlidir. Biotin eksikli\u011fi sa\u00e7, cilt ve t\u0131rnak sa\u011fl\u0131\u011f\u0131n\u0131 olumsuz etkileyebilir, bu nedenle kozmetik \u00fcr\u00fcnlerde destekleyici bile\u015fen olarak kullan\u0131l\u0131r.<\/p>\n","protected":false},"excerpt":{"rendered":"<p>&#8230;<\/p>\n","protected":false},"featured_media":6221,"comment_status":"closed","ping_status":"closed","template":"","meta":[],"etheme_brands":[],"product_brand":[],"product_cat":[259],"product_tag":[],"class_list":{"0":"post-6192","1":"product","2":"type-product","3":"status-publish","4":"has-post-thumbnail","6":"product_cat-ham-maddeler","8":"first","9":"instock","10":"taxable","11":"shipping-taxable","12":"purchasable","13":"product-type-variable"},"_links":{"self":[{"href":"https:\/\/kimyasalevi.com\/ar\/wp-json\/wp\/v2\/product\/6192","targetHints":{"allow":["GET"]}}],"collection":[{"href":"https:\/\/kimyasalevi.com\/ar\/wp-json\/wp\/v2\/product"}],"about":[{"href":"https:\/\/kimyasalevi.com\/ar\/wp-json\/wp\/v2\/types\/product"}],"replies":[{"embeddable":true,"href":"https:\/\/kimyasalevi.com\/ar\/wp-json\/wp\/v2\/comments?post=6192"}],"version-history":[{"count":4,"href":"https:\/\/kimyasalevi.com\/ar\/wp-json\/wp\/v2\/product\/6192\/revisions"}],"predecessor-version":[{"id":6968,"href":"https:\/\/kimyasalevi.com\/ar\/wp-json\/wp\/v2\/product\/6192\/revisions\/6968"}],"wp:featuredmedia":[{"embeddable":true,"href":"https:\/\/kimyasalevi.com\/ar\/wp-json\/wp\/v2\/media\/6221"}],"wp:attachment":[{"href":"https:\/\/kimyasalevi.com\/ar\/wp-json\/wp\/v2\/media?parent=6192"}],"wp:term":[{"taxonomy":"brand","embeddable":true,"href":"https:\/\/kimyasalevi.com\/ar\/wp-json\/wp\/v2\/etheme_brands?post=6192"},{"taxonomy":"product_brand","embeddable":true,"href":"https:\/\/kimyasalevi.com\/ar\/wp-json\/wp\/v2\/product_brand?post=6192"},{"taxonomy":"product_cat","embeddable":true,"href":"https:\/\/kimyasalevi.com\/ar\/wp-json\/wp\/v2\/product_cat?post=6192"},{"taxonomy":"product_tag","embeddable":true,"href":"https:\/\/kimyasalevi.com\/ar\/wp-json\/wp\/v2\/product_tag?post=6192"}],"curies":[{"name":"wp","href":"https:\/\/api.w.org\/{rel}","templated":true}]}}