{"id":6237,"date":"2026-02-16T10:32:20","date_gmt":"2026-02-16T10:32:20","guid":{"rendered":"https:\/\/kimyasalevi.com\/?post_type=product&#038;p=6237"},"modified":"2026-03-31T13:22:41","modified_gmt":"2026-03-31T13:22:41","slug":"017-kojik-asit-dipalmitat-kojic-acid-dipalmitate","status":"publish","type":"product","link":"https:\/\/kimyasalevi.com\/ar\/product\/017-kojik-asit-dipalmitat-kojic-acid-dipalmitate\/","title":{"rendered":"017 KOJIK ASIT DIPALMITAT &#8211; KOJIC ACID DIPALMITATE"},"content":{"rendered":"<p>Kojik Asit Dipalmitat (Kojic Acid Dipalmitate) kozmetikte kullan\u0131lan stabil bir Kojik Asit t\u00fcrevidir ve cilt tonu a\u00e7\u0131c\u0131 krem ve serum form\u00fclasyonlar\u0131nda tercih edilir. Ciltteki hiperpigmentasyon ve koyu lekelerin g\u00f6r\u00fcn\u00fcm\u00fcn\u00fc azaltmaya yard\u0131mc\u0131 olur, cilt tonunu e\u015fitler ve daha ayd\u0131nl\u0131k bir g\u00f6r\u00fcn\u00fcm kazand\u0131r\u0131r. Normal kojik aside g\u00f6re hava ve \u0131\u015f\u0131\u011fa kar\u015f\u0131 daha stabildir ve \u00f6nerilen oranlarda g\u00fcnl\u00fck kullan\u0131m i\u00e7in g\u00fcvenlidir. Krem ve serumlarda kullan\u0131m oran\u0131 genellikle %1\u20133 aras\u0131ndad\u0131r. Ya\u011f faz\u0131nda \u00e7\u00f6z\u00fcn\u00fcr ve su faz\u0131 ile kar\u0131\u015ft\u0131r\u0131lmadan \u00f6nce \u00fcr\u00fcn biraz so\u011futulduktan sonra eklenmesi \u00f6nerilir. T\u00fcm cilt tipleri i\u00e7in uygundur, \u00e7o\u011fu aktif madde ile uyumludur ancak y\u00fcksek konsantrasyonlu C vitamini ile ayn\u0131 fazda do\u011frudan kullan\u0131lmamal\u0131d\u0131r.<\/p>\n","protected":false},"excerpt":{"rendered":"<p>&#8230;<\/p>\n","protected":false},"featured_media":6253,"comment_status":"closed","ping_status":"closed","template":"","meta":[],"etheme_brands":[],"product_brand":[],"product_cat":[259],"product_tag":[],"class_list":{"0":"post-6237","1":"product","2":"type-product","3":"status-publish","4":"has-post-thumbnail","6":"product_cat-ham-maddeler","8":"first","9":"instock","10":"taxable","11":"shipping-taxable","12":"purchasable","13":"product-type-variable"},"_links":{"self":[{"href":"https:\/\/kimyasalevi.com\/ar\/wp-json\/wp\/v2\/product\/6237","targetHints":{"allow":["GET"]}}],"collection":[{"href":"https:\/\/kimyasalevi.com\/ar\/wp-json\/wp\/v2\/product"}],"about":[{"href":"https:\/\/kimyasalevi.com\/ar\/wp-json\/wp\/v2\/types\/product"}],"replies":[{"embeddable":true,"href":"https:\/\/kimyasalevi.com\/ar\/wp-json\/wp\/v2\/comments?post=6237"}],"version-history":[{"count":3,"href":"https:\/\/kimyasalevi.com\/ar\/wp-json\/wp\/v2\/product\/6237\/revisions"}],"predecessor-version":[{"id":6966,"href":"https:\/\/kimyasalevi.com\/ar\/wp-json\/wp\/v2\/product\/6237\/revisions\/6966"}],"wp:featuredmedia":[{"embeddable":true,"href":"https:\/\/kimyasalevi.com\/ar\/wp-json\/wp\/v2\/media\/6253"}],"wp:attachment":[{"href":"https:\/\/kimyasalevi.com\/ar\/wp-json\/wp\/v2\/media?parent=6237"}],"wp:term":[{"taxonomy":"brand","embeddable":true,"href":"https:\/\/kimyasalevi.com\/ar\/wp-json\/wp\/v2\/etheme_brands?post=6237"},{"taxonomy":"product_brand","embeddable":true,"href":"https:\/\/kimyasalevi.com\/ar\/wp-json\/wp\/v2\/product_brand?post=6237"},{"taxonomy":"product_cat","embeddable":true,"href":"https:\/\/kimyasalevi.com\/ar\/wp-json\/wp\/v2\/product_cat?post=6237"},{"taxonomy":"product_tag","embeddable":true,"href":"https:\/\/kimyasalevi.com\/ar\/wp-json\/wp\/v2\/product_tag?post=6237"}],"curies":[{"name":"wp","href":"https:\/\/api.w.org\/{rel}","templated":true}]}}