{"id":6280,"date":"2026-02-16T11:27:24","date_gmt":"2026-02-16T11:27:24","guid":{"rendered":"https:\/\/kimyasalevi.com\/?post_type=product&#038;p=6280"},"modified":"2026-02-17T22:38:46","modified_gmt":"2026-02-17T22:38:46","slug":"%d9%85%d9%8a%d9%86%d9%88%d9%83%d8%b3%d9%8a%d8%af%d9%8a%d9%84-001-copy-copy-copy-copy-copy-copy-copy-2","status":"publish","type":"product","link":"https:\/\/kimyasalevi.com\/ar\/product\/%d9%85%d9%8a%d9%86%d9%88%d9%83%d8%b3%d9%8a%d8%af%d9%8a%d9%84-001-copy-copy-copy-copy-copy-copy-copy-2\/","title":{"rendered":"018 \u0643\u0627\u0641\u064a\u0648\u0646 &#8211; \u0643\u0627\u0641\u064a\u064a\u0646 018 &#8211; \u0643\u0627\u0641\u064a\u064a\u0646"},"content":{"rendered":"<p>Kafein Tozu (\u0645\u0633\u062d\u0648\u0642 \u0627\u0644\u0643\u0627\u0641\u064a\u064a\u0646)<br \/>\nKozmetikte kullan\u0131m\u0131m\u0131: Kafein tozu; G\u00f6z alt\u0131 kremleri, serumlar ve cilt bak\u0131m bak\u0131m\u00fcr\u00fcnlerinde kan dola\u015f\u0131m\u0131m\u0131n\u0131 desteklemek ve \u015fi\u015fkinli\u011fi azaltmak amac\u0131yla kullan\u0131l\u0131r. \u0644\u0627 \u062f\u0627\u0639\u064a \u0644\u0644\u0642\u0644\u0642: &#8211; \u0644\u0642\u062f \u062a\u0645\u0643\u0651\u0646\u062a \u0645\u0646 \u0627\u0644\u062d\u0635\u0648\u0644 \u0639\u0644\u0649 \u0645\u0639\u0644\u0648\u0645\u0627\u062a \u0645\u0641\u0635\u0644\u0629 \u0639\u0646 \u0643\u0644 \u0634\u064a\u0621. &#8211; \u0643\u0627\u0646 \u0645\u0646 \u0627\u0644\u0645\u0645\u0643\u0646 \u0623\u0646 \u064a\u0643\u0648\u0646 \u0647\u0646\u0627\u0643 \u0627\u0644\u0643\u062b\u064a\u0631 \u0645\u0646 \u0627\u0644\u0623\u0639\u0645\u0627\u0644 \u0627\u0644\u0641\u0646\u064a\u0629. &#8211; \u0644\u0627 \u064a\u0645\u0643\u0646 \u0623\u0646 \u064a\u0643\u0648\u0646 \u0647\u0646\u0627\u0643 \u0623\u064a \u0646\u0648\u0639 \u0645\u0646 \u0623\u0646\u0648\u0627\u0639 \u0627\u0644\u0623\u064a\u0636 \u0641\u064a \u0647\u0630\u0647 \u0627\u0644\u0645\u0646\u0637\u0642\u0629. &#8211; Hafif antioksidan etkiye sahiptir. Kullan\u0131m oran\u0131: &#8211; G\u00f6z kremleri ve topikal \u00fcr\u00fcnlerde genellikle %0,5 &#8211; %2. \u0646\u0645\u0648\u0630\u062c \u0627\u0644\u062a\u0647\u064a\u0626\u0629: &#8211; Su veya gliserin i\u00e7inde \u00e7\u00f6z\u00fcnd\u00fcr\u00fcl\u00fcr. &#8211; \u062f\u0631\u062c\u0629 \u062d\u0631\u0627\u0631\u0629 40 \u062f\u0631\u062c\u0629 \u0645\u0626\u0648\u064a\u0629 \u0641\u064a \u062f\u0631\u062c\u0629 \u062d\u0631\u0627\u0631\u0629 40 \u062f\u0631\u062c\u0629 \u0645\u0626\u0648\u064a\u0629. \u0645\u0644\u0627\u062d\u0638\u0629: &#8211; \u064a\u062c\u0628 \u0623\u0646 \u062a\u0643\u0648\u0646 \u062f\u0631\u062c\u0629 \u0627\u0644\u062d\u0631\u0627\u0631\u0629 \u0623\u0639\u0644\u0649 \u0645\u0646 40 \u062f\u0631\u062c\u0629 \u0645\u0626\u0648\u064a\u0629. &#8211; \u064a\u0645\u0643\u0646 \u0623\u0646 \u062a\u0643\u0648\u0646 \u062f\u0631\u062c\u0629 \u0627\u0644\u062d\u0631\u0627\u0631\u0629 \u0641\u064a \u0647\u0630\u0647 \u0627\u0644\u0645\u0646\u0637\u0642\u0629 \u0623\u0642\u0644 \u0645\u0646 40 \u062f\u0631\u062c\u0629 \u0645\u0626\u0648\u064a\u0629.         <\/p>\n<p>&#8212;&#8212;&#8212;&#8212;&#8212;&#8212;&#8212;&#8212;&#8212;&#8212;&#8212;&#8212;&#8212;&#8212;&#8212;&#8212;&#8212;&#8212;&#8212;&#8212;&#8212;&#8212;&#8212;&#8212;&#8212;&#8212;&#8212;&#8212;&#8212;&#8212;&#8212;&#8212;&#8212;&#8212;&#8212;&#8212;&#8212;&#8212;&#8212;&#8211;<\/p>\n<p>\u0645\u0633\u062d\u0648\u0642 \u0627\u0644\u0643\u0627\u0641\u064a\u064a\u0646<br \/>\n\u064a\u0633\u062a\u062e\u062f\u0645 \u0641\u064a \u0645\u0633\u062a\u062d\u0636\u0631\u0627\u062a \u0627\u0644\u062a\u062c\u0645\u064a\u0644: \u062a\u064f\u0633\u062a\u062e\u062f\u0645 \u0628\u0648\u062f\u0631\u0629 \u0627\u0644\u0643\u0627\u0641\u064a\u064a\u0646 \u0639\u0644\u0649 \u0646\u0637\u0627\u0642 \u0648\u0627\u0633\u0639 \u0641\u064a \u0643\u0631\u064a\u0645\u0627\u062a \u0627\u0644\u0639\u064a\u0646\u064a\u0646 \u0648\u0627\u0644\u0623\u0645\u0635\u0627\u0644 \u0648\u0645\u0646\u062a\u062c\u0627\u062a \u0627\u0644\u0639\u0646\u0627\u064a\u0629 \u0628\u0627\u0644\u0628\u0634\u0631\u0629 \u0644\u062a\u0646\u0634\u064a\u0637 \u0627\u0644\u062f\u0648\u0631\u0629 \u0627\u0644\u062f\u0645\u0648\u064a\u0629 \u0648\u062a\u0642\u0644\u064a\u0644 \u0627\u0644\u0627\u0646\u062a\u0641\u0627\u062e. \u0627\u0644\u0641\u0648\u0627\u0626\u062f \u0627\u0644\u0631\u0626\u064a\u0633\u064a\u0629: &#8211; \u064a\u0642\u0644\u0644 \u0627\u0644\u0627\u0646\u062a\u0641\u0627\u062e \u062a\u062d\u062a \u0627\u0644\u0639\u064a\u0646\u064a\u0646 \u0648\u0645\u0638\u0647\u0631 \u0627\u0644\u0647\u0627\u0644\u0627\u062a \u0627\u0644\u0633\u0648\u062f\u0627\u0621. &#8211; \u064a\u0639\u0632\u0632 \u0627\u0644\u062f\u0648\u0631\u0629 \u0627\u0644\u062f\u0645\u0648\u064a\u0629 \u0627\u0644\u0645\u0648\u0636\u0639\u064a\u0629 \u0641\u064a \u0627\u0644\u0628\u0634\u0631\u0629. &#8211; \u064a\u0633\u0627\u0639\u062f \u0639\u0644\u0649 \u062a\u062d\u0641\u064a\u0632 \u0639\u0645\u0644\u064a\u0629 \u0627\u0644\u062a\u0645\u062b\u064a\u0644 \u0627\u0644\u063a\u0630\u0627\u0626\u064a \u0644\u0644\u0628\u0634\u0631\u0629 \u0648\u0642\u062f \u064a\u0642\u0644\u0644 \u0645\u0646 \u0638\u0647\u0648\u0631 \u0627\u0644\u0633\u064a\u0644\u0648\u0644\u064a\u062a \u0641\u064a \u062a\u0631\u0643\u064a\u0628\u0627\u062a \u0645\u0639\u064a\u0646\u0629. &#8211; \u064a\u0648\u0641\u0631 \u062e\u0635\u0627\u0626\u0635 \u062e\u0641\u064a\u0641\u0629 \u0645\u0636\u0627\u062f\u0629 \u0644\u0644\u0623\u0643\u0633\u062f\u0629. \u0645\u0639\u062f\u0644 \u0627\u0644\u0627\u0633\u062a\u062e\u062f\u0627\u0645 \u0627\u0644\u0645\u0648\u0635\u0649 \u0628\u0647: &#8211; \u0639\u0627\u062f\u0629 0.5% &#8211; 2% \u0641\u064a \u0643\u0631\u064a\u0645\u0627\u062a \u0627\u0644\u0639\u064a\u0646 \u0648\u0627\u0644\u0645\u0646\u062a\u062c\u0627\u062a \u0627\u0644\u0645\u0648\u0636\u0639\u064a\u0629. \u0643\u064a\u0641\u064a\u0629 \u0627\u0644\u062f\u0645\u062c: &#8211; \u064a\u0630\u0627\u0628 \u0641\u064a \u0627\u0644\u0645\u0627\u0621 \u0623\u0648 \u0627\u0644\u062c\u0644\u0633\u0631\u064a\u0646 \u0642\u0628\u0644 \u0625\u0636\u0627\u0641\u062a\u0647 \u0625\u0644\u0649 \u0627\u0644\u062a\u0631\u0643\u064a\u0628\u0629. &#8211; \u064a\u0636\u0627\u0641 \u0625\u0644\u0649 \u0645\u0631\u062d\u0644\u0629 \u0627\u0644\u0645\u0627\u0621 \u062a\u062d\u062a 40 \u062f\u0631\u062c\u0629 \u0645\u0626\u0648\u064a\u0629 \u0644\u0644\u062d\u0641\u0627\u0638 \u0639\u0644\u0649 \u0641\u0639\u0627\u0644\u064a\u062a\u0647. \u0645\u0644\u0627\u062d\u0638\u0627\u062a: &#8211; \u0622\u0645\u0646 \u0644\u0644\u0627\u0633\u062a\u062e\u062f\u0627\u0645 \u0627\u0644\u062a\u062c\u0645\u064a\u0644\u064a \u0627\u0644\u0645\u0648\u0636\u0639\u064a. &#8211; \u062a\u062c\u0646\u0628\u064a \u0627\u0644\u062a\u0631\u0643\u064a\u0632\u0627\u062a \u0627\u0644\u0639\u0627\u0644\u064a\u0629 \u062c\u062f\u064b\u0627\u060c \u062e\u0627\u0635\u0629 \u062d\u0648\u0644 \u0645\u0646\u0637\u0642\u0629 \u0627\u0644\u0639\u064a\u0646.         <\/p>\n","protected":false},"excerpt":{"rendered":"<p>\u0645\u064a\u0646\u0648\u0643\u0633\u064a\u062f\u064a\u0644 \u0647\u0648 \u0645\u0627\u062f\u0629 \u0641\u0639\u0651\u0627\u0644\u0629 \u062a\u064f\u0633\u062a\u062e\u062f\u0645 \u0641\u064a \u0627\u0644\u062a\u0637\u0628\u064a\u0642\u0627\u062a \u0627\u0644\u062a\u062c\u0645\u064a\u0644\u064a\u0629 \u0648\u0627\u0644\u0637\u0628\u064a\u0629 \u0644\u0639\u0644\u0627\u062c \u062a\u0633\u0627\u0642\u0637 \u0627\u0644\u0634\u0639\u0631 \u0648\u0627\u0644\u0635\u0644\u0639 \u0627\u0644\u0648\u0631\u0627\u062b\u064a. \u064a\u064f\u0637\u0628\u0651\u0642 \u0639\u0627\u062f\u0629\u064b \u0639\u0644\u0649 \u0641\u0631\u0648\u0629 \u0627\u0644\u0631\u0623\u0633 \u0643\u0645\u062d\u0644\u0648\u0644 \u062c\u0627\u0647\u0632 \u0623\u0648 \u0628\u062e\u0627\u062e \u0623\u0648 \u0631\u063a\u0648\u0629. <\/p>\n","protected":false},"featured_media":6303,"comment_status":"closed","ping_status":"closed","template":"","meta":[],"etheme_brands":[],"product_brand":[],"product_cat":[260],"product_tag":[],"class_list":{"0":"post-6280","1":"product","2":"type-product","3":"status-publish","4":"has-post-thumbnail","6":"product_cat-260","8":"first","9":"instock","10":"taxable","11":"shipping-taxable","12":"purchasable","13":"product-type-variable"},"_links":{"self":[{"href":"https:\/\/kimyasalevi.com\/ar\/wp-json\/wp\/v2\/product\/6280","targetHints":{"allow":["GET"]}}],"collection":[{"href":"https:\/\/kimyasalevi.com\/ar\/wp-json\/wp\/v2\/product"}],"about":[{"href":"https:\/\/kimyasalevi.com\/ar\/wp-json\/wp\/v2\/types\/product"}],"replies":[{"embeddable":true,"href":"https:\/\/kimyasalevi.com\/ar\/wp-json\/wp\/v2\/comments?post=6280"}],"version-history":[{"count":2,"href":"https:\/\/kimyasalevi.com\/ar\/wp-json\/wp\/v2\/product\/6280\/revisions"}],"predecessor-version":[{"id":6908,"href":"https:\/\/kimyasalevi.com\/ar\/wp-json\/wp\/v2\/product\/6280\/revisions\/6908"}],"wp:featuredmedia":[{"embeddable":true,"href":"https:\/\/kimyasalevi.com\/ar\/wp-json\/wp\/v2\/media\/6303"}],"wp:attachment":[{"href":"https:\/\/kimyasalevi.com\/ar\/wp-json\/wp\/v2\/media?parent=6280"}],"wp:term":[{"taxonomy":"brand","embeddable":true,"href":"https:\/\/kimyasalevi.com\/ar\/wp-json\/wp\/v2\/etheme_brands?post=6280"},{"taxonomy":"product_brand","embeddable":true,"href":"https:\/\/kimyasalevi.com\/ar\/wp-json\/wp\/v2\/product_brand?post=6280"},{"taxonomy":"product_cat","embeddable":true,"href":"https:\/\/kimyasalevi.com\/ar\/wp-json\/wp\/v2\/product_cat?post=6280"},{"taxonomy":"product_tag","embeddable":true,"href":"https:\/\/kimyasalevi.com\/ar\/wp-json\/wp\/v2\/product_tag?post=6280"}],"curies":[{"name":"wp","href":"https:\/\/api.w.org\/{rel}","templated":true}]}}