{"id":6317,"date":"2026-02-16T11:34:46","date_gmt":"2026-02-16T11:34:46","guid":{"rendered":"https:\/\/kimyasalevi.com\/?post_type=product&#038;p=6317"},"modified":"2026-02-17T22:38:47","modified_gmt":"2026-02-17T22:38:47","slug":"%d9%85%d9%8a%d9%86%d9%88%d9%83%d8%b3%d9%8a%d8%af%d9%8a%d9%84-001-copy-copy-copy-copy-copy-copy-copy-copy","status":"publish","type":"product","link":"https:\/\/kimyasalevi.com\/ar\/product\/%d9%85%d9%8a%d9%86%d9%88%d9%83%d8%b3%d9%8a%d8%af%d9%8a%d9%84-001-copy-copy-copy-copy-copy-copy-copy-copy\/","title":{"rendered":"019 \u0643\u0644\u064a\u0648\u0645\u0628\u0627\u0632\u0648\u0644 &#8211; \u062a\u0633\u0644\u0642 &#8211; \u062a\u0633\u0644\u0642 &#8211; \u062a\u0633\u0644\u0642"},"content":{"rendered":"<p>Climbazol, kozmetik sekt\u00f6r\u00fcnde sekt\u00f6r\u00fcnde \u00f6zellikle \u015fampuan ve sa\u00e7 derisi \u00fcr\u00fcnlerinde kullan\u0131lan g\u00fc\u00e7l\u00fc bir antifungal bile\u015fendir. \u0644\u0627 \u064a\u0645\u0643\u0646 \u0623\u0646 \u064a\u0643\u0648\u0646 \u0647\u0646\u0627\u0643 \u0623\u064a \u0646\u0648\u0639 \u0645\u0646 \u0623\u0646\u0648\u0627\u0639 \u0627\u0644\u0641\u0637\u0631\u064a\u0627\u062a \u0641\u064a \u0623\u064a \u0645\u0643\u0627\u0646 \u0641\u064a \u0627\u0644\u0639\u0627\u0644\u0645. \u0643\u0645\u0627 \u0623\u0646 \u0647\u0646\u0627\u0643 \u0627\u0644\u0643\u062b\u064a\u0631 \u0645\u0646 \u0627\u0644\u0645\u0634\u0627\u0643\u0644 \u0627\u0644\u062a\u064a \u064a\u0645\u0643\u0646 \u0623\u0646 \u062a\u062d\u062f\u062b \u0641\u064a \u0647\u0630\u0627 \u0627\u0644\u0645\u062c\u0627\u0644. \u062a\u0645 \u062a\u062d\u062f\u064a\u062f \u0646\u0633\u0628\u0629 0.5\u066a \u0623\u0648 2\u066a \u0623\u0648 2\u066a \u0645\u0646 \u0625\u062c\u0645\u0627\u0644\u064a \u0627\u0644\u0646\u0627\u062a\u062c \u0627\u0644\u0645\u062d\u0644\u064a. \u0648\u0642\u062f \u062a\u0645 \u062a\u062d\u062f\u064a\u062f \u0646\u0633\u0628\u0629 \u0645\u0626\u0648\u064a\u0629 \u0645\u0646 \u0627\u0644\u0623\u0636\u0631\u0627\u0631 \u0627\u0644\u062a\u064a \u0644\u062d\u0642\u062a \u0628\u0627\u0644\u0628\u0646\u064a\u0629 \u0627\u0644\u062a\u062d\u062a\u064a\u0629 \u0641\u064a \u062c\u0645\u064a\u0639 \u0623\u0646\u062d\u0627\u0621 \u0627\u0644\u0639\u0627\u0644\u0645. \u0643\u0645\u0627 \u0623\u0646 \u0647\u0646\u0627\u0643 \u0627\u0644\u0643\u062b\u064a\u0631 \u0645\u0646 \u0627\u0644\u0645\u0634\u0627\u0643\u0644 \u0627\u0644\u062a\u064a \u064a\u0645\u0643\u0646 \u0623\u0646 \u062a\u062d\u062f\u062b \u0641\u064a \u0627\u0644\u0645\u0633\u062a\u0642\u0628\u0644 \u0627\u0644\u0642\u0631\u064a\u0628\u060c \u0648\u0644\u0643\u0646 \u0644\u0627 \u064a\u0645\u0643\u0646 \u0623\u0646 \u064a\u0643\u0648\u0646 \u0647\u0646\u0627\u0643 \u0623\u064a \u0634\u064a\u0621 \u0622\u062e\u0631.     <\/p>\n<p>&#8212;&#8212;&#8212;&#8212;&#8212;&#8212;&#8212;&#8212;&#8212;&#8212;&#8212;&#8212;&#8212;&#8212;&#8212;&#8212;&#8212;&#8212;&#8212;&#8212;&#8212;&#8212;&#8212;&#8212;&#8212;&#8212;&#8212;&#8212;&#8212;&#8212;&#8212;&#8212;&#8212;&#8212;&#8212;&#8212;&#8212;&#8212;&#8212;&#8211;<\/p>\n<p>Climbazole \u0647\u0648 \u0645\u0643\u0648\u0646 \u0645\u0636\u0627\u062f \u0644\u0644\u0641\u0637\u0631\u064a\u0627\u062a \u064a\u0633\u062a\u062e\u062f\u0645 \u0639\u0644\u0649 \u0646\u0637\u0627\u0642 \u0648\u0627\u0633\u0639 \u0641\u064a \u0627\u0644\u062a\u0631\u0643\u064a\u0628\u0627\u062a \u0627\u0644\u062a\u062c\u0645\u064a\u0644\u064a\u0629\u060c \u062e\u0627\u0635\u0629 \u0641\u064a \u0627\u0644\u0634\u0627\u0645\u0628\u0648 \u0648\u0645\u0646\u062a\u062c\u0627\u062a \u0627\u0644\u0639\u0646\u0627\u064a\u0629 \u0628\u0641\u0631\u0648\u0629 \u0627\u0644\u0631\u0623\u0633\u060c \u0644\u0639\u0644\u0627\u062c \u0642\u0634\u0631\u0629 \u0627\u0644\u0631\u0623\u0633 \u0648\u0645\u0646\u0639 \u0646\u0645\u0648 \u0627\u0644\u0641\u0637\u0631\u064a\u0627\u062a \u0627\u0644\u0645\u0633\u0628\u0628\u0629 \u0644\u0644\u0642\u0634\u0631\u0629. \u0645\u0639 \u0627\u0644\u0627\u0633\u062a\u062e\u062f\u0627\u0645 \u0627\u0644\u0645\u0646\u062a\u0638\u0645\u060c \u064a\u0633\u0627\u0639\u062f \u0639\u0644\u0649 \u062a\u0642\u0644\u064a\u0644 \u0627\u0644\u062d\u0643\u0629 \u0648\u0627\u0644\u0627\u062d\u0645\u0631\u0627\u0631 \u0645\u0639 \u0627\u0644\u062d\u0641\u0627\u0638 \u0639\u0644\u0649 \u0641\u0631\u0648\u0629 \u0631\u0623\u0633 \u0635\u062d\u064a\u0629 \u0648\u0645\u062a\u0648\u0627\u0632\u0646\u0629. \u064a\u0633\u062a\u062e\u062f\u0645 \u0639\u0627\u062f\u0629 \u0628\u062a\u0631\u0643\u064a\u0632\u0627\u062a \u062a\u062a\u0631\u0627\u0648\u062d \u0628\u064a\u0646 0.5% \u06482% \u0641\u064a \u0645\u0646\u062a\u062c\u0627\u062a \u0627\u0644\u0639\u0646\u0627\u064a\u0629 \u0628\u0641\u0631\u0648\u0629 \u0627\u0644\u0631\u0623\u0633 \u0648\u0627\u0644\u0634\u0639\u0631. \u0627\u0644\u0643\u0644\u0627\u064a\u0645\u0628\u0627\u0632\u0648\u0644 \u0642\u0627\u0628\u0644 \u0644\u0644\u0630\u0648\u0628\u0627\u0646 \u0641\u064a \u0645\u0631\u062d\u0644\u0629 \u0627\u0644\u0632\u064a\u062a \u0623\u0648 \u0645\u0633\u062a\u062d\u0644\u0628\u0627\u062a \u0627\u0644\u0634\u0627\u0645\u0628\u0648 \u0648\u064a\u0645\u0643\u0646 \u0625\u0636\u0627\u0641\u062a\u0647 \u0625\u0645\u0627 \u0623\u062b\u0646\u0627\u0621 \u0645\u0631\u062d\u0644\u0629 \u0627\u0644\u0632\u064a\u062a \u0623\u0648 \u0628\u0639\u062f \u0627\u0644\u0627\u0633\u062a\u062d\u0644\u0627\u0628\u060c \u0627\u0639\u062a\u0645\u0627\u062f\u064b\u0627 \u0639\u0644\u0649 \u0627\u0644\u062a\u0631\u0643\u064a\u0628\u0629. \u064a\u0639\u062a\u0628\u0631 \u0622\u0645\u0646\u064b\u0627 \u0644\u0645\u0646\u062a\u062c\u0627\u062a \u0627\u0644\u0634\u0637\u0641 \u0645\u062b\u0644 \u0627\u0644\u0634\u0627\u0645\u0628\u0648\u060c \u0634\u0631\u064a\u0637\u0629 \u0627\u062a\u0628\u0627\u0639 \u0625\u0631\u0634\u0627\u062f\u0627\u062a \u0627\u0644\u0627\u0633\u062a\u062e\u062f\u0627\u0645 \u0627\u0644\u0645\u0648\u0635\u0649 \u0628\u0647\u0627\u060c \u062e\u0627\u0635\u0629\u064b \u0644\u0641\u0631\u0648\u0629 \u0627\u0644\u0631\u0623\u0633 \u0627\u0644\u062d\u0633\u0627\u0633\u0629.    <\/p>\n","protected":false},"excerpt":{"rendered":"<p>\u0645\u064a\u0646\u0648\u0643\u0633\u064a\u062f\u064a\u0644 \u0647\u0648 \u0645\u0627\u062f\u0629 \u0641\u0639\u0651\u0627\u0644\u0629 \u062a\u064f\u0633\u062a\u062e\u062f\u0645 \u0641\u064a \u0627\u0644\u062a\u0637\u0628\u064a\u0642\u0627\u062a \u0627\u0644\u062a\u062c\u0645\u064a\u0644\u064a\u0629 \u0648\u0627\u0644\u0637\u0628\u064a\u0629 \u0644\u0639\u0644\u0627\u062c \u062a\u0633\u0627\u0642\u0637 \u0627\u0644\u0634\u0639\u0631 \u0648\u0627\u0644\u0635\u0644\u0639 \u0627\u0644\u0648\u0631\u0627\u062b\u064a. \u064a\u064f\u0637\u0628\u0651\u0642 \u0639\u0627\u062f\u0629\u064b \u0639\u0644\u0649 \u0641\u0631\u0648\u0629 \u0627\u0644\u0631\u0623\u0633 \u0643\u0645\u062d\u0644\u0648\u0644 \u062c\u0627\u0647\u0632 \u0623\u0648 \u0628\u062e\u0627\u062e \u0623\u0648 \u0631\u063a\u0648\u0629. <\/p>\n","protected":false},"featured_media":6342,"comment_status":"closed","ping_status":"closed","template":"","meta":[],"etheme_brands":[],"product_brand":[],"product_cat":[260],"product_tag":[],"class_list":{"0":"post-6317","1":"product","2":"type-product","3":"status-publish","4":"has-post-thumbnail","6":"product_cat-260","8":"first","9":"instock","10":"taxable","11":"shipping-taxable","12":"purchasable","13":"product-type-variable"},"_links":{"self":[{"href":"https:\/\/kimyasalevi.com\/ar\/wp-json\/wp\/v2\/product\/6317","targetHints":{"allow":["GET"]}}],"collection":[{"href":"https:\/\/kimyasalevi.com\/ar\/wp-json\/wp\/v2\/product"}],"about":[{"href":"https:\/\/kimyasalevi.com\/ar\/wp-json\/wp\/v2\/types\/product"}],"replies":[{"embeddable":true,"href":"https:\/\/kimyasalevi.com\/ar\/wp-json\/wp\/v2\/comments?post=6317"}],"version-history":[{"count":2,"href":"https:\/\/kimyasalevi.com\/ar\/wp-json\/wp\/v2\/product\/6317\/revisions"}],"predecessor-version":[{"id":6910,"href":"https:\/\/kimyasalevi.com\/ar\/wp-json\/wp\/v2\/product\/6317\/revisions\/6910"}],"wp:featuredmedia":[{"embeddable":true,"href":"https:\/\/kimyasalevi.com\/ar\/wp-json\/wp\/v2\/media\/6342"}],"wp:attachment":[{"href":"https:\/\/kimyasalevi.com\/ar\/wp-json\/wp\/v2\/media?parent=6317"}],"wp:term":[{"taxonomy":"brand","embeddable":true,"href":"https:\/\/kimyasalevi.com\/ar\/wp-json\/wp\/v2\/etheme_brands?post=6317"},{"taxonomy":"product_brand","embeddable":true,"href":"https:\/\/kimyasalevi.com\/ar\/wp-json\/wp\/v2\/product_brand?post=6317"},{"taxonomy":"product_cat","embeddable":true,"href":"https:\/\/kimyasalevi.com\/ar\/wp-json\/wp\/v2\/product_cat?post=6317"},{"taxonomy":"product_tag","embeddable":true,"href":"https:\/\/kimyasalevi.com\/ar\/wp-json\/wp\/v2\/product_tag?post=6317"}],"curies":[{"name":"wp","href":"https:\/\/api.w.org\/{rel}","templated":true}]}}