{"id":6323,"date":"2026-02-16T11:34:46","date_gmt":"2026-02-16T11:34:46","guid":{"rendered":"https:\/\/kimyasalevi.com\/?post_type=product&#038;p=6323"},"modified":"2026-03-31T13:25:53","modified_gmt":"2026-03-31T13:25:53","slug":"019-klimbazol-climbazol","status":"publish","type":"product","link":"https:\/\/kimyasalevi.com\/ar\/product\/019-klimbazol-climbazol\/","title":{"rendered":"019 KL\u0130MBAZOL &#8211; CLIMBAZOL"},"content":{"rendered":"<p>Climbazol, kozmetik sekt\u00f6r\u00fcnde \u00f6zellikle \u015fampuan ve sa\u00e7 derisi \u00fcr\u00fcnlerinde kullan\u0131lan g\u00fc\u00e7l\u00fc bir antifungal bile\u015fendir. Kepe\u011fe neden olan mantarlar\u0131n b\u00fcy\u00fcmesini engelleyerek sa\u00e7 derisinin sa\u011fl\u0131kl\u0131 ve dengeli kalmas\u0131na yard\u0131mc\u0131 olur. D\u00fczenli kullan\u0131mda ka\u015f\u0131nt\u0131 ve k\u0131zar\u0131kl\u0131\u011f\u0131 azalt\u0131r ve kepek olu\u015fumunun tekrar\u0131n\u0131 \u00f6nlemeye destek olur. Genellikle \u015fampuan ve sa\u00e7 derisi \u00fcr\u00fcnlerinde %0,5 ile %2 oran\u0131nda kullan\u0131l\u0131r. Form\u00fclasyonda ya\u011f faz\u0131nda veya \u015fampuan em\u00fclsiyonlar\u0131nda \u00e7\u00f6z\u00fcnebilir ve ya\u011f\u2013su fazlar\u0131 birle\u015ftirildikten sonra eklenebilir. \u015eampuan gibi durulanan \u00fcr\u00fcnlerde g\u00fcvenle kullan\u0131labilir, ancak hassas sa\u00e7 derilerinde \u00f6nerilen kullan\u0131m talimatlar\u0131na uyulmas\u0131 \u00f6nemlidir.<\/p>\n","protected":false},"excerpt":{"rendered":"<p>&#8230;<\/p>\n","protected":false},"featured_media":6343,"comment_status":"closed","ping_status":"closed","template":"","meta":[],"etheme_brands":[],"product_brand":[],"product_cat":[259],"product_tag":[],"class_list":{"0":"post-6323","1":"product","2":"type-product","3":"status-publish","4":"has-post-thumbnail","6":"product_cat-ham-maddeler","8":"first","9":"instock","10":"taxable","11":"shipping-taxable","12":"purchasable","13":"product-type-variable"},"_links":{"self":[{"href":"https:\/\/kimyasalevi.com\/ar\/wp-json\/wp\/v2\/product\/6323","targetHints":{"allow":["GET"]}}],"collection":[{"href":"https:\/\/kimyasalevi.com\/ar\/wp-json\/wp\/v2\/product"}],"about":[{"href":"https:\/\/kimyasalevi.com\/ar\/wp-json\/wp\/v2\/types\/product"}],"replies":[{"embeddable":true,"href":"https:\/\/kimyasalevi.com\/ar\/wp-json\/wp\/v2\/comments?post=6323"}],"version-history":[{"count":3,"href":"https:\/\/kimyasalevi.com\/ar\/wp-json\/wp\/v2\/product\/6323\/revisions"}],"predecessor-version":[{"id":6963,"href":"https:\/\/kimyasalevi.com\/ar\/wp-json\/wp\/v2\/product\/6323\/revisions\/6963"}],"wp:featuredmedia":[{"embeddable":true,"href":"https:\/\/kimyasalevi.com\/ar\/wp-json\/wp\/v2\/media\/6343"}],"wp:attachment":[{"href":"https:\/\/kimyasalevi.com\/ar\/wp-json\/wp\/v2\/media?parent=6323"}],"wp:term":[{"taxonomy":"brand","embeddable":true,"href":"https:\/\/kimyasalevi.com\/ar\/wp-json\/wp\/v2\/etheme_brands?post=6323"},{"taxonomy":"product_brand","embeddable":true,"href":"https:\/\/kimyasalevi.com\/ar\/wp-json\/wp\/v2\/product_brand?post=6323"},{"taxonomy":"product_cat","embeddable":true,"href":"https:\/\/kimyasalevi.com\/ar\/wp-json\/wp\/v2\/product_cat?post=6323"},{"taxonomy":"product_tag","embeddable":true,"href":"https:\/\/kimyasalevi.com\/ar\/wp-json\/wp\/v2\/product_tag?post=6323"}],"curies":[{"name":"wp","href":"https:\/\/api.w.org\/{rel}","templated":true}]}}