{"id":6396,"date":"2026-02-16T11:53:24","date_gmt":"2026-02-16T11:53:24","guid":{"rendered":"https:\/\/kimyasalevi.com\/?post_type=product&#038;p=6396"},"modified":"2026-04-01T04:48:02","modified_gmt":"2026-04-01T04:48:02","slug":"021-gliserin-glycerin","status":"publish","type":"product","link":"https:\/\/kimyasalevi.com\/ar\/product\/021-gliserin-glycerin\/","title":{"rendered":"021 Gliserin &#8211; glycerin"},"content":{"rendered":"<p>Gliserin (Glycerin). Kozmetikte kullan\u0131m\u0131: Gliserin, kremler, losyonlar, serumlar ve y\u00fcz temizleyicilerde etkili bir nemlendirici (humektant) olarak kullan\u0131l\u0131r. Ba\u015fl\u0131ca faydalar\u0131: Havadan nem \u00e7ekerek cilde ba\u011flar ve kurulu\u011fu \u00f6nler, cildi yumu\u015fak ve esnek hale getirir, \u00fcr\u00fcn\u00fcn dokusunu ve yay\u0131lmas\u0131n\u0131 iyile\u015ftirir, t\u00fcm cilt tipleri ve bebek \u00fcr\u00fcnlerinde g\u00fcvenle kullan\u0131labilir. Kullan\u0131m oran\u0131: Krem ve losyonlarda genellikle %2 \u2013 %10 aras\u0131 kullan\u0131l\u0131r, yo\u011fun nemlendirici \u00fcr\u00fcnlerde %20\u2019ye kadar \u00e7\u0131k\u0131labilir. Form\u00fclasyona ekleni\u015fi: Su faz\u0131nda kolayca \u00e7\u00f6z\u00fcl\u00fcr ve su faz\u0131 40\u00b0C\u2019nin alt\u0131na so\u011fuduktan sonra eklenir. Notlar: T\u00fcm cilt tipleri i\u00e7in g\u00fcvenlidir, \u00e7o\u011fu ya\u011f ve em\u00fclgat\u00f6r ile uyumludur, \u00fcr\u00fcn\u00fcn stabilitesini art\u0131r\u0131r ve cilt kurulu\u011funu azalt\u0131r.<\/p>\n","protected":false},"excerpt":{"rendered":"<p>&#8230;<\/p>\n","protected":false},"featured_media":6411,"comment_status":"closed","ping_status":"closed","template":"","meta":[],"etheme_brands":[],"product_brand":[],"product_cat":[259],"product_tag":[],"class_list":{"0":"post-6396","1":"product","2":"type-product","3":"status-publish","4":"has-post-thumbnail","6":"product_cat-ham-maddeler","8":"first","9":"instock","10":"taxable","11":"shipping-taxable","12":"purchasable","13":"product-type-variable"},"_links":{"self":[{"href":"https:\/\/kimyasalevi.com\/ar\/wp-json\/wp\/v2\/product\/6396","targetHints":{"allow":["GET"]}}],"collection":[{"href":"https:\/\/kimyasalevi.com\/ar\/wp-json\/wp\/v2\/product"}],"about":[{"href":"https:\/\/kimyasalevi.com\/ar\/wp-json\/wp\/v2\/types\/product"}],"replies":[{"embeddable":true,"href":"https:\/\/kimyasalevi.com\/ar\/wp-json\/wp\/v2\/comments?post=6396"}],"version-history":[{"count":4,"href":"https:\/\/kimyasalevi.com\/ar\/wp-json\/wp\/v2\/product\/6396\/revisions"}],"predecessor-version":[{"id":6959,"href":"https:\/\/kimyasalevi.com\/ar\/wp-json\/wp\/v2\/product\/6396\/revisions\/6959"}],"wp:featuredmedia":[{"embeddable":true,"href":"https:\/\/kimyasalevi.com\/ar\/wp-json\/wp\/v2\/media\/6411"}],"wp:attachment":[{"href":"https:\/\/kimyasalevi.com\/ar\/wp-json\/wp\/v2\/media?parent=6396"}],"wp:term":[{"taxonomy":"brand","embeddable":true,"href":"https:\/\/kimyasalevi.com\/ar\/wp-json\/wp\/v2\/etheme_brands?post=6396"},{"taxonomy":"product_brand","embeddable":true,"href":"https:\/\/kimyasalevi.com\/ar\/wp-json\/wp\/v2\/product_brand?post=6396"},{"taxonomy":"product_cat","embeddable":true,"href":"https:\/\/kimyasalevi.com\/ar\/wp-json\/wp\/v2\/product_cat?post=6396"},{"taxonomy":"product_tag","embeddable":true,"href":"https:\/\/kimyasalevi.com\/ar\/wp-json\/wp\/v2\/product_tag?post=6396"}],"curies":[{"name":"wp","href":"https:\/\/api.w.org\/{rel}","templated":true}]}}