{"id":6425,"date":"2026-02-16T11:58:20","date_gmt":"2026-02-16T11:58:20","guid":{"rendered":"https:\/\/kimyasalevi.com\/?post_type=product&#038;p=6425"},"modified":"2026-02-17T22:38:52","modified_gmt":"2026-02-17T22:38:52","slug":"%d9%85%d9%8a%d9%86%d9%88%d9%83%d8%b3%d9%8a%d8%af%d9%8a%d9%84-001-copy-copy-copy-copy-copy-copy-copy-copy-3","status":"publish","type":"product","link":"https:\/\/kimyasalevi.com\/ar\/product\/%d9%85%d9%8a%d9%86%d9%88%d9%83%d8%b3%d9%8a%d8%af%d9%8a%d9%84-001-copy-copy-copy-copy-copy-copy-copy-copy-3\/","title":{"rendered":"022 \u0628\u0648\u0644\u064a\u0648\u0633\u0648\u0631\u0628\u0627\u062a 20 &#8211; \u0628\u0648\u0644\u064a \u0633\u0648\u0631\u0628\u0627\u062a 20"},"content":{"rendered":"<p>\u0628\u0648\u0644\u064a \u0633\u0648\u0631\u0628\u0627\u062a 20<br \/>\nKozmetikte kullan\u0131m\u0131m\u0131: Polysorbate 20, krem, losyon ve y\u00fcz temizleyicilerde ya\u011f ve suyu birle\u015ftirmek i\u00e7in kullan\u0131lan bir em\u00fclgat\u00f6rd\u00fcr.<br \/>\nBa\u015fl\u0131ca faydalar\u0131: Su ve ya\u011f faz\u0131n\u0131 stabil \u015fekilde birle\u015ftirir, \u00fcr\u00fcn\u00fcn dokusunu ve homojenli\u011fini art\u0131r\u0131r, su bazl\u0131 \u00fcr\u00fcnlerde u\u00e7ucu ya\u011flar\u0131 \u00e7\u00f6zmek i\u00e7in kullan\u0131l\u0131r, \u00f6nerilen oranlarda cilt i\u00e7in g\u00fcvenlidir.<br \/>\nKullan\u0131m oran\u0131:<br \/>\n Form\u00fclasyona ekleni\u015fi: Su faz\u0131nda \u00e7\u00f6z\u00fcl\u00fcr, ya\u011f ve su fazlar\u0131 kar\u0131\u015ft\u0131r\u0131l\u0131r\u0131l\u0131r\u0131r\u0131lir.<br \/>\nNotlar: \u00c7o\u011fu\u011fu ya\u011fu ve aktif madde ile uyumludludur, ciltte ya\u011fl\u0131l\u0131l\u0131k b\u0131rakmaz.<\/p>\n<p>&#8212;&#8212;&#8212;&#8212;&#8212;&#8212;&#8212;&#8212;&#8212;&#8212;&#8212;&#8212;&#8212;&#8212;&#8212;&#8212;&#8212;&#8212;&#8212;&#8212;&#8212;&#8212;&#8212;&#8212;&#8212;&#8212;&#8212;&#8212;&#8212;&#8212;&#8212;&#8212;&#8212;&#8212;&#8212;&#8212;&#8212;&#8212;&#8212;&#8211;<\/p>\n<p>\u064a\u064f\u0633\u062a\u062e\u062f\u0645 \u0641\u064a \u0645\u0633\u062a\u062d\u0636\u0631\u0627\u062a \u0627\u0644\u062a\u062c\u0645\u064a\u0644: \u0628\u0648\u0644\u064a \u0633\u0648\u0631\u0628\u0627\u062a 20 \u0647\u0648 \u0645\u0633\u062a\u062d\u0644\u0628 \u064a\u0633\u062a\u062e\u062f\u0645 \u0644\u062e\u0644\u0637 \u0627\u0644\u0632\u064a\u062a \u0648\u0627\u0644\u0645\u0627\u0621 \u0641\u064a \u0627\u0644\u0643\u0631\u064a\u0645\u0627\u062a \u0648\u0627\u0644\u0645\u0633\u062a\u062d\u0636\u0631\u0627\u062a \u0648\u0645\u0646\u0638\u0641\u0627\u062a \u0627\u0644\u0648\u062c\u0647.<br \/>\n\u0627\u0644\u0641\u0648\u0627\u0626\u062f \u0627\u0644\u0631\u0626\u064a\u0633\u064a\u0629: \u064a\u0633\u0627\u0639\u062f \u0639\u0644\u0649 \u062a\u0643\u0648\u064a\u0646 \u0645\u0633\u062a\u062d\u0644\u0628 \u0645\u0633\u062a\u0642\u0631 \u0628\u064a\u0646 \u0627\u0644\u0632\u064a\u062a \u0648\u0627\u0644\u0645\u0627\u0621\u060c \u064a\u062d\u0633\u0646 \u0627\u0644\u0642\u0648\u0627\u0645 \u0648\u062a\u062c\u0627\u0646\u0633 \u0627\u0644\u0645\u0646\u062a\u062c\u060c \u064a\u0633\u062a\u062e\u062f\u0645 \u0644\u0625\u0630\u0627\u0628\u0629 \u0627\u0644\u0632\u064a\u0648\u062a \u0627\u0644\u0639\u0637\u0631\u064a\u0629 \u0641\u064a \u0627\u0644\u0645\u0646\u062a\u062c\u0627\u062a \u0630\u0627\u062a \u0627\u0644\u0623\u0633\u0627\u0633 \u0627\u0644\u0645\u0627\u0626\u064a\u060c \u0622\u0645\u0646 \u0644\u062c\u0645\u064a\u0639 \u0623\u0646\u0648\u0627\u0639 \u0627\u0644\u0628\u0634\u0631\u0629 \u0628\u0627\u0644\u0645\u0633\u062a\u0648\u064a\u0627\u062a \u0627\u0644\u0645\u0648\u0635\u0649 \u0628\u0647\u0627.<br \/>\n\u0645\u0639\u062f\u0644 \u0627\u0644\u0627\u0633\u062a\u062e\u062f\u0627\u0645: \u0639\u0627\u062f\u0629\u064b \u0645\u0627 \u064a\u062a\u0631\u0627\u0648\u062d \u0628\u064a\u0646 0.5% &#8211; 5% \u062d\u0633\u0628 \u0627\u0644\u0645\u0646\u062a\u062c.<br \/>\n\u0637\u0631\u064a\u0642\u0629 \u0627\u0644\u0625\u0636\u0627\u0641\u0629: \u064a\u0630\u0648\u0628 \u0641\u064a \u0645\u0631\u062d\u0644\u0629 \u0627\u0644\u0645\u0627\u0621 \u0648\u064a\u0636\u0627\u0641 \u0623\u062b\u0646\u0627\u0621 \u0645\u0632\u062c \u0645\u0631\u062d\u0644\u062a\u064a \u0627\u0644\u0632\u064a\u062a \u0648\u0627\u0644\u0645\u0627\u0621 \u0644\u0636\u0645\u0627\u0646 \u0627\u0644\u062d\u0635\u0648\u0644 \u0639\u0644\u0649 \u0645\u0633\u062a\u062d\u0644\u0628 \u0645\u062a\u062c\u0627\u0646\u0633.<br \/>\n\u0645\u0644\u0627\u062d\u0638\u0627\u062a: \u0645\u062a\u0648\u0627\u0641\u0642 \u0645\u0639 \u0645\u0639\u0638\u0645 \u0627\u0644\u0632\u064a\u0648\u062a \u0648\u0627\u0644\u0645\u0643\u0648\u0646\u0627\u062a \u0627\u0644\u0646\u0634\u0637\u0629 \u0648\u0644\u0627 \u064a\u062a\u0631\u0643 \u0645\u0644\u0645\u0633\u064b\u0627 \u062f\u0647\u0646\u064a\u064b\u0627 \u0639\u0644\u0649 \u0627\u0644\u0628\u0634\u0631\u0629.<\/p>\n","protected":false},"excerpt":{"rendered":"<p>\u0645\u064a\u0646\u0648\u0643\u0633\u064a\u062f\u064a\u0644 \u0647\u0648 \u0645\u0627\u062f\u0629 \u0641\u0639\u0651\u0627\u0644\u0629 \u062a\u064f\u0633\u062a\u062e\u062f\u0645 \u0641\u064a \u0627\u0644\u062a\u0637\u0628\u064a\u0642\u0627\u062a \u0627\u0644\u062a\u062c\u0645\u064a\u0644\u064a\u0629 \u0648\u0627\u0644\u0637\u0628\u064a\u0629 \u0644\u0639\u0644\u0627\u062c \u062a\u0633\u0627\u0642\u0637 \u0627\u0644\u0634\u0639\u0631 \u0648\u0627\u0644\u0635\u0644\u0639 \u0627\u0644\u0648\u0631\u0627\u062b\u064a. \u064a\u064f\u0637\u0628\u0651\u0642 \u0639\u0627\u062f\u0629\u064b \u0639\u0644\u0649 \u0641\u0631\u0648\u0629 \u0627\u0644\u0631\u0623\u0633 \u0643\u0645\u062d\u0644\u0648\u0644 \u062c\u0627\u0647\u0632 \u0623\u0648 \u0628\u062e\u0627\u062e \u0623\u0648 \u0631\u063a\u0648\u0629. <\/p>\n","protected":false},"featured_media":6448,"comment_status":"closed","ping_status":"closed","template":"","meta":[],"etheme_brands":[],"product_brand":[],"product_cat":[260],"product_tag":[],"class_list":{"0":"post-6425","1":"product","2":"type-product","3":"status-publish","4":"has-post-thumbnail","6":"product_cat-260","8":"first","9":"instock","10":"taxable","11":"shipping-taxable","12":"purchasable","13":"product-type-variable"},"_links":{"self":[{"href":"https:\/\/kimyasalevi.com\/ar\/wp-json\/wp\/v2\/product\/6425","targetHints":{"allow":["GET"]}}],"collection":[{"href":"https:\/\/kimyasalevi.com\/ar\/wp-json\/wp\/v2\/product"}],"about":[{"href":"https:\/\/kimyasalevi.com\/ar\/wp-json\/wp\/v2\/types\/product"}],"replies":[{"embeddable":true,"href":"https:\/\/kimyasalevi.com\/ar\/wp-json\/wp\/v2\/comments?post=6425"}],"version-history":[{"count":2,"href":"https:\/\/kimyasalevi.com\/ar\/wp-json\/wp\/v2\/product\/6425\/revisions"}],"predecessor-version":[{"id":6915,"href":"https:\/\/kimyasalevi.com\/ar\/wp-json\/wp\/v2\/product\/6425\/revisions\/6915"}],"wp:featuredmedia":[{"embeddable":true,"href":"https:\/\/kimyasalevi.com\/ar\/wp-json\/wp\/v2\/media\/6448"}],"wp:attachment":[{"href":"https:\/\/kimyasalevi.com\/ar\/wp-json\/wp\/v2\/media?parent=6425"}],"wp:term":[{"taxonomy":"brand","embeddable":true,"href":"https:\/\/kimyasalevi.com\/ar\/wp-json\/wp\/v2\/etheme_brands?post=6425"},{"taxonomy":"product_brand","embeddable":true,"href":"https:\/\/kimyasalevi.com\/ar\/wp-json\/wp\/v2\/product_brand?post=6425"},{"taxonomy":"product_cat","embeddable":true,"href":"https:\/\/kimyasalevi.com\/ar\/wp-json\/wp\/v2\/product_cat?post=6425"},{"taxonomy":"product_tag","embeddable":true,"href":"https:\/\/kimyasalevi.com\/ar\/wp-json\/wp\/v2\/product_tag?post=6425"}],"curies":[{"name":"wp","href":"https:\/\/api.w.org\/{rel}","templated":true}]}}