{"id":6467,"date":"2026-02-16T12:02:59","date_gmt":"2026-02-16T12:02:59","guid":{"rendered":"https:\/\/kimyasalevi.com\/?post_type=product&#038;p=6467"},"modified":"2026-04-01T04:51:08","modified_gmt":"2026-04-01T04:51:08","slug":"023-laktik-asit-lactic-acid","status":"publish","type":"product","link":"https:\/\/kimyasalevi.com\/ar\/product\/023-laktik-asit-lactic-acid\/","title":{"rendered":"023 LAKT\u0130K AS\u0130T &#8211; LACTIC ACID"},"content":{"rendered":"<p>Laktik Asit (Lactic Acid) kozmetikte AHA (Alfa Hidroksi Asit) grubuna ait kimyasal bir peeling maddesidir ve kremler, serumlar ve peeling \u00fcr\u00fcnlerinde cilt yenilenmesi i\u00e7in kullan\u0131l\u0131r. Cildi nazik\u00e7e soyar, \u00f6l\u00fc h\u00fccreleri uzakla\u015ft\u0131r\u0131r, cildi nemlendirir ve elastikiyetini art\u0131r\u0131r, ince \u00e7izgi ve koyu lekelerin g\u00f6r\u00fcn\u00fcm\u00fcn\u00fc azalt\u0131r, cilt dokusunu daha p\u00fcr\u00fczs\u00fcz, yumu\u015fak ve parlak hale getirir. Y\u00fcz \u00fcr\u00fcnlerinde genellikle %2 \u2013 %10, v\u00fccut \u00fcr\u00fcnlerinde ise %12 \u2013 %15\u2019e kadar kullan\u0131labilir. Su i\u00e7inde veya su faz\u0131nda \u00e7\u00f6z\u00fcl\u00fcr ve etkinli\u011fini korumak i\u00e7in 40\u00b0C\u2019nin alt\u0131nda form\u00fclasyona eklenmelidir. Y\u00fcksek konsantrasyonlarda veya a\u015f\u0131r\u0131 kullan\u0131mda tahri\u015fe neden olabilir, g\u00fcnd\u00fcz kullan\u0131m\u0131nda mutlaka g\u00fcne\u015f kremi \u00f6nerilir ve tavsiye edilen oranlarda t\u00fcm cilt tipleri i\u00e7in g\u00fcvenlidir.<\/p>\n","protected":false},"excerpt":{"rendered":"<p>&#8230;<\/p>\n","protected":false},"featured_media":6485,"comment_status":"closed","ping_status":"closed","template":"","meta":[],"etheme_brands":[],"product_brand":[],"product_cat":[259],"product_tag":[],"class_list":{"0":"post-6467","1":"product","2":"type-product","3":"status-publish","4":"has-post-thumbnail","6":"product_cat-ham-maddeler","8":"first","9":"instock","10":"taxable","11":"shipping-taxable","12":"purchasable","13":"product-type-variable"},"_links":{"self":[{"href":"https:\/\/kimyasalevi.com\/ar\/wp-json\/wp\/v2\/product\/6467","targetHints":{"allow":["GET"]}}],"collection":[{"href":"https:\/\/kimyasalevi.com\/ar\/wp-json\/wp\/v2\/product"}],"about":[{"href":"https:\/\/kimyasalevi.com\/ar\/wp-json\/wp\/v2\/types\/product"}],"replies":[{"embeddable":true,"href":"https:\/\/kimyasalevi.com\/ar\/wp-json\/wp\/v2\/comments?post=6467"}],"version-history":[{"count":3,"href":"https:\/\/kimyasalevi.com\/ar\/wp-json\/wp\/v2\/product\/6467\/revisions"}],"predecessor-version":[{"id":6955,"href":"https:\/\/kimyasalevi.com\/ar\/wp-json\/wp\/v2\/product\/6467\/revisions\/6955"}],"wp:featuredmedia":[{"embeddable":true,"href":"https:\/\/kimyasalevi.com\/ar\/wp-json\/wp\/v2\/media\/6485"}],"wp:attachment":[{"href":"https:\/\/kimyasalevi.com\/ar\/wp-json\/wp\/v2\/media?parent=6467"}],"wp:term":[{"taxonomy":"brand","embeddable":true,"href":"https:\/\/kimyasalevi.com\/ar\/wp-json\/wp\/v2\/etheme_brands?post=6467"},{"taxonomy":"product_brand","embeddable":true,"href":"https:\/\/kimyasalevi.com\/ar\/wp-json\/wp\/v2\/product_brand?post=6467"},{"taxonomy":"product_cat","embeddable":true,"href":"https:\/\/kimyasalevi.com\/ar\/wp-json\/wp\/v2\/product_cat?post=6467"},{"taxonomy":"product_tag","embeddable":true,"href":"https:\/\/kimyasalevi.com\/ar\/wp-json\/wp\/v2\/product_tag?post=6467"}],"curies":[{"name":"wp","href":"https:\/\/api.w.org\/{rel}","templated":true}]}}