{"id":6495,"date":"2026-02-16T12:07:48","date_gmt":"2026-02-16T12:07:48","guid":{"rendered":"https:\/\/kimyasalevi.com\/?post_type=product&#038;p=6495"},"modified":"2026-02-17T22:38:53","modified_gmt":"2026-02-17T22:38:53","slug":"%d9%85%d9%8a%d9%86%d9%88%d9%83%d8%b3%d9%8a%d8%af%d9%8a%d9%84-001-copy-copy-copy-copy-copy-copy-copy-copy-5","status":"publish","type":"product","link":"https:\/\/kimyasalevi.com\/ar\/product\/%d9%85%d9%8a%d9%86%d9%88%d9%83%d8%b3%d9%8a%d8%af%d9%8a%d9%84-001-copy-copy-copy-copy-copy-copy-copy-copy-5\/","title":{"rendered":"024 \u0643\u0628\u0631\u064a\u062a\u0627\u062a \u0644\u0648\u0631\u064a\u062b \u0627\u0644\u0635\u0648\u062f\u064a\u0648\u0645 024 &#8211; \u0633\u0648\u062f\u064a\u0648\u0645 \u0644\u0648\u0631\u064a\u0644\u062a\u0631 \u0633\u0648\u0644\u0641\u0627\u062a- SLES"},"content":{"rendered":"<p>Sodyum Laureth S\u00fclfat (\u0643\u0628\u0631\u064a\u062a\u0627\u062a \u0644\u0648\u0631\u064a\u062b \u0627\u0644\u0635\u0648\u062f\u064a\u0648\u0645 &#8211; SLES)<br \/>\nKozmetikte kullan\u0131m\u0131m\u0131:<br \/>\n \u0633\u0648\u0644\u0641\u0627\u062a \u0644\u0648\u0631\u064a\u062b \u0627\u0644\u0635\u0648\u062f\u064a\u0648\u0645\u061b \u0633\u0648\u0644\u0641\u0627\u062a \u0644\u0648\u0631\u064a\u062b \u0627\u0644\u0635\u0648\u062f\u064a\u0648\u0645\u061b \u0633\u0648\u0644\u0641\u0627\u062a \u0644\u0648\u0631\u064a\u062b \u0627\u0644\u0635\u0648\u062f\u064a\u0648\u0645\u061b \u0633\u0648\u0644\u0641\u0627\u062a \u0644\u0648\u0631\u064a\u062b \u0627\u0644\u0635\u0648\u062f\u064a\u0648\u0645\u061b \u0633\u0648\u0644\u0641\u0627\u062a \u0644\u0648\u0631\u064a\u062b \u0627\u0644\u0635\u0648\u062f\u064a\u0648\u0645: Cilt ve sa\u00e7\u0131 kir, ya\u011f ve kal\u0131nt\u0131lardan etkili \u015fekilde temizler, zengin k\u00f6p\u00fck olu\u015fturarak kullan\u0131m deneyimini art\u0131r\u0131r, ya\u011flar\u0131 ve kirleri \u00e7\u00f6zerek kolay durulanmay\u0131 sa\u011flar, su bazl\u0131 form\u00fclasyonlarla uyumludur.<br \/>\nKullan\u0131m oran\u0131: \u015eampuan ve du\u015f \u00fcnnlerinde genellikle %5-%15, k\u00f6p\u00fck miktar\u0131 ve sa\u00e7 yumu\u015f\u015fakl\u0131\u011f\u0131\u0131na g\u00f6re ayarlanabilir.<\/p>\n<p>\u0646\u0648\u062a\u0644\u0631: \u064a\u0645\u0643\u0646 \u0623\u0646 \u064a\u0643\u0648\u0646 \u0647\u0646\u0627\u0643 \u0627\u0644\u0643\u062b\u064a\u0631 \u0645\u0646 \u0627\u0644\u0645\u0634\u0627\u0643\u0644 \u0627\u0644\u062a\u064a \u064a\u0645\u0643\u0646 \u0623\u0646 \u062a\u062d\u062f\u062b \u0641\u064a \u0623\u064a \u0648\u0642\u062a\u060c \u0648\u0644\u0643\u0646 \u0644\u0627 \u064a\u0645\u0643\u0646 \u0623\u0646 \u064a\u0643\u0648\u0646 \u0647\u0646\u0627\u0643 \u0623\u064a \u0634\u064a\u0621 \u0622\u062e\u0631 \u063a\u064a\u0631 \u0630\u0644\u0643. \u0646\u0648\u062a\u0644\u0631: Y\u00fcksek konsantrasyonlarda veya s\u0131k kullan\u0131mda cilt ve sa\u00e7\u0131 kurutabilir, hassas\u00fcr\u00fcnlerde d\u00fc\u015f\u00fck oranlarda veya gliserin gibi nemlendiricilerle birlikte kullan\u0131lmas\u0131 \u00f6nerilir.<\/p>\n<p>&#8212;&#8212;&#8212;&#8212;&#8212;&#8212;&#8212;&#8212;&#8212;&#8212;&#8212;&#8212;&#8212;&#8212;&#8212;&#8212;&#8212;&#8212;&#8212;&#8212;&#8212;&#8212;&#8212;&#8212;&#8212;&#8212;&#8212;&#8212;&#8212;&#8212;&#8212;&#8212;&#8212;&#8212;&#8212;&#8212;&#8212;&#8212;&#8212;&#8211;<\/p>\n<p>\u0643\u0628\u0631\u064a\u062a\u0627\u062a \u0644\u0648\u0631\u064a\u062b \u0627\u0644\u0635\u0648\u062f\u064a\u0648\u0645 (SLES)<br \/>\n\u064a\u0633\u062a\u062e\u062f\u0645 \u0641\u064a \u0645\u0633\u062a\u062d\u0636\u0631\u0627\u062a \u0627\u0644\u062a\u062c\u0645\u064a\u0644: SLES \u0645\u0627\u062f\u0629 \u062e\u0627\u0641\u0636\u0629 \u0644\u0644\u062a\u0648\u062a\u0631 \u0627\u0644\u0633\u0637\u062d\u064a\/\u0645\u0646\u0638\u0641 \u064a\u0633\u062a\u062e\u062f\u0645 \u0641\u064a \u0627\u0644\u0634\u0627\u0645\u0628\u0648 \u0648\u0645\u0646\u0638\u0641\u0627\u062a \u0627\u0644\u0648\u062c\u0647 \u0648\u062c\u0644 \u0627\u0644\u0627\u0633\u062a\u062d\u0645\u0627\u0645 \u0644\u062a\u0646\u0638\u064a\u0641 \u0627\u0644\u0628\u0634\u0631\u0629 \u0648\u0627\u0644\u0634\u0639\u0631 \u0645\u0639 \u0625\u0646\u062a\u0627\u062c \u0631\u063a\u0648\u0629 \u063a\u0646\u064a\u0629.<br \/>\n\u0627\u0644\u0641\u0648\u0627\u0626\u062f \u0627\u0644\u0631\u0626\u064a\u0633\u064a\u0629: \u064a\u0632\u064a\u0644 \u0627\u0644\u0623\u0648\u0633\u0627\u062e \u0648\u0627\u0644\u0632\u064a\u0648\u062a \u0627\u0644\u0632\u0627\u0626\u062f\u0629 \u0628\u0641\u0639\u0627\u0644\u064a\u0629\u060c \u0648\u064a\u062e\u0644\u0642 \u0631\u063a\u0648\u0629 \u063a\u0646\u064a\u0629 \u0644\u062a\u0639\u0632\u064a\u0632 \u062a\u062c\u0631\u0628\u0629 \u0627\u0644\u0645\u0633\u062a\u062e\u062f\u0645\u060c \u0648\u064a\u0630\u064a\u0628 \u0627\u0644\u0632\u064a\u0648\u062a \u0648\u0627\u0644\u0634\u0648\u0627\u0626\u0628 \u0644\u0633\u0647\u0648\u0644\u0629 \u0627\u0644\u0634\u0637\u0641\u060c \u0648\u0645\u062a\u0648\u0627\u0641\u0642 \u0645\u0639 \u0627\u0644\u062a\u0631\u0643\u064a\u0628\u0627\u062a \u0627\u0644\u0645\u0627\u0626\u064a\u0629.<br \/>\n\u0645\u0639\u062f\u0644 \u0627\u0644\u0627\u0633\u062a\u062e\u062f\u0627\u0645: \u0639\u0627\u062f\u0629\u064b 5\u066a &#8211; 15\u066a \u0641\u064a \u0627\u0644\u0634\u0627\u0645\u0628\u0648 \u0648\u063a\u0633\u0648\u0644 \u0627\u0644\u062c\u0633\u0645\u060c \u0642\u0627\u0628\u0644 \u0644\u0644\u062a\u0639\u062f\u064a\u0644 \u0628\u0646\u0627\u0621\u064b \u0639\u0644\u0649 \u0627\u0644\u0631\u063a\u0648\u0629 \u0627\u0644\u0645\u0631\u063a\u0648\u0628\u0629 \u0648\u0646\u0639\u0648\u0645\u0629 \u0627\u0644\u0634\u0639\u0631.<br \/>\n\u0627\u0644\u062f\u0645\u062c: \u064a\u0636\u0627\u0641 \u0625\u0644\u0649 \u0627\u0644\u0637\u0648\u0631 \u0627\u0644\u0645\u0627\u0626\u064a \u0648\u064a\u062e\u0644\u0637 \u062c\u064a\u062f\u064b\u0627\u061b \u064a\u0645\u0643\u0646 \u062f\u0645\u062c\u0647 \u0645\u0639 \u0645\u0648\u0627\u062f \u0623\u062e\u0631\u0649 \u062e\u0627\u0641\u0636\u0629 \u0644\u0644\u062a\u0648\u062a\u0631 \u0627\u0644\u0633\u0637\u062d\u064a \u0644\u062a\u062d\u0633\u064a\u0646 \u0627\u0644\u0646\u0639\u0648\u0645\u0629 \u0648\u0627\u0644\u0631\u063a\u0648\u0629.<br \/>\n\u0645\u0644\u0627\u062d\u0638\u0627\u062a: \u0642\u062f \u062a\u062a\u0633\u0628\u0628 \u0627\u0644\u062a\u0631\u0643\u064a\u0632\u0627\u062a \u0627\u0644\u0639\u0627\u0644\u064a\u0629 \u0623\u0648 \u0627\u0644\u0627\u0633\u062a\u062e\u062f\u0627\u0645 \u0627\u0644\u0645\u062a\u0643\u0631\u0631 \u0641\u064a \u0627\u0644\u062c\u0641\u0627\u0641\u061b \u0628\u0627\u0644\u0646\u0633\u0628\u0629 \u0644\u0644\u062a\u0631\u0643\u064a\u0628\u0627\u062a \u0627\u0644\u062d\u0633\u0627\u0633\u0629\u060c \u0627\u0633\u062a\u062e\u062f\u0645\u064a \u0645\u0633\u062a\u0648\u064a\u0627\u062a \u0623\u0642\u0644 \u0623\u0648 \u0627\u062f\u0645\u062c\u064a\u0647\u0627 \u0645\u0639 \u0645\u0631\u0637\u0628\u0627\u062a \u0645\u062b\u0644 \u0627\u0644\u062c\u0644\u0633\u0631\u064a\u0646.<\/p>\n","protected":false},"excerpt":{"rendered":"<p>\u0645\u064a\u0646\u0648\u0643\u0633\u064a\u062f\u064a\u0644 \u0647\u0648 \u0645\u0627\u062f\u0629 \u0641\u0639\u0651\u0627\u0644\u0629 \u062a\u064f\u0633\u062a\u062e\u062f\u0645 \u0641\u064a \u0627\u0644\u062a\u0637\u0628\u064a\u0642\u0627\u062a \u0627\u0644\u062a\u062c\u0645\u064a\u0644\u064a\u0629 \u0648\u0627\u0644\u0637\u0628\u064a\u0629 \u0644\u0639\u0644\u0627\u062c \u062a\u0633\u0627\u0642\u0637 \u0627\u0644\u0634\u0639\u0631 \u0648\u0627\u0644\u0635\u0644\u0639 \u0627\u0644\u0648\u0631\u0627\u062b\u064a. \u064a\u064f\u0637\u0628\u0651\u0642 \u0639\u0627\u062f\u0629\u064b \u0639\u0644\u0649 \u0641\u0631\u0648\u0629 \u0627\u0644\u0631\u0623\u0633 \u0643\u0645\u062d\u0644\u0648\u0644 \u062c\u0627\u0647\u0632 \u0623\u0648 \u0628\u062e\u0627\u062e \u0623\u0648 \u0631\u063a\u0648\u0629. <\/p>\n","protected":false},"featured_media":6518,"comment_status":"closed","ping_status":"closed","template":"","meta":[],"etheme_brands":[],"product_brand":[],"product_cat":[260],"product_tag":[],"class_list":{"0":"post-6495","1":"product","2":"type-product","3":"status-publish","4":"has-post-thumbnail","6":"product_cat-260","8":"first","9":"instock","10":"taxable","11":"shipping-taxable","12":"purchasable","13":"product-type-variable"},"_links":{"self":[{"href":"https:\/\/kimyasalevi.com\/ar\/wp-json\/wp\/v2\/product\/6495","targetHints":{"allow":["GET"]}}],"collection":[{"href":"https:\/\/kimyasalevi.com\/ar\/wp-json\/wp\/v2\/product"}],"about":[{"href":"https:\/\/kimyasalevi.com\/ar\/wp-json\/wp\/v2\/types\/product"}],"replies":[{"embeddable":true,"href":"https:\/\/kimyasalevi.com\/ar\/wp-json\/wp\/v2\/comments?post=6495"}],"version-history":[{"count":2,"href":"https:\/\/kimyasalevi.com\/ar\/wp-json\/wp\/v2\/product\/6495\/revisions"}],"predecessor-version":[{"id":6919,"href":"https:\/\/kimyasalevi.com\/ar\/wp-json\/wp\/v2\/product\/6495\/revisions\/6919"}],"wp:featuredmedia":[{"embeddable":true,"href":"https:\/\/kimyasalevi.com\/ar\/wp-json\/wp\/v2\/media\/6518"}],"wp:attachment":[{"href":"https:\/\/kimyasalevi.com\/ar\/wp-json\/wp\/v2\/media?parent=6495"}],"wp:term":[{"taxonomy":"brand","embeddable":true,"href":"https:\/\/kimyasalevi.com\/ar\/wp-json\/wp\/v2\/etheme_brands?post=6495"},{"taxonomy":"product_brand","embeddable":true,"href":"https:\/\/kimyasalevi.com\/ar\/wp-json\/wp\/v2\/product_brand?post=6495"},{"taxonomy":"product_cat","embeddable":true,"href":"https:\/\/kimyasalevi.com\/ar\/wp-json\/wp\/v2\/product_cat?post=6495"},{"taxonomy":"product_tag","embeddable":true,"href":"https:\/\/kimyasalevi.com\/ar\/wp-json\/wp\/v2\/product_tag?post=6495"}],"curies":[{"name":"wp","href":"https:\/\/api.w.org\/{rel}","templated":true}]}}