{"id":6537,"date":"2026-02-17T05:44:55","date_gmt":"2026-02-17T05:44:55","guid":{"rendered":"https:\/\/kimyasalevi.com\/?post_type=product&#038;p=6537"},"modified":"2026-04-01T07:12:58","modified_gmt":"2026-04-01T07:12:58","slug":"081-hint-yagi-castor-oil","status":"publish","type":"product","link":"https:\/\/kimyasalevi.com\/ar\/product\/081-hint-yagi-castor-oil\/","title":{"rendered":"081 Hint ya\u011f\u0131 &#8211; Castor oil"},"content":{"rendered":"<p>Hint ya\u011f\u0131\u00a0 bitkisel bir ya\u011fd\u0131r. Kozmetik, sa\u00e7 ve cilt bak\u0131m \u00fcr\u00fcnleri ile sabun yap\u0131m\u0131nda yayg\u0131n olarak kullan\u0131l\u0131r. Nemlendirici ve besleyici \u00f6zellikleriyle bilinir; kuru cildi nemlendirir ve yumu\u015fat\u0131r, sa\u00e7\u0131 g\u00fc\u00e7lendirir ve uzamas\u0131n\u0131 destekler, bazen kirpik ve ka\u015f bak\u0131m\u0131nda tercih edilir, sabun ve aromatik ya\u011f form\u00fcllerinde nem verici bile\u015fen olarak yer al\u0131r. Cilde veya sa\u00e7a do\u011frudan uygulanabilir, gerekirse yo\u011fun k\u0131vam\u0131n\u0131 azaltmak i\u00e7in ba\u015fka ya\u011flarla kar\u0131\u015ft\u0131r\u0131labilir ve en iyi sonu\u00e7 i\u00e7in d\u00fczenli\/g\u00fcnl\u00fck kullan\u0131m \u00f6nerilir. Harici kullan\u0131m i\u00e7in genelde g\u00fcvenlidir ancak hassas ciltlerde hafif alerjik reaksiyon g\u00f6r\u00fclebilir, g\u00f6zle do\u011frudan temastan ka\u00e7\u0131n\u0131lmal\u0131d\u0131r.<\/p>\n","protected":false},"excerpt":{"rendered":"<p>&#8230;<\/p>\n","protected":false},"featured_media":6549,"comment_status":"closed","ping_status":"closed","template":"","meta":[],"etheme_brands":[],"product_brand":[],"product_cat":[259],"product_tag":[],"class_list":{"0":"post-6537","1":"product","2":"type-product","3":"status-publish","4":"has-post-thumbnail","6":"product_cat-ham-maddeler","8":"first","9":"instock","10":"taxable","11":"shipping-taxable","12":"purchasable","13":"product-type-variable"},"_links":{"self":[{"href":"https:\/\/kimyasalevi.com\/ar\/wp-json\/wp\/v2\/product\/6537","targetHints":{"allow":["GET"]}}],"collection":[{"href":"https:\/\/kimyasalevi.com\/ar\/wp-json\/wp\/v2\/product"}],"about":[{"href":"https:\/\/kimyasalevi.com\/ar\/wp-json\/wp\/v2\/types\/product"}],"replies":[{"embeddable":true,"href":"https:\/\/kimyasalevi.com\/ar\/wp-json\/wp\/v2\/comments?post=6537"}],"version-history":[{"count":4,"href":"https:\/\/kimyasalevi.com\/ar\/wp-json\/wp\/v2\/product\/6537\/revisions"}],"predecessor-version":[{"id":6953,"href":"https:\/\/kimyasalevi.com\/ar\/wp-json\/wp\/v2\/product\/6537\/revisions\/6953"}],"wp:featuredmedia":[{"embeddable":true,"href":"https:\/\/kimyasalevi.com\/ar\/wp-json\/wp\/v2\/media\/6549"}],"wp:attachment":[{"href":"https:\/\/kimyasalevi.com\/ar\/wp-json\/wp\/v2\/media?parent=6537"}],"wp:term":[{"taxonomy":"brand","embeddable":true,"href":"https:\/\/kimyasalevi.com\/ar\/wp-json\/wp\/v2\/etheme_brands?post=6537"},{"taxonomy":"product_brand","embeddable":true,"href":"https:\/\/kimyasalevi.com\/ar\/wp-json\/wp\/v2\/product_brand?post=6537"},{"taxonomy":"product_cat","embeddable":true,"href":"https:\/\/kimyasalevi.com\/ar\/wp-json\/wp\/v2\/product_cat?post=6537"},{"taxonomy":"product_tag","embeddable":true,"href":"https:\/\/kimyasalevi.com\/ar\/wp-json\/wp\/v2\/product_tag?post=6537"}],"curies":[{"name":"wp","href":"https:\/\/api.w.org\/{rel}","templated":true}]}}