{"id":6565,"date":"2026-02-17T05:53:23","date_gmt":"2026-02-17T05:53:23","guid":{"rendered":"https:\/\/kimyasalevi.com\/?post_type=product&#038;p=6565"},"modified":"2026-04-01T07:13:57","modified_gmt":"2026-04-01T07:13:57","slug":"082-cetiol-he-cetiol-he-peg-7","status":"publish","type":"product","link":"https:\/\/kimyasalevi.com\/ar\/product\/082-cetiol-he-cetiol-he-peg-7\/","title":{"rendered":"082 CET\u0130OL HE &#8211; CETIOL HE &#8211; PEG 7"},"content":{"rendered":"<p>CET\u0130OL HE &#8211; CETIOL HE &#8211; PEG 7 Kozmetikte cilt ve sa\u00e7 i\u00e7in yumu\u015fat\u0131c\u0131 ve nemlendirici olarak kullan\u0131lan nazik bir i\u00e7eriktir. \u015eampuan, sa\u00e7 kremi, losyon, du\u015f jeli ve bebek \u00fcr\u00fcnlerinde yayg\u0131n \u015fekilde yer al\u0131r. Hafif bir surfaktan olarak cilt ve sa\u00e7\u0131 kurutmadan temizler, s\u0131v\u0131 ve krem form\u00fclasyonlar\u0131n dokusunu iyile\u015ftirir ve ya\u011f ile su faz\u0131 aras\u0131nda em\u00fclgat\u00f6r g\u00f6revi g\u00f6r\u00fcr. Hassas ciltler ve bebekler i\u00e7in uygundur. Kullan\u0131m oran\u0131 \u00fcr\u00fcn tipine ba\u011fl\u0131 olarak genellikle %1\u2013%10 aras\u0131ndad\u0131r. Form\u00fclasyona su faz\u0131nda eklenir ve di\u011fer su ve ya\u011f bazl\u0131 bile\u015fenlerle kolayca entegre edilebilir. \u00c7o\u011fu i\u00e7erikle uyumludur ve hassas ciltler i\u00e7in g\u00fcvenli kabul edilir.<\/p>\n","protected":false},"excerpt":{"rendered":"<p>&#8230;<\/p>\n","protected":false},"featured_media":6581,"comment_status":"closed","ping_status":"closed","template":"","meta":[],"etheme_brands":[],"product_brand":[],"product_cat":[259],"product_tag":[],"class_list":{"0":"post-6565","1":"product","2":"type-product","3":"status-publish","4":"has-post-thumbnail","6":"product_cat-ham-maddeler","8":"first","9":"instock","10":"taxable","11":"shipping-taxable","12":"purchasable","13":"product-type-variable"},"_links":{"self":[{"href":"https:\/\/kimyasalevi.com\/ar\/wp-json\/wp\/v2\/product\/6565","targetHints":{"allow":["GET"]}}],"collection":[{"href":"https:\/\/kimyasalevi.com\/ar\/wp-json\/wp\/v2\/product"}],"about":[{"href":"https:\/\/kimyasalevi.com\/ar\/wp-json\/wp\/v2\/types\/product"}],"replies":[{"embeddable":true,"href":"https:\/\/kimyasalevi.com\/ar\/wp-json\/wp\/v2\/comments?post=6565"}],"version-history":[{"count":4,"href":"https:\/\/kimyasalevi.com\/ar\/wp-json\/wp\/v2\/product\/6565\/revisions"}],"predecessor-version":[{"id":6951,"href":"https:\/\/kimyasalevi.com\/ar\/wp-json\/wp\/v2\/product\/6565\/revisions\/6951"}],"wp:featuredmedia":[{"embeddable":true,"href":"https:\/\/kimyasalevi.com\/ar\/wp-json\/wp\/v2\/media\/6581"}],"wp:attachment":[{"href":"https:\/\/kimyasalevi.com\/ar\/wp-json\/wp\/v2\/media?parent=6565"}],"wp:term":[{"taxonomy":"brand","embeddable":true,"href":"https:\/\/kimyasalevi.com\/ar\/wp-json\/wp\/v2\/etheme_brands?post=6565"},{"taxonomy":"product_brand","embeddable":true,"href":"https:\/\/kimyasalevi.com\/ar\/wp-json\/wp\/v2\/product_brand?post=6565"},{"taxonomy":"product_cat","embeddable":true,"href":"https:\/\/kimyasalevi.com\/ar\/wp-json\/wp\/v2\/product_cat?post=6565"},{"taxonomy":"product_tag","embeddable":true,"href":"https:\/\/kimyasalevi.com\/ar\/wp-json\/wp\/v2\/product_tag?post=6565"}],"curies":[{"name":"wp","href":"https:\/\/api.w.org\/{rel}","templated":true}]}}