{"id":6650,"date":"2026-02-17T06:27:09","date_gmt":"2026-02-17T06:27:09","guid":{"rendered":"https:\/\/kimyasalevi.com\/?post_type=product&#038;p=6650"},"modified":"2026-04-01T07:17:07","modified_gmt":"2026-04-01T07:17:07","slug":"085-emulgin-b1-ceteareth-12","status":"publish","type":"product","link":"https:\/\/kimyasalevi.com\/ar\/product\/085-emulgin-b1-ceteareth-12\/","title":{"rendered":"085 EMULGIN B1 Ceteareth-12"},"content":{"rendered":"<p>Ceteareth-12, ya\u011f ve su fazlar\u0131n\u0131 birle\u015ftirmek i\u00e7in kullan\u0131lan non-iyonik bir em\u00fclgat\u00f6rd\u00fcr ve kozmetik form\u00fclasyonlarda homojen, p\u00fcr\u00fczs\u00fcz bir yap\u0131 elde edilmesini sa\u011flar. Kremler, losyonlar, v\u00fccut bak\u0131m \u00fcr\u00fcnleri ve cilt bak\u0131m form\u00fcllerinde yayg\u0131n olarak kullan\u0131l\u0131r. Ya\u011f ve su bazl\u0131 bile\u015fenlerin kolayca birle\u015fmesini sa\u011flar, krem ve losyonlar\u0131n dokusunu iyile\u015ftirir, \u00fcr\u00fcn\u00fc daha yumu\u015fak ve kolay uygulanabilir hale getirir. S\u0131v\u0131 ve krem \u00fcr\u00fcnlerde em\u00fclgat\u00f6r ve stabilizat\u00f6r olarak g\u00f6rev yapar. Kullan\u0131m oran\u0131 \u00fcr\u00fcn tipine ve form\u00fclasyona ba\u011fl\u0131 olarak genellikle %1\u2013%5 aras\u0131ndad\u0131r. Form\u00fclasyona \u0131s\u0131t\u0131lm\u0131\u015f ya\u011f faz\u0131nda eklenir, iyi kar\u0131\u015ft\u0131r\u0131l\u0131r ve ard\u0131ndan su faz\u0131 ile kontroll\u00fc \u015fekilde birle\u015ftirilerek homojenlik sa\u011flan\u0131r. \u00c7o\u011fu su ve ya\u011f bazl\u0131 bile\u015fenle uyumludur ve \u00f6nerilen oranlarda topikal kullan\u0131m i\u00e7in g\u00fcvenli kabul edilir.<\/p>\n","protected":false},"excerpt":{"rendered":"<p>&#8230;<\/p>\n","protected":false},"featured_media":6662,"comment_status":"closed","ping_status":"closed","template":"","meta":[],"etheme_brands":[],"product_brand":[],"product_cat":[259],"product_tag":[],"class_list":{"0":"post-6650","1":"product","2":"type-product","3":"status-publish","4":"has-post-thumbnail","6":"product_cat-ham-maddeler","8":"first","9":"instock","10":"taxable","11":"shipping-taxable","12":"purchasable","13":"product-type-variable"},"_links":{"self":[{"href":"https:\/\/kimyasalevi.com\/ar\/wp-json\/wp\/v2\/product\/6650","targetHints":{"allow":["GET"]}}],"collection":[{"href":"https:\/\/kimyasalevi.com\/ar\/wp-json\/wp\/v2\/product"}],"about":[{"href":"https:\/\/kimyasalevi.com\/ar\/wp-json\/wp\/v2\/types\/product"}],"replies":[{"embeddable":true,"href":"https:\/\/kimyasalevi.com\/ar\/wp-json\/wp\/v2\/comments?post=6650"}],"version-history":[{"count":3,"href":"https:\/\/kimyasalevi.com\/ar\/wp-json\/wp\/v2\/product\/6650\/revisions"}],"predecessor-version":[{"id":6946,"href":"https:\/\/kimyasalevi.com\/ar\/wp-json\/wp\/v2\/product\/6650\/revisions\/6946"}],"wp:featuredmedia":[{"embeddable":true,"href":"https:\/\/kimyasalevi.com\/ar\/wp-json\/wp\/v2\/media\/6662"}],"wp:attachment":[{"href":"https:\/\/kimyasalevi.com\/ar\/wp-json\/wp\/v2\/media?parent=6650"}],"wp:term":[{"taxonomy":"brand","embeddable":true,"href":"https:\/\/kimyasalevi.com\/ar\/wp-json\/wp\/v2\/etheme_brands?post=6650"},{"taxonomy":"product_brand","embeddable":true,"href":"https:\/\/kimyasalevi.com\/ar\/wp-json\/wp\/v2\/product_brand?post=6650"},{"taxonomy":"product_cat","embeddable":true,"href":"https:\/\/kimyasalevi.com\/ar\/wp-json\/wp\/v2\/product_cat?post=6650"},{"taxonomy":"product_tag","embeddable":true,"href":"https:\/\/kimyasalevi.com\/ar\/wp-json\/wp\/v2\/product_tag?post=6650"}],"curies":[{"name":"wp","href":"https:\/\/api.w.org\/{rel}","templated":true}]}}