{"id":6705,"date":"2026-02-17T06:42:48","date_gmt":"2026-02-17T06:42:48","guid":{"rendered":"https:\/\/kimyasalevi.com\/?post_type=product&#038;p=6705"},"modified":"2026-02-17T22:38:57","modified_gmt":"2026-02-17T22:38:57","slug":"%d9%85%d9%8a%d9%86%d9%88%d9%83%d8%b3%d9%8a%d8%af%d9%8a%d9%84-001-copy-copy-copy-copy-copy-copy-copy-copy-copy-copy-2","status":"publish","type":"product","link":"https:\/\/kimyasalevi.com\/ar\/product\/%d9%85%d9%8a%d9%86%d9%88%d9%83%d8%b3%d9%8a%d8%af%d9%8a%d9%84-001-copy-copy-copy-copy-copy-copy-copy-copy-copy-copy-2\/","title":{"rendered":"087 \u0634\u0645\u0639 \u0646\u0627\u062a\u0648\u0631\u064a\u0644 \u0635\u0648\u064a\u0627 \u0646\u0627\u062a\u0648\u0631\u064a\u0644 \u0635\u0648\u064a\u0627 \u0634\u0645\u0639 \u0646\u0628\u0627\u062a\u064a \u0639\u0636\u0648\u064a \u0646\u0628\u0627\u062a\u064a \u064a\u0627\u0628\u0627\u0646\u064a"},"content":{"rendered":"<p>Do\u011fal Soya Mumu &#8211; \u0634\u0645\u0639 \u0627\u0644\u0635\u0648\u064a\u0627 \u0627\u0644\u0637\u0628\u064a\u0639\u064a: \u0634\u0645\u0639 \u0627\u0644\u0635\u0648\u064a\u0627 \u0627\u0644\u0639\u0637\u0631\u064a\u0629 &#8211; \u0634\u0645\u0639 \u0627\u0644\u0635\u0648\u064a\u0627 \u0627\u0644\u0637\u0628\u064a\u0639\u064a: \u0634\u0645\u0639 \u0627\u0644\u0635\u0648\u064a\u0627 \u0627\u0644\u0639\u0637\u0631\u064a\u0629 \u0648\u0634\u0645\u0639 \u0627\u0644\u0635\u0648\u064a\u0627 \u0627\u0644\u0637\u0628\u064a\u0639\u064a. Aromatik mumlar, kozmetik mumlar, mum bazl\u0131 kremler ve do\u011fal sabun yap\u0131m\u0131nda tercih edilir; petrol bazl\u0131 mumlara g\u00f6re do\u011fal ve \u00e7evre dostu bir alternatiftir. \u0643\u0645\u0627 \u0623\u0646 \u0647\u0646\u0627\u0643 \u0627\u0644\u0639\u062f\u064a\u062f \u0645\u0646 \u0627\u0644\u0637\u0631\u0642 \u0627\u0644\u0628\u062f\u064a\u0644\u0629 \u0627\u0644\u062a\u064a \u064a\u0645\u0643\u0646 \u0623\u0646 \u062a\u0633\u0627\u0639\u062f \u0641\u064a \u062a\u062d\u0633\u064a\u0646 \u062c\u0648\u062f\u0629 \u0627\u0644\u0645\u0646\u062a\u062c\u0627\u062a \u0627\u0644\u0628\u062a\u0631\u0648\u0644\u064a\u0629 \u0645\u062b\u0644: \u0627\u0633\u062a\u062e\u062f\u0627\u0645 \u0627\u0644\u0628\u0646\u0632\u064a\u0646 \u0641\u064a \u0635\u0646\u0627\u0639\u0629 \u0627\u0644\u0628\u062a\u0631\u0648\u0643\u064a\u0645\u0627\u0648\u064a\u0627\u062a \u0648\u0627\u0644\u0648\u0642\u0648\u062f \u0641\u064a \u0635\u0646\u0627\u0639\u0629 \u0627\u0644\u0628\u0646\u0632\u064a\u0646. \u064a\u0645\u0643\u0646 \u0623\u0646 \u064a\u0643\u0648\u0646 \u0647\u0646\u0627\u0643 \u0627\u0644\u0643\u062b\u064a\u0631 \u0645\u0646 \u0627\u0644\u0623\u0645\u0648\u0631 \u0627\u0644\u062a\u064a \u064a\u062c\u0628 \u0623\u0646 \u062a\u0643\u0648\u0646 \u0639\u0644\u0649 \u0631\u0623\u0633 \u0623\u0648\u0644\u0648\u064a\u0627\u062a\u0646\u0627 \u0641\u064a \u0627\u0644\u0648\u0642\u062a \u0627\u0644\u062d\u0627\u0644\u064a. \u0643\u0645\u0627 \u064a\u0645\u0643\u0646 \u0623\u0646 \u064a\u0643\u0648\u0646 \u0645\u0646 \u0627\u0644\u0645\u0645\u0643\u0646 \u0623\u0646 \u064a\u0643\u0648\u0646 \u0647\u0646\u0627\u0643 \u0627\u0644\u0643\u062b\u064a\u0631 \u0645\u0646 \u0627\u0644\u0645\u0634\u0627\u0643\u0644 \u0627\u0644\u062a\u064a \u064a\u0645\u0643\u0646 \u0623\u0646 \u062a\u062d\u062f\u062b \u0641\u064a \u0627\u0644\u0645\u0633\u062a\u0642\u0628\u0644. \u0643\u0645\u0627 \u0623\u0646 \u0647\u0646\u0627\u0643 \u0627\u0644\u0643\u062b\u064a\u0631 \u0645\u0646 \u0627\u0644\u0623\u0645\u0648\u0631 \u0627\u0644\u062a\u064a \u064a\u062c\u0628 \u0623\u0646 \u062a\u0643\u0648\u0646 \u0641\u064a \u0645\u062a\u0646\u0627\u0648\u0644 \u0627\u0644\u064a\u062f \u0641\u064a \u0627\u0644\u0648\u0642\u062a \u0627\u0644\u062d\u0627\u0644\u064a.     <\/p>\n<p>&#8212;&#8212;&#8212;&#8212;&#8212;&#8212;&#8212;&#8212;&#8212;&#8212;&#8212;&#8212;&#8212;&#8212;&#8212;&#8212;&#8212;&#8212;&#8212;&#8212;&#8212;&#8212;&#8212;&#8212;&#8212;&#8212;&#8212;&#8212;&#8212;&#8212;&#8212;&#8212;&#8212;&#8212;&#8212;&#8212;&#8212;&#8212;&#8212;&#8211;<\/p>\n<p>\u0634\u0645\u0639 \u0627\u0644\u0635\u0648\u064a\u0627 \u0627\u0644\u0637\u0628\u064a\u0639\u064a \u0647\u0648 \u0634\u0645\u0639 \u0646\u0628\u0627\u062a\u064a \u0645\u0634\u062a\u0642 \u0645\u0646 \u0632\u064a\u062a \u0641\u0648\u0644 \u0627\u0644\u0635\u0648\u064a\u0627 \u0627\u0644\u0645\u0647\u062f\u0631\u062c \u0648\u064a\u0633\u062a\u062e\u062f\u0645 \u0639\u0644\u0649 \u0646\u0637\u0627\u0642 \u0648\u0627\u0633\u0639 \u0641\u064a \u0645\u0633\u062a\u062d\u0636\u0631\u0627\u062a \u0627\u0644\u062a\u062c\u0645\u064a\u0644 \u0648\u0627\u0644\u0635\u0646\u0627\u0639\u0627\u062a \u0627\u0644\u0645\u062e\u062a\u0644\u0641\u0629. \u0648\u064a\u064f\u0633\u062a\u062e\u062f\u0645 \u0639\u0627\u062f\u0629\u064b \u0641\u064a \u0627\u0644\u0634\u0645\u0648\u0639 \u0627\u0644\u0645\u0639\u0637\u0631\u0629\u060c \u0648\u0627\u0644\u0634\u0645\u0648\u0639 \u0627\u0644\u062a\u062c\u0645\u064a\u0644\u064a\u0629\u060c \u0648\u0627\u0644\u0643\u0631\u064a\u0645\u0627\u062a \u0627\u0644\u0634\u0645\u0639\u064a\u0629\u060c \u0648\u0635\u0646\u0627\u0639\u0629 \u0627\u0644\u0635\u0627\u0628\u0648\u0646 \u0627\u0644\u0637\u0628\u064a\u0639\u064a\u060c \u0648\u0647\u0648 \u0628\u062f\u064a\u0644 \u0637\u0628\u064a\u0639\u064a \u0648\u0635\u062f\u064a\u0642 \u0644\u0644\u0628\u064a\u0626\u0629 \u0644\u0644\u0634\u0645\u0648\u0639 \u0627\u0644\u0628\u062a\u0631\u0648\u0644\u064a\u0629. \u064a\u0633\u0627\u0639\u062f \u0627\u0644\u0634\u0645\u0639 \u0639\u0644\u0649 \u0627\u0644\u0627\u062d\u062a\u0641\u0627\u0638 \u0628\u0627\u0644\u0639\u0637\u0631 \u0644\u0641\u062a\u0631\u0627\u062a \u0623\u0637\u0648\u0644 \u0641\u064a \u0627\u0644\u0634\u0645\u0648\u0639 \u0627\u0644\u0645\u0639\u0637\u0631\u0629\u060c \u0648\u064a\u0648\u0641\u0631 \u0642\u0648\u0627\u0645\u0627\u064b \u0646\u0627\u0639\u0645\u0627\u064b \u0648\u062b\u0627\u0628\u062a\u0627\u064b \u0641\u064a \u0645\u0646\u062a\u062c\u0627\u062a \u0645\u0633\u062a\u062d\u0636\u0631\u0627\u062a \u0627\u0644\u062a\u062c\u0645\u064a\u0644\u060c \u0648\u064a\u0645\u062a\u0632\u062c \u062c\u064a\u062f\u0627\u064b \u0645\u0639 \u0627\u0644\u0632\u064a\u0648\u062a \u0627\u0644\u0646\u0628\u0627\u062a\u064a\u0629 \u0648\u0627\u0644\u0632\u064a\u0648\u062a \u0627\u0644\u0623\u0633\u0627\u0633\u064a\u0629\u060c \u0643\u0645\u0627 \u0623\u0646\u0647 \u0635\u062f\u064a\u0642 \u0644\u0644\u0628\u0634\u0631\u0629 \u0639\u0646\u062f \u0627\u0633\u062a\u062e\u062f\u0627\u0645\u0647 \u0641\u064a \u0645\u0646\u062a\u062c\u0627\u062a \u0627\u0644\u0639\u0646\u0627\u064a\u0629 \u0627\u0644\u0645\u0648\u0636\u0639\u064a\u0629. \u064a\u064f\u0633\u062a\u062e\u062f\u0645 \u0628\u0646\u0633\u0628\u0629 100% \u0641\u064a \u0635\u0646\u0627\u0639\u0629 \u0627\u0644\u0634\u0645\u0648\u0639\u060c \u0628\u064a\u0646\u0645\u0627 \u064a\u064f\u0633\u062a\u062e\u062f\u0645 \u0641\u064a \u0627\u0644\u0643\u0631\u064a\u0645\u0627\u062a \u0648\u0645\u0633\u062a\u062d\u0636\u0631\u0627\u062a \u0627\u0644\u062a\u062c\u0645\u064a\u0644 \u0628\u0646\u0633\u0628\u0629 5-20% \u062d\u0633\u0628 \u0627\u0644\u062a\u0631\u0643\u064a\u0628\u0629 \u0627\u0644\u0645\u0631\u063a\u0648\u0628\u0629. \u064a\u062a\u0645 \u0635\u0647\u0631 \u0627\u0644\u0634\u0645\u0639 \u0641\u064a \u062f\u0631\u062c\u0627\u062a \u062d\u0631\u0627\u0631\u0629 \u0645\u0646\u062e\u0641\u0636\u0629 \u0642\u0628\u0644 \u0645\u0632\u062c\u0647 \u0645\u0639 \u0627\u0644\u0632\u064a\u0648\u062a \u0623\u0648 \u0627\u0644\u0645\u0643\u0648\u0646\u0627\u062a \u0627\u0644\u0623\u062e\u0631\u0649 \u0648\u064a\u062a\u0631\u0643 \u0644\u064a\u0628\u0631\u062f \u062a\u062f\u0631\u064a\u062c\u064a\u0627\u064b \u0644\u0644\u062d\u0635\u0648\u0644 \u0639\u0644\u0649 \u0642\u0648\u0627\u0645 \u0645\u0648\u062d\u062f \u0648\u062b\u0627\u0628\u062a. \u0648\u0647\u0648 \u0645\u062a\u0648\u0627\u0641\u0642 \u0645\u0639 \u0645\u0639\u0638\u0645 \u0627\u0644\u0632\u064a\u0648\u062a \u0627\u0644\u0646\u0628\u0627\u062a\u064a\u0629 \u0648\u0627\u0644\u0632\u064a\u0648\u062a \u0627\u0644\u0623\u0633\u0627\u0633\u064a\u0629\u060c \u0648\u064a\u0639\u062a\u0628\u0631 \u0622\u0645\u0646\u064b\u0627 \u0644\u0644\u0627\u0633\u062a\u062e\u062f\u0627\u0645 \u0627\u0644\u062a\u062c\u0645\u064a\u0644\u064a \u0627\u0644\u0645\u0648\u0636\u0639\u064a\u060c \u0648\u064a\u062c\u0628 \u062a\u062c\u0646\u0628 \u0627\u0644\u0625\u0641\u0631\u0627\u0637 \u0641\u064a \u062a\u0633\u062e\u064a\u0646\u0647 \u0644\u0644\u062d\u0641\u0627\u0638 \u0639\u0644\u0649 \u062e\u0635\u0627\u0626\u0635\u0647 \u0627\u0644\u0637\u0628\u064a\u0639\u064a\u0629.     <\/p>\n","protected":false},"excerpt":{"rendered":"<p>\u0645\u064a\u0646\u0648\u0643\u0633\u064a\u062f\u064a\u0644 \u0647\u0648 \u0645\u0627\u062f\u0629 \u0641\u0639\u0651\u0627\u0644\u0629 \u062a\u064f\u0633\u062a\u062e\u062f\u0645 \u0641\u064a \u0627\u0644\u062a\u0637\u0628\u064a\u0642\u0627\u062a \u0627\u0644\u062a\u062c\u0645\u064a\u0644\u064a\u0629 \u0648\u0627\u0644\u0637\u0628\u064a\u0629 \u0644\u0639\u0644\u0627\u062c \u062a\u0633\u0627\u0642\u0637 \u0627\u0644\u0634\u0639\u0631 \u0648\u0627\u0644\u0635\u0644\u0639 \u0627\u0644\u0648\u0631\u0627\u062b\u064a. \u064a\u064f\u0637\u0628\u0651\u0642 \u0639\u0627\u062f\u0629\u064b \u0639\u0644\u0649 \u0641\u0631\u0648\u0629 \u0627\u0644\u0631\u0623\u0633 \u0643\u0645\u062d\u0644\u0648\u0644 \u062c\u0627\u0647\u0632 \u0623\u0648 \u0628\u062e\u0627\u062e \u0623\u0648 \u0631\u063a\u0648\u0629. <\/p>\n","protected":false},"featured_media":6725,"comment_status":"closed","ping_status":"closed","template":"","meta":[],"etheme_brands":[],"product_brand":[],"product_cat":[260],"product_tag":[],"class_list":{"0":"post-6705","1":"product","2":"type-product","3":"status-publish","4":"has-post-thumbnail","6":"product_cat-260","8":"first","9":"instock","10":"taxable","11":"shipping-taxable","12":"purchasable","13":"product-type-variable"},"_links":{"self":[{"href":"https:\/\/kimyasalevi.com\/ar\/wp-json\/wp\/v2\/product\/6705","targetHints":{"allow":["GET"]}}],"collection":[{"href":"https:\/\/kimyasalevi.com\/ar\/wp-json\/wp\/v2\/product"}],"about":[{"href":"https:\/\/kimyasalevi.com\/ar\/wp-json\/wp\/v2\/types\/product"}],"replies":[{"embeddable":true,"href":"https:\/\/kimyasalevi.com\/ar\/wp-json\/wp\/v2\/comments?post=6705"}],"version-history":[{"count":2,"href":"https:\/\/kimyasalevi.com\/ar\/wp-json\/wp\/v2\/product\/6705\/revisions"}],"predecessor-version":[{"id":6923,"href":"https:\/\/kimyasalevi.com\/ar\/wp-json\/wp\/v2\/product\/6705\/revisions\/6923"}],"wp:featuredmedia":[{"embeddable":true,"href":"https:\/\/kimyasalevi.com\/ar\/wp-json\/wp\/v2\/media\/6725"}],"wp:attachment":[{"href":"https:\/\/kimyasalevi.com\/ar\/wp-json\/wp\/v2\/media?parent=6705"}],"wp:term":[{"taxonomy":"brand","embeddable":true,"href":"https:\/\/kimyasalevi.com\/ar\/wp-json\/wp\/v2\/etheme_brands?post=6705"},{"taxonomy":"product_brand","embeddable":true,"href":"https:\/\/kimyasalevi.com\/ar\/wp-json\/wp\/v2\/product_brand?post=6705"},{"taxonomy":"product_cat","embeddable":true,"href":"https:\/\/kimyasalevi.com\/ar\/wp-json\/wp\/v2\/product_cat?post=6705"},{"taxonomy":"product_tag","embeddable":true,"href":"https:\/\/kimyasalevi.com\/ar\/wp-json\/wp\/v2\/product_tag?post=6705"}],"curies":[{"name":"wp","href":"https:\/\/api.w.org\/{rel}","templated":true}]}}