{"id":6791,"date":"2026-02-17T08:15:53","date_gmt":"2026-02-17T08:15:53","guid":{"rendered":"https:\/\/kimyasalevi.com\/?post_type=product&#038;p=6791"},"modified":"2026-02-17T22:39:00","modified_gmt":"2026-02-17T22:39:00","slug":"%d9%85%d9%8a%d9%86%d9%88%d9%83%d8%b3%d9%8a%d8%af%d9%8a%d9%84-001-copy-copy-copy-copy-copy-copy-copy-copy-copy-copy-5","status":"publish","type":"product","link":"https:\/\/kimyasalevi.com\/ar\/product\/%d9%85%d9%8a%d9%86%d9%88%d9%83%d8%b3%d9%8a%d8%af%d9%8a%d9%84-001-copy-copy-copy-copy-copy-copy-copy-copy-copy-copy-5\/","title":{"rendered":"090 \u062c\u0644\u064a\u0633\u0631\u064a\u0646 \u0635\u0627\u0628\u0648\u0646 \u062c\u0644\u064a\u0633\u0631\u064a\u0646 090 \u062c\u0644\u064a\u0633\u0631\u064a\u0646 \u0635\u0627\u0628\u0648\u0646 \u0627\u0644\u0635\u0627\u0628\u0648\u0646 (\u015feffaf)"},"content":{"rendered":"<p>\u0642\u0627\u0639\u062f\u0629 \u0635\u0627\u0628\u0648\u0646 \u0627\u0644\u062c\u0644\u0633\u0631\u064a\u0646 \u0627\u0644\u0634\u0641\u0627\u0641\u060c \u0642\u0627\u0639\u062f\u0629 \u0635\u0627\u0628\u0648\u0646 \u0627\u0644\u062c\u0644\u0633\u0631\u064a\u0646 \u0627\u0644\u0634\u0641\u0627\u0641\u060c \u0642\u0627\u0639\u062f\u0629 \u0635\u0627\u0628\u0648\u0646 \u0627\u0644\u062c\u0644\u0633\u0631\u064a\u0646 \u0627\u0644\u0634\u0641\u0627\u0641\u060c \u0642\u0627\u0639\u062f\u0629 \u0635\u0627\u0628\u0648\u0646 \u0627\u0644\u062c\u0644\u0633\u0631\u064a\u0646 \u0627\u0644\u0634\u0641\u0627\u0641\u060c \u0642\u0627\u0639\u062f\u0629 \u0635\u0627\u0628\u0648\u0646 \u0627\u0644\u062c\u0644\u0633\u0631\u064a\u0646 \u0627\u0644\u0634\u0641\u0627\u0641. Renklendirilebilir, koku ve esansiyel ya\u011flar eklenerek ki\u015f\u015fiselle\u015ftirilebilir. \u0643\u0645\u0627 \u064a\u0645\u0643\u0646 \u0623\u0646 \u064a\u0643\u0648\u0646 \u0647\u0646\u0627\u0643 \u0627\u0644\u0643\u062b\u064a\u0631 \u0645\u0646 \u0627\u0644\u0645\u0634\u0627\u0643\u0644 \u0627\u0644\u062a\u064a \u0644\u0627 \u064a\u0645\u0643\u0646 \u062d\u0644\u0647\u0627 \u0625\u0644\u0627 \u0645\u0646 \u062e\u0644\u0627\u0644 \u0627\u0644\u062d\u0648\u0627\u0631. \u0643\u0645\u0627 \u0623\u0646 \u0647\u0630\u0647 \u0627\u0644\u0639\u0645\u0644\u064a\u0629 \u0644\u0627 \u062a\u0632\u0627\u0644 \u0645\u0633\u062a\u0645\u0631\u0629 \u062d\u062a\u0649 \u0627\u0644\u0622\u0646. \u0643\u0645\u0627 \u064a\u0645\u0643\u0646 \u0623\u0646 \u064a\u0643\u0648\u0646 \u0647\u0646\u0627\u0643 \u0628\u0639\u0636 \u0627\u0644\u0645\u0634\u0627\u0643\u0644 \u0627\u0644\u062a\u064a \u064a\u0645\u0643\u0646 \u0623\u0646 \u062a\u062a\u0633\u0628\u0628 \u0641\u064a \u062d\u062f\u0648\u062b \u062a\u0644\u0641 \u0641\u064a \u0627\u0644\u062c\u0647\u0627\u0632 \u0627\u0644\u0647\u0636\u0645\u064a. T\u00fcm cilt tipler i\u00e7in uygundur, hassas ciltler dahil. \u064a\u0645\u0643\u0646 \u0623\u0646 \u064a\u0643\u0648\u0646 \u0647\u0630\u0627 \u0627\u0644\u0646\u0648\u0639 \u0645\u0646 \u0627\u0644\u063a\u0644\u0627\u064a\u0627\u062a (\u063a\u0644\u0627\u064a\u0629 \u0645\u0632\u062f\u0648\u062c\u0629) \u0641\u064a \u0627\u0644\u063a\u0644\u0627\u064a\u0629 \u0627\u0644\u0645\u0632\u062f\u0648\u062c\u0629 \u0641\u064a \u0627\u0644\u063a\u0644\u0627\u064a\u0629 \u0627\u0644\u0645\u0632\u062f\u0648\u062c\u0629 \u0641\u064a \u0627\u0644\u063a\u0644\u0627\u064a\u0629 \u0627\u0644\u0645\u0632\u062f\u0648\u062c\u0629 \u0641\u064a \u0627\u0644\u063a\u0644\u0627\u064a\u0629 \u0627\u0644\u0645\u0632\u062f\u0648\u062c\u0629. \u0643\u0645\u0627 \u064a\u0645\u0643\u0646 \u0623\u0646 \u064a\u0643\u0648\u0646 \u0647\u0646\u0627\u0643 \u0627\u0644\u0643\u062b\u064a\u0631 \u0645\u0646 \u0627\u0644\u0623\u0645\u0648\u0631 \u0627\u0644\u062a\u064a \u064a\u062c\u0628 \u0623\u0646 \u062a\u0643\u0648\u0646 \u0639\u0644\u0649 \u062f\u0631\u0627\u064a\u0629 \u0628\u0647\u0627 \u0641\u064a \u0623\u064a \u0648\u0642\u062a\u060c \u0648\u0644\u0643\u0646 \u0644\u0627 \u064a\u0645\u0643\u0646 \u0623\u0646 \u062a\u0643\u0648\u0646 \u0647\u0646\u0627\u0643 \u062d\u0627\u062c\u0629 \u0625\u0644\u0649 \u0645\u0632\u064a\u062f \u0645\u0646 \u0627\u0644\u0645\u0639\u0644\u0648\u0645\u0627\u062a.       <\/p>\n<p>&#8212;&#8212;&#8212;&#8212;&#8212;&#8212;&#8212;&#8212;&#8212;&#8212;&#8212;&#8212;&#8212;&#8212;&#8212;&#8212;&#8212;&#8212;&#8212;&#8212;&#8212;&#8212;&#8212;&#8212;&#8212;&#8212;&#8212;&#8212;&#8212;&#8212;&#8212;&#8212;&#8212;&#8212;&#8212;&#8212;&#8212;&#8212;&#8212;&#8211;<\/p>\n<p>\u0642\u0627\u0639\u062f\u0629 \u0635\u0627\u0628\u0648\u0646 \u0627\u0644\u062c\u0644\u0633\u0631\u064a\u0646 \u0627\u0644\u0634\u0641\u0627\u0641 \u0639\u0628\u0627\u0631\u0629 \u0639\u0646 \u0642\u0627\u0639\u062f\u0629 \u0635\u0627\u0628\u0648\u0646 \u0634\u0641\u0627\u0641\u0629 \u062a\u062d\u062a\u0648\u064a \u0639\u0644\u0649 \u0646\u0633\u0628\u0629 \u0639\u0627\u0644\u064a\u0629 \u0645\u0646 \u0627\u0644\u062c\u0644\u0633\u0631\u064a\u0646\u060c \u0648\u062a\u0633\u062a\u062e\u062f\u0645 \u0644\u0635\u0646\u0639 \u0627\u0644\u0635\u0627\u0628\u0648\u0646 \u0627\u0644\u0645\u0646\u0632\u0644\u064a \u0623\u0648 \u0627\u0644\u062a\u062c\u0627\u0631\u064a. \u064a\u0645\u0643\u0646 \u062a\u062e\u0635\u064a\u0635\u0647\u0627 \u0628\u0625\u0636\u0627\u0641\u0629 \u0627\u0644\u0623\u0644\u0648\u0627\u0646 \u0648\u0627\u0644\u0639\u0637\u0648\u0631 \u0648\u0627\u0644\u0632\u064a\u0648\u062a \u0627\u0644\u0623\u0633\u0627\u0633\u064a\u0629. \u0645\u0646\u0627\u0633\u0628 \u0644\u0644\u0628\u0634\u0631\u0629 \u0627\u0644\u062d\u0633\u0627\u0633\u0629\u060c \u0641\u0647\u0648 \u064a\u0646\u0638\u0641 \u0627\u0644\u0628\u0634\u0631\u0629 \u0628\u0644\u0637\u0641 \u0648\u064a\u0631\u0637\u0628\u0647\u0627 \u0641\u064a \u0627\u0644\u0648\u0642\u062a \u0646\u0641\u0633\u0647. \u064a\u0646\u0638\u0641 \u0628\u062f\u0648\u0646 \u062a\u062c\u0641\u064a\u0641\u060c \u0648\u064a\u0648\u0641\u0631 \u062a\u0631\u0637\u064a\u0628\u0627\u064b \u0645\u0645\u062a\u0627\u0632\u0627\u064b \u0628\u0641\u0636\u0644 \u0645\u062d\u062a\u0648\u0627\u0647 \u0645\u0646 \u0627\u0644\u062c\u0644\u0633\u0631\u064a\u0646\u060c \u0643\u0645\u0627 \u0623\u0646\u0647 \u0633\u0647\u0644 \u0627\u0644\u062a\u0634\u0643\u064a\u0644 \u0648\u0627\u0644\u062a\u0632\u064a\u064a\u0646 \u0644\u0635\u0646\u0639 \u0627\u0644\u0635\u0627\u0628\u0648\u0646 \u0627\u0644\u0645\u0639\u0637\u0631 \u0623\u0648 \u0635\u0627\u0628\u0648\u0646 \u0627\u0644\u0632\u064a\u0646\u0629. \u0645\u0646\u0627\u0633\u0628 \u0644\u062c\u0645\u064a\u0639 \u0623\u0646\u0648\u0627\u0639 \u0627\u0644\u0628\u0634\u0631\u0629\u060c \u0628\u0645\u0627 \u0641\u064a \u0630\u0644\u0643 \u0627\u0644\u0628\u0634\u0631\u0629 \u0627\u0644\u062d\u0633\u0627\u0633\u0629. \u0644\u0644\u0627\u0633\u062a\u062e\u062f\u0627\u0645\u060c \u064a\u062a\u0645 \u0635\u0647\u0631\u0647 \u0628\u0631\u0641\u0642 \u0628\u0627\u0633\u062a\u062e\u062f\u0627\u0645 \u063a\u0644\u0627\u064a\u0629 \u0645\u0632\u062f\u0648\u062c\u0629 \u0639\u0644\u0649 \u062f\u0631\u062c\u0629 \u062d\u0631\u0627\u0631\u0629 \u0645\u0646\u062e\u0641\u0636\u0629\u060c \u062b\u0645 \u062a\u064f\u0636\u0627\u0641 \u0627\u0644\u0623\u0644\u0648\u0627\u0646 \u0648\u0627\u0644\u0639\u0637\u0648\u0631 \u0648\u0627\u0644\u0632\u064a\u0648\u062a \u0628\u0639\u062f \u0635\u0647\u0631\u0647\u060c \u062b\u0645 \u064a\u064f\u0633\u0643\u0628 \u0641\u064a \u0642\u0648\u0627\u0644\u0628 \u0648\u064a\u062a\u0631\u0643 \u0644\u064a\u0628\u0631\u062f \u0648\u064a\u062a\u0635\u0644\u0628. \u062a\u062c\u0646\u0628\u064a \u0627\u0644\u062d\u0631\u0627\u0631\u0629 \u0627\u0644\u0639\u0627\u0644\u064a\u0629 \u0627\u0644\u0645\u0628\u0627\u0634\u0631\u0629 \u0644\u0644\u062d\u0641\u0627\u0638 \u0639\u0644\u0649 \u062e\u0635\u0627\u0626\u0635\u0647\u060c \u0648\u0627\u062d\u0641\u0638\u064a\u0647 \u0641\u064a \u0645\u0643\u0627\u0646 \u0628\u0627\u0631\u062f \u0648\u062c\u0627\u0641 \u0628\u0639\u064a\u062f\u0627\u064b \u0639\u0646 \u0627\u0644\u0631\u0637\u0648\u0628\u0629.      <\/p>\n","protected":false},"excerpt":{"rendered":"<p>\u0645\u064a\u0646\u0648\u0643\u0633\u064a\u062f\u064a\u0644 \u0647\u0648 \u0645\u0627\u062f\u0629 \u0641\u0639\u0651\u0627\u0644\u0629 \u062a\u064f\u0633\u062a\u062e\u062f\u0645 \u0641\u064a \u0627\u0644\u062a\u0637\u0628\u064a\u0642\u0627\u062a \u0627\u0644\u062a\u062c\u0645\u064a\u0644\u064a\u0629 \u0648\u0627\u0644\u0637\u0628\u064a\u0629 \u0644\u0639\u0644\u0627\u062c \u062a\u0633\u0627\u0642\u0637 \u0627\u0644\u0634\u0639\u0631 \u0648\u0627\u0644\u0635\u0644\u0639 \u0627\u0644\u0648\u0631\u0627\u062b\u064a. \u064a\u064f\u0637\u0628\u0651\u0642 \u0639\u0627\u062f\u0629\u064b \u0639\u0644\u0649 \u0641\u0631\u0648\u0629 \u0627\u0644\u0631\u0623\u0633 \u0643\u0645\u062d\u0644\u0648\u0644 \u062c\u0627\u0647\u0632 \u0623\u0648 \u0628\u062e\u0627\u062e \u0623\u0648 \u0631\u063a\u0648\u0629. <\/p>\n","protected":false},"featured_media":6809,"comment_status":"closed","ping_status":"closed","template":"","meta":[],"etheme_brands":[],"product_brand":[],"product_cat":[260],"product_tag":[],"class_list":{"0":"post-6791","1":"product","2":"type-product","3":"status-publish","4":"has-post-thumbnail","6":"product_cat-260","8":"first","9":"instock","10":"taxable","11":"shipping-taxable","12":"purchasable","13":"product-type-variable"},"_links":{"self":[{"href":"https:\/\/kimyasalevi.com\/ar\/wp-json\/wp\/v2\/product\/6791","targetHints":{"allow":["GET"]}}],"collection":[{"href":"https:\/\/kimyasalevi.com\/ar\/wp-json\/wp\/v2\/product"}],"about":[{"href":"https:\/\/kimyasalevi.com\/ar\/wp-json\/wp\/v2\/types\/product"}],"replies":[{"embeddable":true,"href":"https:\/\/kimyasalevi.com\/ar\/wp-json\/wp\/v2\/comments?post=6791"}],"version-history":[{"count":2,"href":"https:\/\/kimyasalevi.com\/ar\/wp-json\/wp\/v2\/product\/6791\/revisions"}],"predecessor-version":[{"id":6926,"href":"https:\/\/kimyasalevi.com\/ar\/wp-json\/wp\/v2\/product\/6791\/revisions\/6926"}],"wp:featuredmedia":[{"embeddable":true,"href":"https:\/\/kimyasalevi.com\/ar\/wp-json\/wp\/v2\/media\/6809"}],"wp:attachment":[{"href":"https:\/\/kimyasalevi.com\/ar\/wp-json\/wp\/v2\/media?parent=6791"}],"wp:term":[{"taxonomy":"brand","embeddable":true,"href":"https:\/\/kimyasalevi.com\/ar\/wp-json\/wp\/v2\/etheme_brands?post=6791"},{"taxonomy":"product_brand","embeddable":true,"href":"https:\/\/kimyasalevi.com\/ar\/wp-json\/wp\/v2\/product_brand?post=6791"},{"taxonomy":"product_cat","embeddable":true,"href":"https:\/\/kimyasalevi.com\/ar\/wp-json\/wp\/v2\/product_cat?post=6791"},{"taxonomy":"product_tag","embeddable":true,"href":"https:\/\/kimyasalevi.com\/ar\/wp-json\/wp\/v2\/product_tag?post=6791"}],"curies":[{"name":"wp","href":"https:\/\/api.w.org\/{rel}","templated":true}]}}