{"id":6794,"date":"2026-02-17T08:15:53","date_gmt":"2026-02-17T08:15:53","guid":{"rendered":"https:\/\/kimyasalevi.com\/?post_type=product&#038;p=6794"},"modified":"2026-04-01T07:24:55","modified_gmt":"2026-04-01T07:24:55","slug":"090-gliserinli-sabun-bazi-seffaf-glycerin-soap","status":"publish","type":"product","link":"https:\/\/kimyasalevi.com\/ar\/product\/090-gliserinli-sabun-bazi-seffaf-glycerin-soap\/","title":{"rendered":"090 GL\u0130SER\u0130NL\u0130 SABUN BAZI (\u015feffaf)- GLYCERIN SOAP"},"content":{"rendered":"<p>Gliserin \u015eeffaf Sabun Baz\u0131 (Glycerin Transparent Soap Base), y\u00fcksek gliserin i\u00e7eri\u011fine sahip \u015feffaf bir sabun baz\u0131d\u0131r ve evde ya da ticari sabun \u00fcretiminde kullan\u0131l\u0131r. Renklendirilebilir, koku ve esansiyel ya\u011flar eklenerek ki\u015fiselle\u015ftirilebilir. Hassas ciltler i\u00e7in uygundur ve cildi temizlerken ayn\u0131 zamanda nemlendirir. Cildi nazik\u00e7e temizler, kurutmadan bak\u0131m sa\u011flar ve gliserin sayesinde y\u00fcksek nemlendirme etkisi sunar. Kolay \u015fekil al\u0131r, dekoratif ve aromatik sabun yap\u0131m\u0131na uygundur. T\u00fcm cilt tipleri i\u00e7in uygundur, hassas ciltler dahil. Kullan\u0131m s\u0131ras\u0131nda benmari usul\u00fc (double boiler) ile d\u00fc\u015f\u00fck \u0131s\u0131da eritilir, eritildikten sonra renk, koku ve ya\u011flar eklenir, kal\u0131plara d\u00f6k\u00fclerek so\u011fumaya ve kat\u0131la\u015fmaya b\u0131rak\u0131l\u0131r. Do\u011frudan y\u00fcksek \u0131s\u0131dan ka\u00e7\u0131n\u0131lmal\u0131d\u0131r, \u00f6zelliklerini kaybetmemesi i\u00e7in serin ve kuru ortamda, nemden uzak \u015fekilde muhafaza edilmelidir.<\/p>\n","protected":false},"excerpt":{"rendered":"<p>&#8230;<\/p>\n","protected":false},"featured_media":6810,"comment_status":"closed","ping_status":"closed","template":"","meta":[],"etheme_brands":[],"product_brand":[],"product_cat":[259],"product_tag":[],"class_list":{"0":"post-6794","1":"product","2":"type-product","3":"status-publish","4":"has-post-thumbnail","6":"product_cat-ham-maddeler","8":"first","9":"instock","10":"taxable","11":"shipping-taxable","12":"purchasable","13":"product-type-variable"},"_links":{"self":[{"href":"https:\/\/kimyasalevi.com\/ar\/wp-json\/wp\/v2\/product\/6794","targetHints":{"allow":["GET"]}}],"collection":[{"href":"https:\/\/kimyasalevi.com\/ar\/wp-json\/wp\/v2\/product"}],"about":[{"href":"https:\/\/kimyasalevi.com\/ar\/wp-json\/wp\/v2\/types\/product"}],"replies":[{"embeddable":true,"href":"https:\/\/kimyasalevi.com\/ar\/wp-json\/wp\/v2\/comments?post=6794"}],"version-history":[{"count":3,"href":"https:\/\/kimyasalevi.com\/ar\/wp-json\/wp\/v2\/product\/6794\/revisions"}],"predecessor-version":[{"id":6936,"href":"https:\/\/kimyasalevi.com\/ar\/wp-json\/wp\/v2\/product\/6794\/revisions\/6936"}],"wp:featuredmedia":[{"embeddable":true,"href":"https:\/\/kimyasalevi.com\/ar\/wp-json\/wp\/v2\/media\/6810"}],"wp:attachment":[{"href":"https:\/\/kimyasalevi.com\/ar\/wp-json\/wp\/v2\/media?parent=6794"}],"wp:term":[{"taxonomy":"brand","embeddable":true,"href":"https:\/\/kimyasalevi.com\/ar\/wp-json\/wp\/v2\/etheme_brands?post=6794"},{"taxonomy":"product_brand","embeddable":true,"href":"https:\/\/kimyasalevi.com\/ar\/wp-json\/wp\/v2\/product_brand?post=6794"},{"taxonomy":"product_cat","embeddable":true,"href":"https:\/\/kimyasalevi.com\/ar\/wp-json\/wp\/v2\/product_cat?post=6794"},{"taxonomy":"product_tag","embeddable":true,"href":"https:\/\/kimyasalevi.com\/ar\/wp-json\/wp\/v2\/product_tag?post=6794"}],"curies":[{"name":"wp","href":"https:\/\/api.w.org\/{rel}","templated":true}]}}