{"id":7122,"date":"2026-02-18T16:37:07","date_gmt":"2026-02-18T16:37:07","guid":{"rendered":"https:\/\/kimyasalevi.com\/?post_type=product&#038;p=7122"},"modified":"2026-05-08T07:12:56","modified_gmt":"2026-05-08T07:12:56","slug":"033-potasyum-hidroksit-potassium-hydroxide-potas-kostik","status":"publish","type":"product","link":"https:\/\/kimyasalevi.com\/ar\/product\/033-potasyum-hidroksit-potassium-hydroxide-potas-kostik\/","title":{"rendered":"033 POTASYUM HIDROKS\u0130T &#8211; POTASSIUM HYDROXIDE (potas Kostik)"},"content":{"rendered":"<p>Potasyum Hidroksit (KOH) kozmetikte g\u00fc\u00e7l\u00fc bir baz olarak pH dengeleyici (alkali ajan) \u015feklinde kullan\u0131l\u0131r. Sabun \u00fcretiminde, \u00f6zellikle kat\u0131 ve s\u0131v\u0131 sabunlarda saponifikasyon reaksiyonunda temel hammaddelerden biridir ve baz\u0131 form\u00fclasyonlarda \u00fcr\u00fcn\u00fcn alkalili\u011fini ayarlamak amac\u0131yla tercih edilir. \u00dcr\u00fcn\u00fcn pH seviyesini dengelemeye yard\u0131mc\u0131 olur. Kullan\u0131m oran\u0131 \u00fcr\u00fcn t\u00fcr\u00fcne g\u00f6re de\u011fi\u015fmekle birlikte g\u00fcc\u00fc nedeniyle genellikle \u00e7ok d\u00fc\u015f\u00fck oranlarda kullan\u0131l\u0131r. Form\u00fclasyona eklenmeden \u00f6nce mutlaka uygun miktarda suda \u00e7\u00f6z\u00fcnd\u00fcr\u00fcl\u00fcr ve kullan\u0131m s\u0131ras\u0131nda y\u00fcksek dikkat gerektirir. \u00c7ok g\u00fc\u00e7l\u00fc bir madde oldu\u011fu i\u00e7in ciltle do\u011frudan temas\u0131nda yan\u0131klara neden olabilir, bu nedenle eldiven ve koruyucu g\u00f6zl\u00fck kullan\u0131lmas\u0131 zorunludur ve do\u011frudan cilde uygulanmaz.<\/p>\n","protected":false},"excerpt":{"rendered":"<p>&#8230;<\/p>\n","protected":false},"featured_media":7129,"comment_status":"closed","ping_status":"closed","template":"","meta":[],"etheme_brands":[],"product_brand":[],"product_cat":[259],"product_tag":[],"class_list":{"0":"post-7122","1":"product","2":"type-product","3":"status-publish","4":"has-post-thumbnail","6":"product_cat-ham-maddeler","8":"first","9":"instock","10":"taxable","11":"shipping-taxable","12":"purchasable","13":"product-type-variable"},"_links":{"self":[{"href":"https:\/\/kimyasalevi.com\/ar\/wp-json\/wp\/v2\/product\/7122","targetHints":{"allow":["GET"]}}],"collection":[{"href":"https:\/\/kimyasalevi.com\/ar\/wp-json\/wp\/v2\/product"}],"about":[{"href":"https:\/\/kimyasalevi.com\/ar\/wp-json\/wp\/v2\/types\/product"}],"replies":[{"embeddable":true,"href":"https:\/\/kimyasalevi.com\/ar\/wp-json\/wp\/v2\/comments?post=7122"}],"version-history":[{"count":1,"href":"https:\/\/kimyasalevi.com\/ar\/wp-json\/wp\/v2\/product\/7122\/revisions"}],"predecessor-version":[{"id":7130,"href":"https:\/\/kimyasalevi.com\/ar\/wp-json\/wp\/v2\/product\/7122\/revisions\/7130"}],"wp:featuredmedia":[{"embeddable":true,"href":"https:\/\/kimyasalevi.com\/ar\/wp-json\/wp\/v2\/media\/7129"}],"wp:attachment":[{"href":"https:\/\/kimyasalevi.com\/ar\/wp-json\/wp\/v2\/media?parent=7122"}],"wp:term":[{"taxonomy":"brand","embeddable":true,"href":"https:\/\/kimyasalevi.com\/ar\/wp-json\/wp\/v2\/etheme_brands?post=7122"},{"taxonomy":"product_brand","embeddable":true,"href":"https:\/\/kimyasalevi.com\/ar\/wp-json\/wp\/v2\/product_brand?post=7122"},{"taxonomy":"product_cat","embeddable":true,"href":"https:\/\/kimyasalevi.com\/ar\/wp-json\/wp\/v2\/product_cat?post=7122"},{"taxonomy":"product_tag","embeddable":true,"href":"https:\/\/kimyasalevi.com\/ar\/wp-json\/wp\/v2\/product_tag?post=7122"}],"curies":[{"name":"wp","href":"https:\/\/api.w.org\/{rel}","templated":true}]}}