{"id":7143,"date":"2026-02-19T07:43:38","date_gmt":"2026-02-19T07:43:38","guid":{"rendered":"https:\/\/kimyasalevi.com\/?post_type=product&#038;p=7143"},"modified":"2026-05-08T11:02:55","modified_gmt":"2026-05-08T11:02:55","slug":"091-cinko-pirityon-zinc-pyrithion","status":"publish","type":"product","link":"https:\/\/kimyasalevi.com\/ar\/product\/091-cinko-pirityon-zinc-pyrithion\/","title":{"rendered":"091 \u00c7\u0130NKO P\u0130R\u0130TYON &#8211; ZINC PYRITHION"},"content":{"rendered":"<p>Zinc Pyrithione (\u00c7inko Pirition) kozmetikte en \u00e7ok kepek \u00f6nleyici \u015fampuanlarda kullan\u0131l\u0131r. Antifungal ve antibakteriyel \u00f6zellikleri sayesinde sa\u00e7 derisindeki ka\u015f\u0131nt\u0131 ve tahri\u015fi azaltmaya yard\u0131mc\u0131 olur. Bazen egzama ve sedef gibi baz\u0131 cilt problemlerine y\u00f6nelik kremlerde de yer alabilir. Kepe\u011fe neden olan Malassezia gibi mantarlar\u0131n \u00e7o\u011falmas\u0131n\u0131 azalt\u0131r, k\u0131zar\u0131kl\u0131k ve ka\u015f\u0131nt\u0131y\u0131 hafifletir ve sa\u00e7 derisi sa\u011fl\u0131\u011f\u0131n\u0131 destekleyerek iltihap kaynakl\u0131 sa\u00e7 d\u00f6k\u00fclmesini azaltmaya katk\u0131 sa\u011flar. Kepek \u015fampuanlar\u0131nda kullan\u0131m oran\u0131 genellikle %0,3\u2013%2 aras\u0131ndad\u0131r ve AB ile ABD mevzuatlar\u0131na g\u00f6re \u00fcst s\u0131n\u0131r %1\u2013%2\u2019dir. Form\u00fclasyona genellikle so\u011futma a\u015famas\u0131nda eklenir \u00e7\u00fcnk\u00fc y\u00fcksek \u0131s\u0131da karars\u0131zd\u0131r. Suda tamamen \u00e7\u00f6z\u00fcnmez, bu nedenle s\u00fcspansiyon ajanlar\u0131yla birlikte form\u00fcle edilir. \u00c7o\u011fu su bazl\u0131 ve \u015fampuan form\u00fcl\u00fcyle uyumludur ve pH de\u011feri tercihen 5\u20137 aral\u0131\u011f\u0131nda tutulmal\u0131d\u0131r.<\/p>\n","protected":false},"excerpt":{"rendered":"<p>&#8230;<\/p>\n","protected":false},"featured_media":7148,"comment_status":"closed","ping_status":"closed","template":"","meta":[],"etheme_brands":[],"product_brand":[],"product_cat":[259],"product_tag":[],"class_list":{"0":"post-7143","1":"product","2":"type-product","3":"status-publish","4":"has-post-thumbnail","6":"product_cat-ham-maddeler","8":"first","9":"instock","10":"taxable","11":"shipping-taxable","12":"purchasable","13":"product-type-variable"},"_links":{"self":[{"href":"https:\/\/kimyasalevi.com\/ar\/wp-json\/wp\/v2\/product\/7143","targetHints":{"allow":["GET"]}}],"collection":[{"href":"https:\/\/kimyasalevi.com\/ar\/wp-json\/wp\/v2\/product"}],"about":[{"href":"https:\/\/kimyasalevi.com\/ar\/wp-json\/wp\/v2\/types\/product"}],"replies":[{"embeddable":true,"href":"https:\/\/kimyasalevi.com\/ar\/wp-json\/wp\/v2\/comments?post=7143"}],"version-history":[{"count":1,"href":"https:\/\/kimyasalevi.com\/ar\/wp-json\/wp\/v2\/product\/7143\/revisions"}],"predecessor-version":[{"id":7151,"href":"https:\/\/kimyasalevi.com\/ar\/wp-json\/wp\/v2\/product\/7143\/revisions\/7151"}],"wp:featuredmedia":[{"embeddable":true,"href":"https:\/\/kimyasalevi.com\/ar\/wp-json\/wp\/v2\/media\/7148"}],"wp:attachment":[{"href":"https:\/\/kimyasalevi.com\/ar\/wp-json\/wp\/v2\/media?parent=7143"}],"wp:term":[{"taxonomy":"brand","embeddable":true,"href":"https:\/\/kimyasalevi.com\/ar\/wp-json\/wp\/v2\/etheme_brands?post=7143"},{"taxonomy":"product_brand","embeddable":true,"href":"https:\/\/kimyasalevi.com\/ar\/wp-json\/wp\/v2\/product_brand?post=7143"},{"taxonomy":"product_cat","embeddable":true,"href":"https:\/\/kimyasalevi.com\/ar\/wp-json\/wp\/v2\/product_cat?post=7143"},{"taxonomy":"product_tag","embeddable":true,"href":"https:\/\/kimyasalevi.com\/ar\/wp-json\/wp\/v2\/product_tag?post=7143"}],"curies":[{"name":"wp","href":"https:\/\/api.w.org\/{rel}","templated":true}]}}