{"id":7247,"date":"2026-02-19T13:36:19","date_gmt":"2026-02-19T13:36:19","guid":{"rendered":"https:\/\/kimyasalevi.com\/?post_type=product&#038;p=7247"},"modified":"2026-04-16T06:02:55","modified_gmt":"2026-04-16T06:02:55","slug":"103-benzil-benzoat-benzil-benzoat","status":"publish","type":"product","link":"https:\/\/kimyasalevi.com\/ar\/product\/103-benzil-benzoat-benzil-benzoat\/","title":{"rendered":"103 BENZ\u0130L BENZOAT &#8211; BENZIL BENZOAT"},"content":{"rendered":"<p>Benzyl Benzoate (Benzil Benzoat) kozmetikte baz\u0131 cilt ve sa\u00e7 bak\u0131m \u00fcr\u00fcnlerinde, ayr\u0131ca parf\u00fcm ve u\u00e7ucu ya\u011flar i\u00e7in \u00e7\u00f6z\u00fcc\u00fc olarak kullan\u0131lan organik bir bile\u015fiktir, baz\u0131 t\u0131bbi form\u00fclasyonlarda parazit kar\u015f\u0131t\u0131 \u00f6zellik g\u00f6sterebilir ve su bazl\u0131 \u00fcr\u00fcnlerde ya\u011f bazl\u0131 bile\u015fenlerin \u00e7\u00f6z\u00fcnmesini ve homojen da\u011f\u0131lmas\u0131n\u0131 kolayla\u015ft\u0131r\u0131r, ba\u015fl\u0131ca faydalar\u0131 aromatik ve ya\u011fl\u0131 bile\u015fenler i\u00e7in iyi bir \u00e7\u00f6z\u00fcc\u00fc olmas\u0131, \u00fcr\u00fcnde d\u00fczg\u00fcn da\u011f\u0131l\u0131m sa\u011flamas\u0131 ve tedavi ama\u00e7l\u0131 form\u00fclasyonlarda s\u0131n\u0131rl\u0131 antiparaziter etki g\u00f6stermesidir, kullan\u0131m oran\u0131 kozmetik \u00fcr\u00fcnlerde genellikle %0.1\u2013%2 aras\u0131ndad\u0131r, tedavi ama\u00e7l\u0131 form\u00fcllerde %10\u2019a kadar \u00e7\u0131kabilir ancak mutlaka g\u00fcvenlik talimatlar\u0131na uyulmal\u0131d\u0131r, form\u00fclasyona genellikle ya\u011f faz\u0131na eklenir veya u\u00e7ucu ya\u011flarla kar\u0131\u015ft\u0131r\u0131ld\u0131ktan sonra su faz\u0131na dahil edilir ve homojen kar\u0131\u015f\u0131m i\u00e7in iyi \u015fekilde kar\u0131\u015ft\u0131r\u0131l\u0131r, \u00e7o\u011fu ya\u011f bazl\u0131 sistem ve em\u00fclsiyonla uyumludur, izin verilen oranlarda topikal kullan\u0131m i\u00e7in g\u00fcvenlidir ancak y\u00fcksek konsantrasyonlarda hassas ciltlerde tahri\u015fe neden olabilir.<\/p>\n","protected":false},"excerpt":{"rendered":"<p>&#8230;<\/p>\n","protected":false},"featured_media":7269,"comment_status":"closed","ping_status":"closed","template":"","meta":[],"etheme_brands":[],"product_brand":[],"product_cat":[259],"product_tag":[],"class_list":{"0":"post-7247","1":"product","2":"type-product","3":"status-publish","4":"has-post-thumbnail","6":"product_cat-ham-maddeler","8":"first","9":"instock","10":"taxable","11":"shipping-taxable","12":"purchasable","13":"product-type-variable"},"_links":{"self":[{"href":"https:\/\/kimyasalevi.com\/ar\/wp-json\/wp\/v2\/product\/7247","targetHints":{"allow":["GET"]}}],"collection":[{"href":"https:\/\/kimyasalevi.com\/ar\/wp-json\/wp\/v2\/product"}],"about":[{"href":"https:\/\/kimyasalevi.com\/ar\/wp-json\/wp\/v2\/types\/product"}],"replies":[{"embeddable":true,"href":"https:\/\/kimyasalevi.com\/ar\/wp-json\/wp\/v2\/comments?post=7247"}],"version-history":[{"count":1,"href":"https:\/\/kimyasalevi.com\/ar\/wp-json\/wp\/v2\/product\/7247\/revisions"}],"predecessor-version":[{"id":7272,"href":"https:\/\/kimyasalevi.com\/ar\/wp-json\/wp\/v2\/product\/7247\/revisions\/7272"}],"wp:featuredmedia":[{"embeddable":true,"href":"https:\/\/kimyasalevi.com\/ar\/wp-json\/wp\/v2\/media\/7269"}],"wp:attachment":[{"href":"https:\/\/kimyasalevi.com\/ar\/wp-json\/wp\/v2\/media?parent=7247"}],"wp:term":[{"taxonomy":"brand","embeddable":true,"href":"https:\/\/kimyasalevi.com\/ar\/wp-json\/wp\/v2\/etheme_brands?post=7247"},{"taxonomy":"product_brand","embeddable":true,"href":"https:\/\/kimyasalevi.com\/ar\/wp-json\/wp\/v2\/product_brand?post=7247"},{"taxonomy":"product_cat","embeddable":true,"href":"https:\/\/kimyasalevi.com\/ar\/wp-json\/wp\/v2\/product_cat?post=7247"},{"taxonomy":"product_tag","embeddable":true,"href":"https:\/\/kimyasalevi.com\/ar\/wp-json\/wp\/v2\/product_tag?post=7247"}],"curies":[{"name":"wp","href":"https:\/\/api.w.org\/{rel}","templated":true}]}}