{"id":7327,"date":"2026-02-20T11:57:41","date_gmt":"2026-02-20T11:57:41","guid":{"rendered":"https:\/\/kimyasalevi.com\/?post_type=product&#038;p=7327"},"modified":"2026-04-03T09:48:40","modified_gmt":"2026-04-03T09:48:40","slug":"118-magnesium-sulfate-magnezyum-sulfat","status":"publish","type":"product","link":"https:\/\/kimyasalevi.com\/ar\/product\/118-magnesium-sulfate-magnezyum-sulfat\/","title":{"rendered":"118 Magnesium sulfate &#8211; Magnezyum S\u00fclfat"},"content":{"rendered":"<div class=\"flex flex-col text-sm pb-25\">\n<article class=\"text-token-text-primary w-full focus:outline-none [--shadow-height:45px] has-data-writing-block:pointer-events-none has-data-writing-block:-mt-(--shadow-height) has-data-writing-block:pt-(--shadow-height) [&amp;:has([data-writing-block])&gt;*]:pointer-events-auto scroll-mt-[calc(var(--header-height)+min(200px,max(70px,20svh)))]\" dir=\"auto\" tabindex=\"-1\" data-turn-id=\"request-WEB:cd7e2ed8-5d0f-4a4e-a9b4-e2380e080061-3\" data-testid=\"conversation-turn-8\" data-scroll-anchor=\"true\" data-turn=\"assistant\">\n<div class=\"text-base my-auto mx-auto pb-10 [--thread-content-margin:--spacing(4)] @w-sm\/main:[--thread-content-margin:--spacing(6)] @w-lg\/main:[--thread-content-margin:--spacing(16)] px-(--thread-content-margin)\">\n<div class=\"[--thread-content-max-width:40rem] @w-lg\/main:[--thread-content-max-width:48rem] mx-auto max-w-(--thread-content-max-width) flex-1 group\/turn-messages focus-visible:outline-hidden relative flex w-full min-w-0 flex-col agent-turn\" tabindex=\"-1\">\n<div class=\"flex max-w-full flex-col grow\">\n<div class=\"min-h-8 text-message relative flex w-full flex-col items-end gap-2 text-start break-words whitespace-normal [.text-message+&amp;]:mt-1\" dir=\"auto\" data-message-author-role=\"assistant\" data-message-id=\"4502b94e-9180-4799-844d-fd3a560c4f44\" data-message-model-slug=\"gpt-5-2\">\n<div class=\"flex w-full flex-col gap-1 empty:hidden first:pt-[1px]\">\n<div class=\"markdown prose dark:prose-invert w-full wrap-break-word light markdown-new-styling\">\n<p data-start=\"0\" data-end=\"2182\" data-is-last-node=\"\" data-is-only-node=\"\">Magnesium Sulfate (Magnezyum S\u00fclfat \/ Epsom Tuzu) kozmetikte ve cilt\/sa\u00e7 bak\u0131m\u0131nda \u015fampuan ve sa\u00e7 kremlerinde k\u0131vam art\u0131r\u0131c\u0131 (thickener) olarak kullan\u0131l\u0131r, banyo tuzlar\u0131 ve v\u00fccut peeling \u00fcr\u00fcnlerine eklenerek cildi yat\u0131\u015ft\u0131r\u0131c\u0131 etki sa\u011flar ve krem ile jel form\u00fclasyonlar\u0131n\u0131n dokusunu iyile\u015ftirerek s\u0131v\u0131 \u00fcr\u00fcnlerde tortu olu\u015fumunu \u00f6nlemeye yard\u0131mc\u0131 olur. \u015eampuan ve sa\u00e7 kremi gibi s\u0131v\u0131 \u00fcr\u00fcnlerin yo\u011funlu\u011funu art\u0131r\u0131r, banyo s\u0131ras\u0131nda cilt \u00fczerinde rahatlat\u0131c\u0131 bir etki sa\u011flar ve form\u00fclasyonun genel stabilitesine katk\u0131da bulunur. Kullan\u0131m oran\u0131 genellikle \u00fcr\u00fcn tipine ba\u011fl\u0131 olarak %1\u20135 aras\u0131ndad\u0131r. Su faz\u0131nda \u00e7\u00f6z\u00fcnd\u00fcr\u00fclerek iyi \u015fekilde kar\u0131\u015ft\u0131r\u0131l\u0131r, so\u011fuk veya \u0131l\u0131k fazda eklenebilir ve etkinli\u011fini korumak i\u00e7in y\u00fcksek \u0131s\u0131ya ihtiya\u00e7 duymaz. \u00c7o\u011fu su bazl\u0131 ve em\u00fclsiyon sistemle uyumludur, topikal kullan\u0131m i\u00e7in g\u00fcvenlidir ve hassas ciltlerde kullan\u0131m \u00f6ncesi test yap\u0131lmas\u0131 \u00f6nerilir.<\/p>\n<\/div>\n<\/div>\n<\/div>\n<\/div>\n<\/div>\n<\/div>\n<\/article>\n<\/div>\n","protected":false},"excerpt":{"rendered":"<p>&#8230;<\/p>\n","protected":false},"featured_media":7330,"comment_status":"closed","ping_status":"closed","template":"","meta":[],"etheme_brands":[],"product_brand":[],"product_cat":[259],"product_tag":[],"class_list":{"0":"post-7327","1":"product","2":"type-product","3":"status-publish","4":"has-post-thumbnail","6":"product_cat-ham-maddeler","8":"first","9":"instock","10":"taxable","11":"shipping-taxable","12":"purchasable","13":"product-type-variable"},"_links":{"self":[{"href":"https:\/\/kimyasalevi.com\/ar\/wp-json\/wp\/v2\/product\/7327","targetHints":{"allow":["GET"]}}],"collection":[{"href":"https:\/\/kimyasalevi.com\/ar\/wp-json\/wp\/v2\/product"}],"about":[{"href":"https:\/\/kimyasalevi.com\/ar\/wp-json\/wp\/v2\/types\/product"}],"replies":[{"embeddable":true,"href":"https:\/\/kimyasalevi.com\/ar\/wp-json\/wp\/v2\/comments?post=7327"}],"version-history":[{"count":2,"href":"https:\/\/kimyasalevi.com\/ar\/wp-json\/wp\/v2\/product\/7327\/revisions"}],"predecessor-version":[{"id":7346,"href":"https:\/\/kimyasalevi.com\/ar\/wp-json\/wp\/v2\/product\/7327\/revisions\/7346"}],"wp:featuredmedia":[{"embeddable":true,"href":"https:\/\/kimyasalevi.com\/ar\/wp-json\/wp\/v2\/media\/7330"}],"wp:attachment":[{"href":"https:\/\/kimyasalevi.com\/ar\/wp-json\/wp\/v2\/media?parent=7327"}],"wp:term":[{"taxonomy":"brand","embeddable":true,"href":"https:\/\/kimyasalevi.com\/ar\/wp-json\/wp\/v2\/etheme_brands?post=7327"},{"taxonomy":"product_brand","embeddable":true,"href":"https:\/\/kimyasalevi.com\/ar\/wp-json\/wp\/v2\/product_brand?post=7327"},{"taxonomy":"product_cat","embeddable":true,"href":"https:\/\/kimyasalevi.com\/ar\/wp-json\/wp\/v2\/product_cat?post=7327"},{"taxonomy":"product_tag","embeddable":true,"href":"https:\/\/kimyasalevi.com\/ar\/wp-json\/wp\/v2\/product_tag?post=7327"}],"curies":[{"name":"wp","href":"https:\/\/api.w.org\/{rel}","templated":true}]}}