{"id":7347,"date":"2026-02-21T11:33:43","date_gmt":"2026-02-21T11:33:43","guid":{"rendered":"https:\/\/kimyasalevi.com\/?post_type=product&#038;p=7347"},"modified":"2026-05-08T11:28:00","modified_gmt":"2026-05-08T11:28:00","slug":"124-steareth-21","status":"publish","type":"product","link":"https:\/\/kimyasalevi.com\/ar\/product\/124-steareth-21\/","title":{"rendered":"124 Steareth 21"},"content":{"rendered":"<p>Steareth-21 kozmetikte ve cilt bak\u0131m\u0131nda kremler, losyonlar, serumlar ve su\/ya\u011f (O\/W) em\u00fclsiyonlar\u0131nda em\u00fclgat\u00f6r olarak kullan\u0131l\u0131r, ya\u011f ve su fazlar\u0131n\u0131 homojen \u015fekilde birle\u015ftirerek \u00fcr\u00fcn\u00fcn stabilitesini art\u0131r\u0131r ve uygulama s\u0131ras\u0131nda \u00fcr\u00fcne p\u00fcr\u00fczs\u00fcz, yumu\u015fak bir his kazand\u0131r\u0131r, form\u00fclasyonun ayr\u0131\u015fmas\u0131n\u0131 \u00f6nler ve cilde kolay yay\u0131lmas\u0131n\u0131 sa\u011flar, kullan\u0131m oran\u0131 genellikle \u00fcr\u00fcn tipine ve istenen em\u00fclgasyon g\u00fcc\u00fcne ba\u011fl\u0131 olarak %1 \u2013 %5 aras\u0131ndad\u0131r, form\u00fcl haz\u0131rlan\u0131rken ya\u011f faz\u0131na eklenir ve tam \u00e7\u00f6z\u00fcnme i\u00e7in gerekirse hafif\u00e7e \u0131s\u0131t\u0131l\u0131r, di\u011fer bile\u015fenlerle iyi \u015fekilde kar\u0131\u015ft\u0131r\u0131larak homojen bir em\u00fclsiyon elde edilir, \u00e7o\u011fu ya\u011f ve di\u011fer em\u00fclgat\u00f6rlerle uyumludur, izin verilen konsantrasyonlarda topikal kullan\u0131m i\u00e7in g\u00fcvenlidir ve genellikle ciltte tahri\u015fe neden olmaz.<\/p>\n","protected":false},"excerpt":{"rendered":"<p>&#8230;<\/p>\n","protected":false},"featured_media":7352,"comment_status":"closed","ping_status":"closed","template":"","meta":[],"etheme_brands":[],"product_brand":[],"product_cat":[259],"product_tag":[],"class_list":{"0":"post-7347","1":"product","2":"type-product","3":"status-publish","4":"has-post-thumbnail","6":"product_cat-ham-maddeler","8":"first","9":"instock","10":"taxable","11":"shipping-taxable","12":"purchasable","13":"product-type-variable"},"_links":{"self":[{"href":"https:\/\/kimyasalevi.com\/ar\/wp-json\/wp\/v2\/product\/7347","targetHints":{"allow":["GET"]}}],"collection":[{"href":"https:\/\/kimyasalevi.com\/ar\/wp-json\/wp\/v2\/product"}],"about":[{"href":"https:\/\/kimyasalevi.com\/ar\/wp-json\/wp\/v2\/types\/product"}],"replies":[{"embeddable":true,"href":"https:\/\/kimyasalevi.com\/ar\/wp-json\/wp\/v2\/comments?post=7347"}],"version-history":[{"count":1,"href":"https:\/\/kimyasalevi.com\/ar\/wp-json\/wp\/v2\/product\/7347\/revisions"}],"predecessor-version":[{"id":7354,"href":"https:\/\/kimyasalevi.com\/ar\/wp-json\/wp\/v2\/product\/7347\/revisions\/7354"}],"wp:featuredmedia":[{"embeddable":true,"href":"https:\/\/kimyasalevi.com\/ar\/wp-json\/wp\/v2\/media\/7352"}],"wp:attachment":[{"href":"https:\/\/kimyasalevi.com\/ar\/wp-json\/wp\/v2\/media?parent=7347"}],"wp:term":[{"taxonomy":"brand","embeddable":true,"href":"https:\/\/kimyasalevi.com\/ar\/wp-json\/wp\/v2\/etheme_brands?post=7347"},{"taxonomy":"product_brand","embeddable":true,"href":"https:\/\/kimyasalevi.com\/ar\/wp-json\/wp\/v2\/product_brand?post=7347"},{"taxonomy":"product_cat","embeddable":true,"href":"https:\/\/kimyasalevi.com\/ar\/wp-json\/wp\/v2\/product_cat?post=7347"},{"taxonomy":"product_tag","embeddable":true,"href":"https:\/\/kimyasalevi.com\/ar\/wp-json\/wp\/v2\/product_tag?post=7347"}],"curies":[{"name":"wp","href":"https:\/\/api.w.org\/{rel}","templated":true}]}}