{"id":7391,"date":"2026-02-23T06:35:42","date_gmt":"2026-02-23T06:35:42","guid":{"rendered":"https:\/\/kimyasalevi.com\/?post_type=product&#038;p=7391"},"modified":"2026-05-08T11:30:54","modified_gmt":"2026-05-08T11:30:54","slug":"131-pirokton-olamin-piroctone-olamine-octopirox","status":"publish","type":"product","link":"https:\/\/kimyasalevi.com\/ar\/product\/131-pirokton-olamin-piroctone-olamine-octopirox\/","title":{"rendered":"131 Pirokton Olamin &#8211; piroctone olamine &#8211; octopirox"},"content":{"rendered":"<p>Piroctone Olamine, kozmetik ve dermokozmetik sa\u00e7 bak\u0131m \u00fcr\u00fcnlerinde . \u00d6zellikle kepek kar\u015f\u0131t\u0131 \u015fampuanlar ve sa\u00e7 derisi tedavi \u00fcr\u00fcnlerinde Malassezia t\u00fcr\u00fc mantarlar\u0131n kontrol alt\u0131na al\u0131nmas\u0131na yard\u0131mc\u0131 olur ve sa\u00e7 derisinin mikrobiyal dengesini destekler. Ka\u015f\u0131nt\u0131, k\u0131zar\u0131kl\u0131k ve irritasyonu azaltarak sa\u00e7 derisinin genel sa\u011fl\u0131\u011f\u0131n\u0131 iyile\u015ftirir. Genellikle form\u00fclasyona ba\u011fl\u0131 olarak %0.1\u20131 oran\u0131nda kullan\u0131l\u0131r, su faz\u0131nda \u00e7\u00f6z\u00fcnd\u00fcr\u00fclerek so\u011fuk veya \u0131l\u0131k a\u015famada \u00fcr\u00fcne eklenir ve topikal kullan\u0131m i\u00e7in izin verilen konsantrasyonlarda g\u00fcvenli kabul edilir.<\/p>\n","protected":false},"excerpt":{"rendered":"<p>&#8230;<\/p>\n","protected":false},"featured_media":7396,"comment_status":"closed","ping_status":"closed","template":"","meta":[],"etheme_brands":[],"product_brand":[],"product_cat":[259],"product_tag":[],"class_list":{"0":"post-7391","1":"product","2":"type-product","3":"status-publish","4":"has-post-thumbnail","6":"product_cat-ham-maddeler","8":"first","9":"instock","10":"taxable","11":"shipping-taxable","12":"purchasable","13":"product-type-variable"},"_links":{"self":[{"href":"https:\/\/kimyasalevi.com\/ar\/wp-json\/wp\/v2\/product\/7391","targetHints":{"allow":["GET"]}}],"collection":[{"href":"https:\/\/kimyasalevi.com\/ar\/wp-json\/wp\/v2\/product"}],"about":[{"href":"https:\/\/kimyasalevi.com\/ar\/wp-json\/wp\/v2\/types\/product"}],"replies":[{"embeddable":true,"href":"https:\/\/kimyasalevi.com\/ar\/wp-json\/wp\/v2\/comments?post=7391"}],"version-history":[{"count":1,"href":"https:\/\/kimyasalevi.com\/ar\/wp-json\/wp\/v2\/product\/7391\/revisions"}],"predecessor-version":[{"id":7398,"href":"https:\/\/kimyasalevi.com\/ar\/wp-json\/wp\/v2\/product\/7391\/revisions\/7398"}],"wp:featuredmedia":[{"embeddable":true,"href":"https:\/\/kimyasalevi.com\/ar\/wp-json\/wp\/v2\/media\/7396"}],"wp:attachment":[{"href":"https:\/\/kimyasalevi.com\/ar\/wp-json\/wp\/v2\/media?parent=7391"}],"wp:term":[{"taxonomy":"brand","embeddable":true,"href":"https:\/\/kimyasalevi.com\/ar\/wp-json\/wp\/v2\/etheme_brands?post=7391"},{"taxonomy":"product_brand","embeddable":true,"href":"https:\/\/kimyasalevi.com\/ar\/wp-json\/wp\/v2\/product_brand?post=7391"},{"taxonomy":"product_cat","embeddable":true,"href":"https:\/\/kimyasalevi.com\/ar\/wp-json\/wp\/v2\/product_cat?post=7391"},{"taxonomy":"product_tag","embeddable":true,"href":"https:\/\/kimyasalevi.com\/ar\/wp-json\/wp\/v2\/product_tag?post=7391"}],"curies":[{"name":"wp","href":"https:\/\/api.w.org\/{rel}","templated":true}]}}