{"id":7407,"date":"2026-02-23T07:40:09","date_gmt":"2026-02-23T07:40:09","guid":{"rendered":"https:\/\/kimyasalevi.com\/?post_type=product&#038;p=7407"},"modified":"2026-05-08T11:32:32","modified_gmt":"2026-05-08T11:32:32","slug":"134-ceteareth-20-cs-20","status":"publish","type":"product","link":"https:\/\/kimyasalevi.com\/ar\/product\/134-ceteareth-20-cs-20\/","title":{"rendered":"134 ceteareth 20 &#8211; CS 20"},"content":{"rendered":"<div class=\"flex flex-col text-sm pb-25\">\n<article class=\"text-token-text-primary w-full focus:outline-none [--shadow-height:45px] has-data-writing-block:pointer-events-none has-data-writing-block:-mt-(--shadow-height) has-data-writing-block:pt-(--shadow-height) [&amp;:has([data-writing-block])&gt;*]:pointer-events-auto scroll-mt-[calc(var(--header-height)+min(200px,max(70px,20svh)))]\" dir=\"auto\" tabindex=\"-1\" data-turn-id=\"request-WEB:03be47bc-05e9-48ef-b1c7-bccc0b0a6f32-1\" data-testid=\"conversation-turn-4\" data-scroll-anchor=\"true\" data-turn=\"assistant\">\n<div class=\"text-base my-auto mx-auto pb-10 [--thread-content-margin:--spacing(4)] @w-sm\/main:[--thread-content-margin:--spacing(6)] @w-lg\/main:[--thread-content-margin:--spacing(16)] px-(--thread-content-margin)\">\n<div class=\"[--thread-content-max-width:40rem] @w-lg\/main:[--thread-content-max-width:48rem] mx-auto max-w-(--thread-content-max-width) flex-1 group\/turn-messages focus-visible:outline-hidden relative flex w-full min-w-0 flex-col agent-turn\" tabindex=\"-1\">\n<div class=\"flex max-w-full flex-col grow\">\n<div class=\"min-h-8 text-message relative flex w-full flex-col items-end gap-2 text-start break-words whitespace-normal [.text-message+&amp;]:mt-1\" dir=\"auto\" data-message-author-role=\"assistant\" data-message-id=\"d6ccc929-b7f5-493f-9709-cafaa6890cfe\" data-message-model-slug=\"gpt-5-2\">\n<div class=\"flex w-full flex-col gap-1 empty:hidden first:pt-[1px]\">\n<div class=\"markdown prose dark:prose-invert w-full wrap-break-word light markdown-new-styling\">\n<p data-start=\"0\" data-end=\"2849\" data-is-last-node=\"\" data-is-only-node=\"\"><strong data-start=\"0\" data-end=\"31\" data-is-only-node=\"\">Ceteareth-20 (Ceteareth-20)<\/strong> kozmetik ve dermokozmetik form\u00fclasyonlarda noniyonik bir y\u00fczey aktif madde ve em\u00fclgat\u00f6r olarak yayg\u0131n \u015fekilde kullan\u0131l\u0131r. \u00d6zellikle ya\u011f i\u00e7inde su (O\/W) em\u00fclsiyon sistemlerinde krem, losyon ve baz\u0131 serum form\u00fclasyonlar\u0131nda ya\u011f ve su fazlar\u0131n\u0131n stabil ve homojen \u015fekilde birle\u015fmesini sa\u011flar. Hidrofilik-lipofilik denge (HLB) de\u011feri sayesinde orta ve y\u00fcksek polariteli ya\u011f fazlar\u0131 ile etkili em\u00fclsifikasyon olu\u015fturur, \u00fcr\u00fcn stabilitesini art\u0131r\u0131r ve faz ayr\u0131\u015fmas\u0131n\u0131 \u00f6nler. Form\u00fclasyona sens\u00f6ryel olarak yumu\u015fak, kaygan ve kolay yay\u0131labilir bir doku kazand\u0131r\u0131r. Genellikle %1\u20135 konsantrasyon aral\u0131\u011f\u0131nda kullan\u0131l\u0131r; gerekli em\u00fclsifikasyon g\u00fcc\u00fcne ve ya\u011f faz\u0131 oran\u0131na ba\u011fl\u0131 olarak dozaj ayarlan\u0131r. \u00dcretim s\u0131ras\u0131nda ya\u011f faz\u0131na eklenir ve tam \u00e7\u00f6z\u00fcnme i\u00e7in kontroll\u00fc \u0131s\u0131tma (genellikle 60\u201375\u00b0C aral\u0131\u011f\u0131nda) uygulanabilir, ard\u0131ndan su faz\u0131 ile homojenizasyon yap\u0131larak stabil bir em\u00fclsiyon elde edilir. \u00c7o\u011fu kozmetik ya\u011f, ester ve yard\u0131mc\u0131 em\u00fclgat\u00f6r ile uyumludur, topikal kullan\u0131mda \u00f6nerilen konsantrasyonlarda g\u00fcvenli kabul edilir ve genellikle d\u00fc\u015f\u00fck irritasyon potansiyeline sahiptir.<\/p>\n<\/div>\n<\/div>\n<\/div>\n<\/div>\n<div class=\"z-0 flex min-h-[46px] justify-start\"><\/div>\n<\/div>\n<\/div>\n<\/article>\n<\/div>\n<div class=\"pointer-events-none h-px w-px absolute bottom-0\" aria-hidden=\"true\" data-edge=\"true\"><\/div>\n","protected":false},"excerpt":{"rendered":"<p>&#8230;<\/p>\n","protected":false},"featured_media":7413,"comment_status":"closed","ping_status":"closed","template":"","meta":[],"etheme_brands":[],"product_brand":[],"product_cat":[259],"product_tag":[],"class_list":{"0":"post-7407","1":"product","2":"type-product","3":"status-publish","4":"has-post-thumbnail","6":"product_cat-ham-maddeler","8":"first","9":"instock","10":"taxable","11":"shipping-taxable","12":"purchasable","13":"product-type-variable"},"_links":{"self":[{"href":"https:\/\/kimyasalevi.com\/ar\/wp-json\/wp\/v2\/product\/7407","targetHints":{"allow":["GET"]}}],"collection":[{"href":"https:\/\/kimyasalevi.com\/ar\/wp-json\/wp\/v2\/product"}],"about":[{"href":"https:\/\/kimyasalevi.com\/ar\/wp-json\/wp\/v2\/types\/product"}],"replies":[{"embeddable":true,"href":"https:\/\/kimyasalevi.com\/ar\/wp-json\/wp\/v2\/comments?post=7407"}],"version-history":[{"count":1,"href":"https:\/\/kimyasalevi.com\/ar\/wp-json\/wp\/v2\/product\/7407\/revisions"}],"predecessor-version":[{"id":7414,"href":"https:\/\/kimyasalevi.com\/ar\/wp-json\/wp\/v2\/product\/7407\/revisions\/7414"}],"wp:featuredmedia":[{"embeddable":true,"href":"https:\/\/kimyasalevi.com\/ar\/wp-json\/wp\/v2\/media\/7413"}],"wp:attachment":[{"href":"https:\/\/kimyasalevi.com\/ar\/wp-json\/wp\/v2\/media?parent=7407"}],"wp:term":[{"taxonomy":"brand","embeddable":true,"href":"https:\/\/kimyasalevi.com\/ar\/wp-json\/wp\/v2\/etheme_brands?post=7407"},{"taxonomy":"product_brand","embeddable":true,"href":"https:\/\/kimyasalevi.com\/ar\/wp-json\/wp\/v2\/product_brand?post=7407"},{"taxonomy":"product_cat","embeddable":true,"href":"https:\/\/kimyasalevi.com\/ar\/wp-json\/wp\/v2\/product_cat?post=7407"},{"taxonomy":"product_tag","embeddable":true,"href":"https:\/\/kimyasalevi.com\/ar\/wp-json\/wp\/v2\/product_tag?post=7407"}],"curies":[{"name":"wp","href":"https:\/\/api.w.org\/{rel}","templated":true}]}}