{"id":7424,"date":"2026-02-23T07:56:31","date_gmt":"2026-02-23T07:56:31","guid":{"rendered":"https:\/\/kimyasalevi.com\/?post_type=product&#038;p=7424"},"modified":"2026-05-08T11:46:27","modified_gmt":"2026-05-08T11:46:27","slug":"136-guar-gum-e412-kivam-artirici","status":"publish","type":"product","link":"https:\/\/kimyasalevi.com\/ar\/product\/136-guar-gum-e412-kivam-artirici\/","title":{"rendered":"136 GUAR GUM"},"content":{"rendered":"<p>Guar Gum (Guar Sak\u0131z\u0131) kozmetikte ve cilt\/sa\u00e7 bak\u0131m \u00fcr\u00fcnlerinde k\u0131vam art\u0131r\u0131c\u0131 ve reoloji d\u00fczenleyici olarak kullan\u0131l\u0131r; kremler, losyonlar, sa\u00e7 jelleri ve \u015fampuanlarda \u00fcr\u00fcn\u00fcn viskozitesini art\u0131r\u0131r, s\u0131v\u0131 form\u00fclasyonlar\u0131 stabilize eder ve uygulamada p\u00fcr\u00fczs\u00fcz, kaygan bir his sa\u011flar. \u00dcr\u00fcn\u00fcn dokusunu iyile\u015ftirir, homojen da\u011f\u0131l\u0131m\u0131 destekler, tortu veya \u00e7\u00f6kme olu\u015fumunu \u00f6nler ve kullan\u0131mda yumu\u015fakl\u0131k hissi verir. Kullan\u0131m oran\u0131 genellikle %0.1 \u2013 2\u2019dir ve \u00fcr\u00fcn tipine g\u00f6re ayarlan\u0131r. Su faz\u0131nda iyi kar\u0131\u015ft\u0131r\u0131larak \u00e7\u00f6z\u00fcl\u00fcr, so\u011fuk veya \u0131l\u0131k faza eklenebilir ve tam \u015fi\u015fme\/\u00e7\u00f6z\u00fcnme i\u00e7in yeterli s\u00fcre verilmelidir. \u00c7o\u011fu su bazl\u0131 ve em\u00fclsiyon sistemleriyle uyumludur, izin verilen konsantrasyonlarda topikal kullan\u0131m i\u00e7in g\u00fcvenlidir ve h\u0131zl\u0131 k\u0131vam art\u0131\u015f\u0131 yapabildi\u011finden kademeli eklenmesi \u00f6nerilir.<\/p>\n","protected":false},"excerpt":{"rendered":"<p>&#8230;<\/p>\n","protected":false},"featured_media":7430,"comment_status":"closed","ping_status":"closed","template":"","meta":[],"etheme_brands":[],"product_brand":[],"product_cat":[259],"product_tag":[],"class_list":{"0":"post-7424","1":"product","2":"type-product","3":"status-publish","4":"has-post-thumbnail","6":"product_cat-ham-maddeler","8":"first","9":"instock","10":"taxable","11":"shipping-taxable","12":"purchasable","13":"product-type-variable"},"_links":{"self":[{"href":"https:\/\/kimyasalevi.com\/ar\/wp-json\/wp\/v2\/product\/7424","targetHints":{"allow":["GET"]}}],"collection":[{"href":"https:\/\/kimyasalevi.com\/ar\/wp-json\/wp\/v2\/product"}],"about":[{"href":"https:\/\/kimyasalevi.com\/ar\/wp-json\/wp\/v2\/types\/product"}],"replies":[{"embeddable":true,"href":"https:\/\/kimyasalevi.com\/ar\/wp-json\/wp\/v2\/comments?post=7424"}],"version-history":[{"count":1,"href":"https:\/\/kimyasalevi.com\/ar\/wp-json\/wp\/v2\/product\/7424\/revisions"}],"predecessor-version":[{"id":7431,"href":"https:\/\/kimyasalevi.com\/ar\/wp-json\/wp\/v2\/product\/7424\/revisions\/7431"}],"wp:featuredmedia":[{"embeddable":true,"href":"https:\/\/kimyasalevi.com\/ar\/wp-json\/wp\/v2\/media\/7430"}],"wp:attachment":[{"href":"https:\/\/kimyasalevi.com\/ar\/wp-json\/wp\/v2\/media?parent=7424"}],"wp:term":[{"taxonomy":"brand","embeddable":true,"href":"https:\/\/kimyasalevi.com\/ar\/wp-json\/wp\/v2\/etheme_brands?post=7424"},{"taxonomy":"product_brand","embeddable":true,"href":"https:\/\/kimyasalevi.com\/ar\/wp-json\/wp\/v2\/product_brand?post=7424"},{"taxonomy":"product_cat","embeddable":true,"href":"https:\/\/kimyasalevi.com\/ar\/wp-json\/wp\/v2\/product_cat?post=7424"},{"taxonomy":"product_tag","embeddable":true,"href":"https:\/\/kimyasalevi.com\/ar\/wp-json\/wp\/v2\/product_tag?post=7424"}],"curies":[{"name":"wp","href":"https:\/\/api.w.org\/{rel}","templated":true}]}}