{"id":7474,"date":"2026-02-24T06:16:54","date_gmt":"2026-02-24T06:16:54","guid":{"rendered":"https:\/\/kimyasalevi.com\/?post_type=product&#038;p=7474"},"modified":"2026-05-08T12:19:29","modified_gmt":"2026-05-08T12:19:29","slug":"145-tranexamic-acid-traneksamik-asit","status":"publish","type":"product","link":"https:\/\/kimyasalevi.com\/ar\/product\/145-tranexamic-acid-traneksamik-asit\/","title":{"rendered":"145 TRANEXAMIC ACID &#8211; Traneksamik asit"},"content":{"rendered":"<div class=\"flex flex-col text-sm pb-25\">\n<article class=\"text-token-text-primary w-full focus:outline-none [--shadow-height:45px] has-data-writing-block:pointer-events-none has-data-writing-block:-mt-(--shadow-height) has-data-writing-block:pt-(--shadow-height) [&amp;:has([data-writing-block])&gt;*]:pointer-events-auto scroll-mt-[calc(var(--header-height)+min(200px,max(70px,20svh)))]\" dir=\"auto\" tabindex=\"-1\" data-turn-id=\"request-WEB:abdc7cae-784f-4ca1-99fb-1babe2938a5d-3\" data-testid=\"conversation-turn-8\" data-scroll-anchor=\"true\" data-turn=\"assistant\">\n<div class=\"text-base my-auto mx-auto pb-10 [--thread-content-margin:--spacing(4)] @w-sm\/main:[--thread-content-margin:--spacing(6)] @w-lg\/main:[--thread-content-margin:--spacing(16)] px-(--thread-content-margin)\">\n<div class=\"[--thread-content-max-width:40rem] @w-lg\/main:[--thread-content-max-width:48rem] mx-auto max-w-(--thread-content-max-width) flex-1 group\/turn-messages focus-visible:outline-hidden relative flex w-full min-w-0 flex-col agent-turn\" tabindex=\"-1\">\n<div class=\"flex max-w-full flex-col grow\">\n<div class=\"min-h-8 text-message relative flex w-full flex-col items-end gap-2 text-start break-words whitespace-normal [.text-message+&amp;]:mt-1\" dir=\"auto\" data-message-author-role=\"assistant\" data-message-id=\"636ffcdb-0211-455c-9f01-b3b5f95e356a\" data-message-model-slug=\"gpt-5-2\">\n<div class=\"flex w-full flex-col gap-1 empty:hidden first:pt-[1px]\">\n<div class=\"markdown prose dark:prose-invert w-full wrap-break-word dark markdown-new-styling\">\n<p data-start=\"0\" data-end=\"2505\" data-is-last-node=\"\" data-is-only-node=\"\">Traneksamik Asit (Tranexamic Acid) kozmetik form\u00fclasyonlarda hiperpigmentasyon ve cilt tonu d\u00fczensizliklerini hedefleyen etkili bir aktif bile\u015fendir. Serum ve kremlerde melanin sentez yollar\u0131n\u0131 bask\u0131layarak g\u00fcne\u015f, hormonlar veya inflamasyon kaynakl\u0131 koyu lekelerin g\u00f6r\u00fcn\u00fcm\u00fcn\u00fc azaltmaya yard\u0131mc\u0131 olur, cilt tonunu e\u015fitler ve ayd\u0131nl\u0131k bir g\u00f6r\u00fcn\u00fcm kazand\u0131r\u0131r. D\u00fczenli kullan\u0131mda leke g\u00f6r\u00fcn\u00fcm\u00fcnde azalma ve genel cilt homojenli\u011finde iyile\u015fme sa\u011flar. Tipik kullan\u0131m oran\u0131 form\u00fcl tipine ba\u011fl\u0131 olarak %2\u20135 aral\u0131\u011f\u0131ndad\u0131r. Suda \u00e7\u00f6z\u00fcn\u00fcr; aktif stabilitesini korumak i\u00e7in so\u011fuk fazda, sulu faza eklenerek homojen kar\u0131\u015f\u0131m sa\u011flanmal\u0131d\u0131r. \u00c7o\u011fu su bazl\u0131 ve em\u00fclsiyon sistemleriyle uyumludur, topikal kullan\u0131mda izin verilen konsantrasyonlarda g\u00fcvenlidir; ayd\u0131nlat\u0131c\u0131 \u00fcr\u00fcnlerle birlikte g\u00fcne\u015ften korunma \u00f6nerilir.<\/p>\n<\/div>\n<\/div>\n<\/div>\n<\/div>\n<\/div>\n<\/div>\n<\/article>\n<\/div>\n","protected":false},"excerpt":{"rendered":"<p>&#8230;<\/p>\n","protected":false},"featured_media":7478,"comment_status":"closed","ping_status":"closed","template":"","meta":[],"etheme_brands":[],"product_brand":[],"product_cat":[259],"product_tag":[],"class_list":{"0":"post-7474","1":"product","2":"type-product","3":"status-publish","4":"has-post-thumbnail","6":"product_cat-ham-maddeler","8":"first","9":"instock","10":"taxable","11":"shipping-taxable","12":"purchasable","13":"product-type-variable"},"_links":{"self":[{"href":"https:\/\/kimyasalevi.com\/ar\/wp-json\/wp\/v2\/product\/7474","targetHints":{"allow":["GET"]}}],"collection":[{"href":"https:\/\/kimyasalevi.com\/ar\/wp-json\/wp\/v2\/product"}],"about":[{"href":"https:\/\/kimyasalevi.com\/ar\/wp-json\/wp\/v2\/types\/product"}],"replies":[{"embeddable":true,"href":"https:\/\/kimyasalevi.com\/ar\/wp-json\/wp\/v2\/comments?post=7474"}],"version-history":[{"count":1,"href":"https:\/\/kimyasalevi.com\/ar\/wp-json\/wp\/v2\/product\/7474\/revisions"}],"predecessor-version":[{"id":7479,"href":"https:\/\/kimyasalevi.com\/ar\/wp-json\/wp\/v2\/product\/7474\/revisions\/7479"}],"wp:featuredmedia":[{"embeddable":true,"href":"https:\/\/kimyasalevi.com\/ar\/wp-json\/wp\/v2\/media\/7478"}],"wp:attachment":[{"href":"https:\/\/kimyasalevi.com\/ar\/wp-json\/wp\/v2\/media?parent=7474"}],"wp:term":[{"taxonomy":"brand","embeddable":true,"href":"https:\/\/kimyasalevi.com\/ar\/wp-json\/wp\/v2\/etheme_brands?post=7474"},{"taxonomy":"product_brand","embeddable":true,"href":"https:\/\/kimyasalevi.com\/ar\/wp-json\/wp\/v2\/product_brand?post=7474"},{"taxonomy":"product_cat","embeddable":true,"href":"https:\/\/kimyasalevi.com\/ar\/wp-json\/wp\/v2\/product_cat?post=7474"},{"taxonomy":"product_tag","embeddable":true,"href":"https:\/\/kimyasalevi.com\/ar\/wp-json\/wp\/v2\/product_tag?post=7474"}],"curies":[{"name":"wp","href":"https:\/\/api.w.org\/{rel}","templated":true}]}}