{"id":7480,"date":"2026-02-24T06:24:43","date_gmt":"2026-02-24T06:24:43","guid":{"rendered":"https:\/\/kimyasalevi.com\/?post_type=product&#038;p=7480"},"modified":"2026-04-17T12:10:53","modified_gmt":"2026-04-17T12:10:53","slug":"149-peg-150-distearate-eo-33","status":"publish","type":"product","link":"https:\/\/kimyasalevi.com\/ar\/product\/149-peg-150-distearate-eo-33\/","title":{"rendered":"149 PEG-150 DISTEARATE (EO 33)"},"content":{"rendered":"<div class=\"flex flex-col text-sm pb-25\">\n<article class=\"text-token-text-primary w-full focus:outline-none [--shadow-height:45px] has-data-writing-block:pointer-events-none has-data-writing-block:-mt-(--shadow-height) has-data-writing-block:pt-(--shadow-height) [&amp;:has([data-writing-block])&gt;*]:pointer-events-auto scroll-mt-[calc(var(--header-height)+min(200px,max(70px,20svh)))]\" dir=\"auto\" tabindex=\"-1\" data-turn-id=\"request-WEB:abdc7cae-784f-4ca1-99fb-1babe2938a5d-3\" data-testid=\"conversation-turn-8\" data-scroll-anchor=\"true\" data-turn=\"assistant\">\n<div class=\"text-base my-auto mx-auto pb-10 [--thread-content-margin:--spacing(4)] @w-sm\/main:[--thread-content-margin:--spacing(6)] @w-lg\/main:[--thread-content-margin:--spacing(16)] px-(--thread-content-margin)\">\n<div class=\"[--thread-content-max-width:40rem] @w-lg\/main:[--thread-content-max-width:48rem] mx-auto max-w-(--thread-content-max-width) flex-1 group\/turn-messages focus-visible:outline-hidden relative flex w-full min-w-0 flex-col agent-turn\" tabindex=\"-1\">\n<div class=\"flex max-w-full flex-col grow\">\n<div class=\"min-h-8 text-message relative flex w-full flex-col items-end gap-2 text-start break-words whitespace-normal [.text-message+&amp;]:mt-1\" dir=\"auto\" data-message-author-role=\"assistant\" data-message-id=\"636ffcdb-0211-455c-9f01-b3b5f95e356a\" data-message-model-slug=\"gpt-5-2\">\n<div class=\"flex w-full flex-col gap-1 empty:hidden first:pt-[1px]\">\n<div class=\"markdown prose dark:prose-invert w-full wrap-break-word dark markdown-new-styling\">\n<p data-start=\"0\" data-end=\"2505\" data-is-last-node=\"\" data-is-only-node=\"\">PEG-150 Distearate kozmetikte ve sa\u00e7 bak\u0131m \u00fcr\u00fcnlerinde em\u00fclsiyon stabilizat\u00f6r\u00fc ve k\u0131vam art\u0131r\u0131c\u0131 olarak kullan\u0131l\u0131r; kremler, losyonlar ve \u015fampuanlarda \u00fcr\u00fcn\u00fcn dokusunu iyile\u015ftirir, viskoziteyi art\u0131r\u0131r ve bile\u015fenlerin homojen da\u011f\u0131lmas\u0131n\u0131 sa\u011flar. Su ve ya\u011f fazlar\u0131n\u0131n stabil \u015fekilde birle\u015fmesine yard\u0131mc\u0131 olur, krem veya \u015fampuana p\u00fcr\u00fczs\u00fcz ve ak\u0131\u015fkan bir his kazand\u0131r\u0131r. Form\u00fclasyonun stabilitesini art\u0131rarak faz ayr\u0131m\u0131n\u0131 \u00f6nler ve \u00e7o\u011fu ya\u011f, parf\u00fcm ve do\u011fal i\u00e7erik ile uyumludur. Kullan\u0131m oran\u0131 genellikle %1 \u2013 5 olup istenen k\u0131vam ve \u00fcr\u00fcn tipine g\u00f6re ayarlan\u0131r. Su veya ya\u011f faz\u0131nda \u00e7\u00f6z\u00fclerek \u00fcr\u00fcne eklenir, homojen da\u011f\u0131l\u0131m i\u00e7in iyi kar\u0131\u015ft\u0131r\u0131l\u0131r ve gerekirse hafif \u0131s\u0131 ile eritilebilir, y\u00fcksek \u0131s\u0131ya ihtiya\u00e7 duymaz. \u00c7o\u011fu su bazl\u0131 ve em\u00fclsiyon sistemle uyumludur, topikal kullan\u0131m i\u00e7in g\u00fcvenlidir ve k\u0131vam ile stabiliteyi art\u0131rmak amac\u0131yla di\u011fer polimerler ve em\u00fclgat\u00f6rlerle birlikte kullan\u0131labilir.<\/p>\n<\/div>\n<\/div>\n<\/div>\n<\/div>\n<\/div>\n<\/div>\n<\/article>\n<\/div>\n","protected":false},"excerpt":{"rendered":"<p>&#8230;<\/p>\n","protected":false},"featured_media":7484,"comment_status":"closed","ping_status":"closed","template":"","meta":[],"etheme_brands":[],"product_brand":[],"product_cat":[259],"product_tag":[],"class_list":{"0":"post-7480","1":"product","2":"type-product","3":"status-publish","4":"has-post-thumbnail","6":"product_cat-ham-maddeler","8":"first","9":"instock","10":"taxable","11":"shipping-taxable","12":"purchasable","13":"product-type-variable"},"_links":{"self":[{"href":"https:\/\/kimyasalevi.com\/ar\/wp-json\/wp\/v2\/product\/7480","targetHints":{"allow":["GET"]}}],"collection":[{"href":"https:\/\/kimyasalevi.com\/ar\/wp-json\/wp\/v2\/product"}],"about":[{"href":"https:\/\/kimyasalevi.com\/ar\/wp-json\/wp\/v2\/types\/product"}],"replies":[{"embeddable":true,"href":"https:\/\/kimyasalevi.com\/ar\/wp-json\/wp\/v2\/comments?post=7480"}],"version-history":[{"count":1,"href":"https:\/\/kimyasalevi.com\/ar\/wp-json\/wp\/v2\/product\/7480\/revisions"}],"predecessor-version":[{"id":7485,"href":"https:\/\/kimyasalevi.com\/ar\/wp-json\/wp\/v2\/product\/7480\/revisions\/7485"}],"wp:featuredmedia":[{"embeddable":true,"href":"https:\/\/kimyasalevi.com\/ar\/wp-json\/wp\/v2\/media\/7484"}],"wp:attachment":[{"href":"https:\/\/kimyasalevi.com\/ar\/wp-json\/wp\/v2\/media?parent=7480"}],"wp:term":[{"taxonomy":"brand","embeddable":true,"href":"https:\/\/kimyasalevi.com\/ar\/wp-json\/wp\/v2\/etheme_brands?post=7480"},{"taxonomy":"product_brand","embeddable":true,"href":"https:\/\/kimyasalevi.com\/ar\/wp-json\/wp\/v2\/product_brand?post=7480"},{"taxonomy":"product_cat","embeddable":true,"href":"https:\/\/kimyasalevi.com\/ar\/wp-json\/wp\/v2\/product_cat?post=7480"},{"taxonomy":"product_tag","embeddable":true,"href":"https:\/\/kimyasalevi.com\/ar\/wp-json\/wp\/v2\/product_tag?post=7480"}],"curies":[{"name":"wp","href":"https:\/\/api.w.org\/{rel}","templated":true}]}}